{"id":24372,"date":"2025-07-21T18:45:24","date_gmt":"2025-07-21T21:45:24","guid":{"rendered":"https:\/\/hificlub.com.br\/loja\/?post_type=product&#038;p=24372"},"modified":"2026-03-03T22:15:36","modified_gmt":"2026-03-04T01:15:36","slug":"hifiman-jade-2-planar-magnetic-fone-de-ouvido","status":"publish","type":"product","link":"https:\/\/hificlub.com.br\/loja\/produto\/hifiman-jade-2-planar-magnetic-fone-de-ouvido\/","title":{"rendered":"HIFIMAN Jade 2 Planar Magnetic &#8211; Fone de Ouvido"},"content":{"rendered":"<p>O Jade II revisita o cl\u00e1ssico HiFiMan original com um palco sonoro expandido e mais envolvente, que coloca o ouvinte no melhor lugar da casa.<\/p>\n<p>O Jade II resume a velocidade eletrost\u00e1tica e o desempenho. Um driver de nanotecnologia de baixa distor\u00e7\u00e3o, medindo menos de 0,001 mm, acopla a distor\u00e7\u00e3o quase zero com uma resposta r\u00e1pida como um raio e um diafragma sem revestimento de part\u00edculas que fornece uma resposta extrema de alta frequ\u00eancia.<\/p>\n<p>A combina\u00e7\u00e3o de constru\u00e7\u00e3o leve em liga de alum\u00ednio, fones de ouvido acolchoados e um design de faixa de cabe\u00e7a h\u00edbrida garante um ajuste confort\u00e1vel, mesmo por longos per\u00edodos de tempo.<\/p>\n<p>Os detalhes de alta qualidade s\u00e3o destacados, oferecendo uma vis\u00e3o da m\u00fasica livre de qualquer reflexo, produzindo imagens precisas. O fone de ouvido \u00e9 extremamente leve e confort\u00e1vel, com belos detalhes em metal em cada fone. O\u00a0<strong>Jade II<\/strong>\u00a0\u00e9 um fone de ouvido eletrost\u00e1tico tecnologicamente superior que pode ser adquirido individualmente ou como parte de um sistema completo com amplificador externo.<\/p>\n<p>O\u00a0<strong>Jade II<\/strong>\u00a0\u00e9 sin\u00f4nimo de velocidade e desempenho eletrost\u00e1ticos. Um driver nanotecnol\u00f3gico de baixa distor\u00e7\u00e3o, medindo menos de 0,001 mm, combina distor\u00e7\u00e3o quase zero com uma resposta extremamente r\u00e1pida, e um diafragma revestido com nanopart\u00edculas que proporciona uma resposta de alta frequ\u00eancia extrema. Os diafragmas revestidos com nanopart\u00edculas proporcionam uma resposta de alta frequ\u00eancia estendida, revelando cada detalhe de uma m\u00fasica bem gravada. A combina\u00e7\u00e3o de constru\u00e7\u00e3o leve em liga de alum\u00ednio, fones de ouvido acolchoados e um design de tiara h\u00edbrida garante um ajuste confort\u00e1vel, mesmo por longos per\u00edodos.<\/p>\n<p>Quando\u00a0<strong>a HIFIMAN<\/strong>\u00a0lan\u00e7ou seu primeiro fone de ouvido eletrost\u00e1tico,\u00a0<strong>o Jade<\/strong>\u00a0, em 2008, ele rapidamente se tornou o favorito dos audi\u00f3filos e amantes da m\u00fasica, que se apaixonaram por seu campo sonoro expansivo natural.<\/p>\n<p>O novo <strong>Jade II<\/strong>\u00a0se baseia na reputa\u00e7\u00e3o do cl\u00e1ssico original com sonoridade aprimorada. Alcan\u00e7ando desde os graves mais profundos at\u00e9 90 kHz, os fones de ouvido ovais\u00a0<strong>da HIFIMAN<\/strong>\u00a0oferecem o tamanho m\u00e1ximo de diafragma para uma resposta de graves profunda e ressonante. Combinando distor\u00e7\u00e3o quase zero com uma resposta extremamente r\u00e1pida e um ambiente sonoro expandido e mais envolvente,\u00a0<strong>o Jade II<\/strong>\u00a0coloca o ouvinte no melhor lugar da casa!<\/p>\n","protected":false},"excerpt":{"rendered":"<p>O Jade II revisita o cl\u00e1ssico HiFiMan original com um palco sonoro expandido e mais envolvente, que coloca o ouvinte no melhor lugar da casa. O Jade II resume a velocidade eletrost\u00e1tica e o desempenho. Um driver de nanotecnologia de baixa distor\u00e7\u00e3o, medindo menos de 0,001 mm, acopla a distor\u00e7\u00e3o quase zero com uma resposta [&hellip;]<\/p>\n","protected":false},"featured_media":24373,"template":"","meta":{"_acf_changed":false},"product_brand":[],"product_cat":[89,107,262],"product_tag":[],"class_list":{"0":"post-24372","1":"product","2":"type-product","3":"status-publish","4":"has-post-thumbnail","6":"product_cat-acessorios","7":"product_cat-fones-de-ouvido","8":"product_cat-hifiman","10":"first","11":"instock","12":"sold-individually","13":"shipping-taxable","14":"purchasable","15":"product-type-simple"},"acf":[],"aioseo_notices":[],"_links":{"self":[{"href":"https:\/\/hificlub.com.br\/loja\/wp-json\/wp\/v2\/product\/24372","targetHints":{"allow":["GET"]}}],"collection":[{"href":"https:\/\/hificlub.com.br\/loja\/wp-json\/wp\/v2\/product"}],"about":[{"href":"https:\/\/hificlub.com.br\/loja\/wp-json\/wp\/v2\/types\/product"}],"wp:featuredmedia":[{"embeddable":true,"href":"https:\/\/hificlub.com.br\/loja\/wp-json\/wp\/v2\/media\/24373"}],"wp:attachment":[{"href":"https:\/\/hificlub.com.br\/loja\/wp-json\/wp\/v2\/media?parent=24372"}],"wp:term":[{"taxonomy":"product_brand","embeddable":true,"href":"https:\/\/hificlub.com.br\/loja\/wp-json\/wp\/v2\/product_brand?post=24372"},{"taxonomy":"product_cat","embeddable":true,"href":"https:\/\/hificlub.com.br\/loja\/wp-json\/wp\/v2\/product_cat?post=24372"},{"taxonomy":"product_tag","embeddable":true,"href":"https:\/\/hificlub.com.br\/loja\/wp-json\/wp\/v2\/product_tag?post=24372"}],"curies":[{"name":"wp","href":"https:\/\/api.w.org\/{rel}","templated":true}]}}