{"id":24363,"date":"2025-07-21T18:31:17","date_gmt":"2025-07-21T21:31:17","guid":{"rendered":"https:\/\/hificlub.com.br\/loja\/?post_type=product&#038;p=24363"},"modified":"2026-03-03T22:15:37","modified_gmt":"2026-03-04T01:15:37","slug":"hifiman-he6sehd-adaptor-planar-magnetic-fone-de-ouvido","status":"publish","type":"product","link":"https:\/\/hificlub.com.br\/loja\/produto\/hifiman-he6sehd-adaptor-planar-magnetic-fone-de-ouvido\/","title":{"rendered":"HIFIMAN HE6SE+HD Adaptor Planar Magnetic &#8211; Fone de Ouvido"},"content":{"rendered":"<p><span class=\"a-list-item\">Apresentando a tecnologia magn\u00e9tica plana propriet\u00e1ria da HIFIMAN, o HE6se V2 \u00e9 um fone de ouvido sem concess\u00f5es que proporciona uma reprodu\u00e7\u00e3o transparente e completamente natural das grava\u00e7\u00f5es mais complexas.<\/span><\/p>\n<p><span class=\"a-list-item\">O HE6se V2 \u00e9 \u00e1vido por pot\u00eancia, por isso \u00e9 importante combin\u00e1-lo com um amplificador que lhe forne\u00e7a uma sa\u00edda substancial, 2 watts por canal ou mais.<\/span><\/p>\n<p><span class=\"a-list-item\">Novos conectores de 3,5 mm e faixa de cabe\u00e7a: mais leves e ajust\u00e1veis para m\u00e1xima seguran\u00e7a, mesmo ap\u00f3s horas de uso; angulados em 10 graus para reduzir a press\u00e3o, garantindo uma conex\u00e3o duradoura entre o fone de ouvido e o cabo.<\/span><\/p>\n<p><span class=\"a-list-item\">Cabo de estoque premium: fornecido com um cabo de cobre cristalino e prata cristalina para transmiss\u00e3o de sinal ideal com perda de sinal quase zero.<\/span><\/p>\n<p><span class=\"a-list-item\">Almofadas auriculares confort\u00e1veis: para conforto incompar\u00e1vel durante longas sess\u00f5es de audi\u00e7\u00e3o, o HE6se V2 inclui o Focuspad patenteado da HIFIMAN com espuma de mem\u00f3ria envolvida por camadas externas de couro sint\u00e9tico e veludo macio que envolvem suavemente a orelha.<\/span><\/p>\n<p>O HiFIMAN HE6se \u00e9 uma nova vers\u00e3o do conhecido modelo HE6, que h\u00e1 alguns anos conquistou os cora\u00e7\u00f5es dos amantes de som intransigente e recebeu cr\u00edticas muito boas dos revisores, incluindo muitas pessoas at\u00e9 hoje consideradas os melhores fones de ouvido do mundo.<\/p>\n<p>O novo modelo apresenta um design t\u00edpico para HiFIMAN e materiais de alta qualidade, que se tornaram uma caracter\u00edstica da marca.<\/p>\n<p>Portanto, temos uma constru\u00e7\u00e3o s\u00f3lida com protetores de orelha redondos que s\u00e3o pendurados em uma faixa de cabe\u00e7a h\u00edbrida de couro e metal. A solu\u00e7\u00e3o utilizada permite um ajuste preciso e \u00e9 caracterizada pelo alto conforto de uso.<\/p>\n<p>O HE6se \u00e9 um modelo que n\u00e3o compromete a qualidade do som. A inten\u00e7\u00e3o do fabricante era criar fones de ouvido que proporcionassem um som claro e natural e atendessem \u00e0s expectativas dos usu\u00e1rios mais exigentes. Isso tamb\u00e9m aconteceu. Os dados fornecidos nas especifica\u00e7\u00f5es j\u00e1 s\u00e3o impressionantes. A resposta de frequ\u00eancia fecha na banda de 8 a 65.000 Hz. Gra\u00e7as a isso, o modelo HE6se fornece um baixo el\u00e1stico e baixo.<\/p>\n<p>O midrange limpo e detalhado faz com que os vocais soem incrivelmente naturais e fi\u00e9is. Toda a experi\u00eancia \u00e9 complementada por tons altos, que s\u00e3o muito detalhados. Como outros modelos, o HE6se tamb\u00e9m possui um palco sonoro rico e profundo. Gra\u00e7as a isso, os fones de ouvido s\u00e3o perfeitos para m\u00fasica ac\u00fastica, onde todos os instrumentos s\u00e3o tocados com a maior fidelidade poss\u00edvel.<\/p>\n<p>Os fones de ouvido HiFiMAN HE6se est\u00e3o &#8220;famintos por energia&#8221;, conforme o fabricante os descreveu. Apesar da imped\u00e2ncia relativamente baixa, que \u00e9 de 50 Ohm, alcan\u00e7amos possibilidades sonoras completas conectando-as a um amplificador de fone de ouvido com uma pot\u00eancia de sa\u00edda m\u00ednima de 2W por canal.<\/p>\n<p>O fabricante recomenda conectar os fones de ouvido a um amplificador est\u00e9reo gra\u00e7as ao adaptador dedicado (n\u00e3o inclu\u00eddo).<\/p>\n<p>A maior diferen\u00e7a do HE6 \u00e9 a nova faixa de cabe\u00e7a h\u00edbrida. O design \u00e9 leve e muito bem adaptado ao formato da cabe\u00e7a. Gra\u00e7as a isso, mesmo uma longa audi\u00e7\u00e3o de v\u00e1rias horas n\u00e3o ser\u00e1 cansativa. O fabricante tamb\u00e9m fez grandes mudan\u00e7as na constru\u00e7\u00e3o das pastilhas. A nova vers\u00e3o foi chamada FocusPad.<\/p>\n<p>O HiFiMAN usou espumas de mem\u00f3ria de forma que se adaptam muito bem ao formato dos ouvidos. O preenchimento das camadas externas das almofadas com um veludo macio que cobre os ouvidos proporciona conforto auditivo incompar\u00e1vel.<\/p>\n<p>Os transdutores eram feitos de uma membrana feita de filme de mylar coberto de um lado com uma camada de ouro puro, que era esticada entre duas folhas perfuradas de um \u00edm\u00e3 super forte. Do outro lado da membrana de mylar, h\u00e1 uma bobina ultrafina de nova gera\u00e7\u00e3o.<\/p>\n<p>O material mylar usado \u00e9 caracterizado por massa extremamente baixa e propriedades magn\u00e9ticas excepcionais, o que o torna \u00f3timo para transdutores magnetoel\u00e9tricos. Ele fornece um tempo de resposta muito baixo, o que \u00e9 muito importante para fones de ouvido.<\/p>\n<p>Os plugues de 3,5 mm s\u00e3o ajustados em um \u00e2ngulo de 10 graus, para garantir uma conex\u00e3o est\u00e1vel e dur\u00e1vel do cabo com os fones de ouvido.<\/p>\n<p>O HiFiMAN HE6se \u00e9 fornecido com o cabo XLR original. O kit tamb\u00e9m inclui um adaptador XLR para uma tomada grande de 6,35 mm.<\/p>\n<p>Gra\u00e7as ao uso de um condutor de cobre cristalino e embalagem cuidadosa, podemos ter certeza de que o sinal transmitido permanecer\u00e1 inalterado.<\/p>\n<p>&nbsp;<\/p>\n<p>&nbsp;<\/p>\n","protected":false},"excerpt":{"rendered":"<p>Apresentando a tecnologia magn\u00e9tica plana propriet\u00e1ria da HIFIMAN, o HE6se V2 \u00e9 um fone de ouvido sem concess\u00f5es que proporciona uma reprodu\u00e7\u00e3o transparente e completamente natural das grava\u00e7\u00f5es mais complexas. O HE6se V2 \u00e9 \u00e1vido por pot\u00eancia, por isso \u00e9 importante combin\u00e1-lo com um amplificador que lhe forne\u00e7a uma sa\u00edda substancial, 2 watts por canal [&hellip;]<\/p>\n","protected":false},"featured_media":24364,"template":"","meta":{"_acf_changed":false},"product_brand":[],"product_cat":[89,107,262],"product_tag":[],"class_list":{"0":"post-24363","1":"product","2":"type-product","3":"status-publish","4":"has-post-thumbnail","6":"product_cat-acessorios","7":"product_cat-fones-de-ouvido","8":"product_cat-hifiman","10":"first","11":"instock","12":"sold-individually","13":"shipping-taxable","14":"purchasable","15":"product-type-simple"},"acf":[],"aioseo_notices":[],"_links":{"self":[{"href":"https:\/\/hificlub.com.br\/loja\/wp-json\/wp\/v2\/product\/24363","targetHints":{"allow":["GET"]}}],"collection":[{"href":"https:\/\/hificlub.com.br\/loja\/wp-json\/wp\/v2\/product"}],"about":[{"href":"https:\/\/hificlub.com.br\/loja\/wp-json\/wp\/v2\/types\/product"}],"wp:featuredmedia":[{"embeddable":true,"href":"https:\/\/hificlub.com.br\/loja\/wp-json\/wp\/v2\/media\/24364"}],"wp:attachment":[{"href":"https:\/\/hificlub.com.br\/loja\/wp-json\/wp\/v2\/media?parent=24363"}],"wp:term":[{"taxonomy":"product_brand","embeddable":true,"href":"https:\/\/hificlub.com.br\/loja\/wp-json\/wp\/v2\/product_brand?post=24363"},{"taxonomy":"product_cat","embeddable":true,"href":"https:\/\/hificlub.com.br\/loja\/wp-json\/wp\/v2\/product_cat?post=24363"},{"taxonomy":"product_tag","embeddable":true,"href":"https:\/\/hificlub.com.br\/loja\/wp-json\/wp\/v2\/product_tag?post=24363"}],"curies":[{"name":"wp","href":"https:\/\/api.w.org\/{rel}","templated":true}]}}