{"id":24355,"date":"2025-07-21T18:16:40","date_gmt":"2025-07-21T21:16:40","guid":{"rendered":"https:\/\/hificlub.com.br\/loja\/?post_type=product&#038;p=24355"},"modified":"2026-03-03T22:15:37","modified_gmt":"2026-03-04T01:15:37","slug":"hifiman-he400s-planar-magnetic-fone-de-ouvido","status":"publish","type":"product","link":"https:\/\/hificlub.com.br\/loja\/produto\/hifiman-he400s-planar-magnetic-fone-de-ouvido\/","title":{"rendered":"HIFIMAN HE400S Planar Magnetic &#8211; Fone de Ouvido"},"content":{"rendered":"<p><strong><span>F\u00e1cil de Usar<\/span><\/strong><\/p>\n<p><span>Um dos fones planares mais eficientes do mundo! O mais novo HE400S da HIFIMAN soa incr\u00edvel no seu smartphone ou na maioria dos dispositivos de \u00e1udio port\u00e1teis.<\/span><\/p>\n<p><strong><span>Excelente qualidade de alta fidelidade<\/span><\/strong><\/p>\n<p><span>O HE400S oferece toda a clareza realista, detalhes, graves estendidos e amplo palco sonoro que os audi\u00f3filos esperam da HIFIMAN.<\/span><\/p>\n<p><strong><span>Longas horas de audi\u00e7\u00e3o confort\u00e1vel<\/span><\/strong><\/p>\n<p><span>Faixa de cabe\u00e7a inovadora e almofadas auriculares especialmente projetadas para um conforto extraordin\u00e1rio, permitindo que voc\u00ea curta sua m\u00fasica por horas a fio<\/span><\/p>\n<p><span>Leve: apenas 350g!<\/span><\/p>\n<p><strong><span>Por que escolher um fone de ouvido din\u00e2mico\u2026 quando voc\u00ea pode ter um planar?<\/span><\/strong><\/p>\n<p><span>Fones de ouvido din\u00e2micos utilizam condutores que vibram em \u00e1reas limitadas do diafragma. O resultado \u00e9 que uma grande porcentagem do diafragma n\u00e3o pode ser acionada diretamente por esses condutores.<\/span><\/p>\n<p><span>Fones de ouvido planares possuem camadas condutoras sobre quase todo o diafragma. A condu\u00e7\u00e3o uniforme desses condutores resulta em distor\u00e7\u00e3o significativamente menor do que a dos fones de ouvido din\u00e2micos convencionais.<\/span><\/p>\n<p><strong>Acess\u00f3rios<\/strong><\/p>\n<p><span>1. Adaptador de fone de ouvido de \u00bc\u201d (6,35 mm)<\/span><br \/>\n<span>2. Cabo de fone de ouvido (1,5 metro ou 4,9 p\u00e9s; plugue de 3,5 mm)<\/span><br \/>\n<span>3. Almofadas auriculares: 1 par (no fone de ouvido)<\/span><\/p>\n<p>&nbsp;<\/p>\n<p><a href=\"https:\/\/www.stereophile.com\/content\/terrific-hifiman-he400s-planar-magnetic-headphones\" target=\"_blank\" rel=\"noopener\"><img loading=\"lazy\" decoding=\"async\" class=\"alignnone wp-image-22926\" src=\"https:\/\/hificlub.com.br\/loja\/wp-content\/uploads\/2025\/06\/Stereophile-award.jpg\" alt=\"\" width=\"351\" height=\"60\" \/><\/a>\u00a0 \u00a0 <a href=\"https:\/\/www.theabsolutesound.com\/articles\/hifiman-introduces-he400s-full-size-planar-headphone\/\" target=\"_blank\" rel=\"noopener\"><img loading=\"lazy\" decoding=\"async\" class=\"alignnone wp-image-21153\" src=\"https:\/\/hificlub.com.br\/loja\/wp-content\/uploads\/2023\/10\/Absolute_Sound-Awards-9.jpg\" alt=\"\" width=\"98\" height=\"98\" srcset=\"https:\/\/hificlub.com.br\/loja\/wp-content\/uploads\/2023\/10\/Absolute_Sound-Awards-9.jpg 150w, https:\/\/hificlub.com.br\/loja\/wp-content\/uploads\/2023\/10\/Absolute_Sound-Awards-9-100x100.jpg 100w\" sizes=\"auto, (max-width: 98px) 100vw, 98px\" \/><\/a><\/p>\n","protected":false},"excerpt":{"rendered":"<p>F\u00e1cil de Usar Um dos fones planares mais eficientes do mundo! O mais novo HE400S da HIFIMAN soa incr\u00edvel no seu smartphone ou na maioria dos dispositivos de \u00e1udio port\u00e1teis. Excelente qualidade de alta fidelidade O HE400S oferece toda a clareza realista, detalhes, graves estendidos e amplo palco sonoro que os audi\u00f3filos esperam da HIFIMAN. [&hellip;]<\/p>\n","protected":false},"featured_media":24356,"template":"","meta":{"_acf_changed":false},"product_brand":[],"product_cat":[89,107,262],"product_tag":[],"class_list":{"0":"post-24355","1":"product","2":"type-product","3":"status-publish","4":"has-post-thumbnail","6":"product_cat-acessorios","7":"product_cat-fones-de-ouvido","8":"product_cat-hifiman","10":"first","11":"instock","12":"sold-individually","13":"shipping-taxable","14":"purchasable","15":"product-type-simple"},"acf":[],"aioseo_notices":[],"_links":{"self":[{"href":"https:\/\/hificlub.com.br\/loja\/wp-json\/wp\/v2\/product\/24355","targetHints":{"allow":["GET"]}}],"collection":[{"href":"https:\/\/hificlub.com.br\/loja\/wp-json\/wp\/v2\/product"}],"about":[{"href":"https:\/\/hificlub.com.br\/loja\/wp-json\/wp\/v2\/types\/product"}],"wp:featuredmedia":[{"embeddable":true,"href":"https:\/\/hificlub.com.br\/loja\/wp-json\/wp\/v2\/media\/24356"}],"wp:attachment":[{"href":"https:\/\/hificlub.com.br\/loja\/wp-json\/wp\/v2\/media?parent=24355"}],"wp:term":[{"taxonomy":"product_brand","embeddable":true,"href":"https:\/\/hificlub.com.br\/loja\/wp-json\/wp\/v2\/product_brand?post=24355"},{"taxonomy":"product_cat","embeddable":true,"href":"https:\/\/hificlub.com.br\/loja\/wp-json\/wp\/v2\/product_cat?post=24355"},{"taxonomy":"product_tag","embeddable":true,"href":"https:\/\/hificlub.com.br\/loja\/wp-json\/wp\/v2\/product_tag?post=24355"}],"curies":[{"name":"wp","href":"https:\/\/api.w.org\/{rel}","templated":true}]}}