{"id":24349,"date":"2025-07-21T17:57:43","date_gmt":"2025-07-21T20:57:43","guid":{"rendered":"https:\/\/hificlub.com.br\/loja\/?post_type=product&#038;p=24349"},"modified":"2025-09-02T21:31:10","modified_gmt":"2025-09-03T00:31:10","slug":"bluesound-node-2i-dac-reprodutor-de-streaming-de-musica-alta-resolucao-sem-fio","status":"publish","type":"product","link":"https:\/\/hificlub.com.br\/loja\/produto\/bluesound-node-2i-dac-reprodutor-de-streaming-de-musica-alta-resolucao-sem-fio\/","title":{"rendered":"BLUESOUND Node 2i  Streaming de M\u00fasica Alta Resolu\u00e7\u00e3o Sem Fio"},"content":{"rendered":"<p>O player NODE 2i traz o sistema operacional BluOS\u2122 para o seu sistema est\u00e9reo atual, permitindo que voc\u00ea explore um mundo totalmente novo de descoberta de m\u00fasica digital. Servi\u00e7os de streaming online, r\u00e1dio online e at\u00e9 mesmo sua pr\u00f3pria biblioteca de m\u00fasica digital, que est\u00e1 aprisionada em um computador, smartphone ou unidade externa (at\u00e9 mesmo um pendrive) \u2014 as op\u00e7\u00f5es de reprodu\u00e7\u00e3o se tornam infinitas.<\/p>\n<p>O transmissor de m\u00fasica sem fio NODE 2i se conecta facilmente a qualquer sistema est\u00e9reo atual para desbloquear e descobrir um universo de streaming de \u00e1udio. O NODE 2i conecta seu equipamento de \u00e1udio a servi\u00e7os de streaming online, r\u00e1dio online e at\u00e9 mesmo \u00e0 sua pr\u00f3pria biblioteca de m\u00fasica digital. O NODE 2i traz \u00e1udio de alta resolu\u00e7\u00e3o para qualquer sistema de som.<\/p>\n<p class=\"a-spacing-mini a-color-secondary a-text-italic\"><strong>Transmissor de m\u00fasica de alta resolu\u00e7\u00e3o sem fio para v\u00e1rios ambientes<\/strong><\/p>\n<p class=\"a-spacing-base\">Conecte facilmente o NODE 2i a qualquer sistema est\u00e9reo existente para desbloquear e descobrir um universo de streaming de \u00e1udio. Com op\u00e7\u00f5es de entrada\/sa\u00edda anal\u00f3gicas e digitais mais do que suficientes para agradar ao audi\u00f3filo mais dedicado, o NODE 2i conecta seu equipamento a todas as m\u00fasicas j\u00e1 gravadas. Servi\u00e7os de streaming online, r\u00e1dio na internet e at\u00e9 mesmo sua pr\u00f3pria biblioteca de m\u00fasica digital armazenada em um computador, smartphone ou disco externo \u2014 o NODE 2i traz infinitas op\u00e7\u00f5es de reprodu\u00e7\u00e3o para o seu pr\u00f3prio dom\u00ednio sonoro de alta fidelidade.<\/p>\n<p><span class=\"a-list-item\"><span class=\"a-size-base\">Com op\u00e7\u00f5es de entrada\/sa\u00edda digital e anal\u00f3gica, mini conector est\u00e9reo para fone de ouvido, subwoofer RCA mono.<\/span><\/span><\/p>\n<p><span class=\"a-list-item\"><span class=\"a-size-base\">Transmita m\u00fasica perfeitamente de um CD player ou toca-discos atrav\u00e9s do NODE 2i para outros Bluesound Players.<\/span><\/span><\/p>\n<p><span class=\"a-list-item\"><span class=\"a-size-base\">Configura\u00e7\u00e3o simples diretamente no aplicativo BluOS Controller de f\u00e1cil utiliza\u00e7\u00e3o.<\/span><\/span><\/p>\n<p><span class=\"a-list-item\"><span class=\"a-size-base\">Acesse e transmita esta\u00e7\u00f5es de r\u00e1dio da Internet, servi\u00e7os de m\u00fasica em nuvem e sua pr\u00f3pria biblioteca de m\u00fasica local para v\u00e1rios Bluesound Players.<\/span><\/span><\/p>\n<p><span class=\"a-list-item\"><span class=\"a-size-base\">Controle a m\u00fasica sem fio com o aplicativo intuitivo BluOS Controller.<\/span><\/span><\/p>\n<p><span class=\"a-list-item\"><span class=\"a-size-base\">Pe\u00e7a para Alexa tocar m\u00fasicas dos principais servi\u00e7os de streaming de m\u00fasica da atualidade, incluindo Amazon Music e Tidal.<\/span><\/span><\/p>\n<p><span class=\"a-list-item\"><span class=\"a-size-base\">Transmita m\u00fasicas e podcasts de seus dispositivos Apple com o AirPlay 2.<\/span><\/span><\/p>\n<p class=\"a-spacing-mini\"><strong>Leve seu Wi-Fi HIFI<\/strong><\/p>\n<p>O NODE 2i possui Wi-Fi de banda dupla aprimorado, que oferece o melhor desempenho da categoria, mesmo em espa\u00e7os a\u00e9reos congestionados. Com Bluetooth de \u00faltima gera\u00e7\u00e3o, alimentado pelo codec aptX HD da Qualcomm, o NODE 2i suporta facilmente streaming de 24 bits diretamente do seu celular ou tablet, al\u00e9m de enviar m\u00fasicas com qualidade de est\u00fadio para fones de ouvido e alto-falantes Bluetooth. A tecnologia DAC de ponta incorporada a cada Bluesound Player permite que o NODE 2i decodifique e transmita arquivos MQA em toda a sua gl\u00f3ria sem perdas.<\/p>\n<p class=\"a-spacing-mini\"><strong>Liberte sua m\u00fasica<\/strong><\/p>\n<p>Com uma variedade de op\u00e7\u00f5es de entrada e sa\u00edda anal\u00f3gicas e digitais, o NODE 2i oferece infinitas op\u00e7\u00f5es de reprodu\u00e7\u00e3o para dominar seu dom\u00ednio sonoro. Com a capacidade de se conectar a um CD player ou toca-discos, o NODE 2i garante que sua cole\u00e7\u00e3o f\u00edsica de m\u00fasicas continue prosperando. Transmita facilmente suas faixas favoritas da fonte de sua escolha e ou\u00e7a-as em qualquer lugar da casa.<\/p>\n<p class=\"a-spacing-mini\"><strong>Toda a m\u00fasica j\u00e1 gravada<\/strong><\/p>\n<p>O NODE 2i \u00e9 um dos streamers mais flex\u00edveis de todos os tempos. Servi\u00e7os premium de m\u00fasica em alta resolu\u00e7\u00e3o, como TIDAL, Spotify e Qobuz, bem como praticamente todos os outros servi\u00e7os de m\u00fasica populares e esta\u00e7\u00f5es de r\u00e1dio online, podem ser encontrados diretamente no aplicativo BluOS Controller. Acesse seus downloads, sua biblioteca do iTunes e qualquer outro conte\u00fado de um drive NAS, tudo sem precisar ligar o computador.<\/p>\n<p>&nbsp;<\/p>\n<p><a href=\"https:\/\/www.whathifi.com\/reviews\/bluesound-node-2i\" target=\"_blank\" rel=\"noopener\"><img loading=\"lazy\" decoding=\"async\" class=\"alignnone wp-image-20956\" src=\"https:\/\/hificlub.com.br\/loja\/wp-content\/uploads\/2023\/10\/what-hifi-awards-13.png\" alt=\"\" width=\"197\" height=\"100\" srcset=\"https:\/\/hificlub.com.br\/loja\/wp-content\/uploads\/2023\/10\/what-hifi-awards-13.png 316w, https:\/\/hificlub.com.br\/loja\/wp-content\/uploads\/2023\/10\/what-hifi-awards-13-300x152.png 300w\" sizes=\"auto, (max-width: 197px) 100vw, 197px\" \/><\/a>\u00a0 \u00a0 <a href=\"https:\/\/www.theabsolutesound.com\/articles\/bluesound-node-2i-wireless-multi-room-high-res-music-streamer\/\" target=\"_blank\" rel=\"noopener\"><img loading=\"lazy\" decoding=\"async\" class=\"alignnone wp-image-22935\" src=\"https:\/\/hificlub.com.br\/loja\/wp-content\/uploads\/2025\/06\/The-absolute-sound-award.jpg\" alt=\"\" width=\"401\" height=\"100\" srcset=\"https:\/\/hificlub.com.br\/loja\/wp-content\/uploads\/2025\/06\/The-absolute-sound-award.jpg 325w, https:\/\/hificlub.com.br\/loja\/wp-content\/uploads\/2025\/06\/The-absolute-sound-award-300x75.jpg 300w\" sizes=\"auto, (max-width: 401px) 100vw, 401px\" \/><\/a><\/p>\n<p>&nbsp;<\/p>\n","protected":false},"excerpt":{"rendered":"<p>O player NODE 2i traz o sistema operacional BluOS\u2122 para o seu sistema est\u00e9reo atual, permitindo que voc\u00ea explore um mundo totalmente novo de descoberta de m\u00fasica digital. Servi\u00e7os de streaming online, r\u00e1dio online e at\u00e9 mesmo sua pr\u00f3pria biblioteca de m\u00fasica digital, que est\u00e1 aprisionada em um computador, smartphone ou unidade externa (at\u00e9 mesmo [&hellip;]<\/p>\n","protected":false},"featured_media":24350,"template":"","meta":{"_acf_changed":false},"product_brand":[],"product_cat":[239,41,142],"product_tag":[],"class_list":{"0":"post-24349","1":"product","2":"type-product","3":"status-publish","4":"has-post-thumbnail","6":"product_cat-bluesound","7":"product_cat-digital","8":"product_cat-streamers","10":"first","11":"instock","12":"sold-individually","13":"shipping-taxable","14":"purchasable","15":"product-type-simple"},"acf":[],"aioseo_notices":[],"_links":{"self":[{"href":"https:\/\/hificlub.com.br\/loja\/wp-json\/wp\/v2\/product\/24349","targetHints":{"allow":["GET"]}}],"collection":[{"href":"https:\/\/hificlub.com.br\/loja\/wp-json\/wp\/v2\/product"}],"about":[{"href":"https:\/\/hificlub.com.br\/loja\/wp-json\/wp\/v2\/types\/product"}],"wp:featuredmedia":[{"embeddable":true,"href":"https:\/\/hificlub.com.br\/loja\/wp-json\/wp\/v2\/media\/24350"}],"wp:attachment":[{"href":"https:\/\/hificlub.com.br\/loja\/wp-json\/wp\/v2\/media?parent=24349"}],"wp:term":[{"taxonomy":"product_brand","embeddable":true,"href":"https:\/\/hificlub.com.br\/loja\/wp-json\/wp\/v2\/product_brand?post=24349"},{"taxonomy":"product_cat","embeddable":true,"href":"https:\/\/hificlub.com.br\/loja\/wp-json\/wp\/v2\/product_cat?post=24349"},{"taxonomy":"product_tag","embeddable":true,"href":"https:\/\/hificlub.com.br\/loja\/wp-json\/wp\/v2\/product_tag?post=24349"}],"curies":[{"name":"wp","href":"https:\/\/api.w.org\/{rel}","templated":true}]}}