{"id":24342,"date":"2025-07-21T17:36:33","date_gmt":"2025-07-21T20:36:33","guid":{"rendered":"https:\/\/hificlub.com.br\/loja\/?post_type=product&#038;p=24342"},"modified":"2025-09-05T05:27:36","modified_gmt":"2025-09-05T08:27:36","slug":"ps-audio-nuwave-dac-processador-digital-para-analogico","status":"publish","type":"product","link":"https:\/\/hificlub.com.br\/loja\/produto\/ps-audio-nuwave-dac-processador-digital-para-analogico\/","title":{"rendered":"PS AUDIO Nuwave DAC &#8211; Processador Digital para Anal\u00f3gico"},"content":{"rendered":"<p><strong>Um DAC ass\u00edncrono acess\u00edvel e sem concess\u00f5es<\/strong><\/p>\n<p><strong>Constru\u00eddo em Boulder<\/strong><\/p>\n<p>O NuWave DAC \u00e9 um processador digital para anal\u00f3gico de ponta acess\u00edvel. Baseado em nossa aclamada s\u00e9rie PerfectWave, o NWD aceita entradas de qualquer fonte digital, incluindo USB (at\u00e9 192 kHz ass\u00edncrono de 24 bits) do seu computador e se conecta ao pr\u00e9-amplificador do seu sistema com conex\u00f5es single-ended (RCA) ou balanceadas (XLR).<\/p>\n<p><strong>Trabalhar por Amor<\/strong><\/p>\n<p>Uma vez fisicamente conectado \u00e0s fontes, a etapa final \u00e9 configurar um software. A PS Audio afirma que o NuWave funciona de forma plug-and-play com um computador Mac, mas sistemas baseados em Windows exigem um pouco mais de interven\u00e7\u00e3o humana. Primeiro, um driver deve ser baixado do site da PS Audio e salvo no computador. Uma vez instalado, uma r\u00e1pida visita \u00e0s configura\u00e7\u00f5es de &#8220;Som&#8221; do painel de controle do Windows 7 oferece o DAC PS Audio como uma op\u00e7\u00e3o de sa\u00edda. Um clique com o bot\u00e3o direito do mouse permite que o usu\u00e1rio torne o NuWave o receptor padr\u00e3o do sinal de \u00e1udio.<\/p>\n<p>Ap\u00f3s a conclus\u00e3o, o JRiver tamb\u00e9m precisa de um pequeno ajuste. Clicando no menu Player e selecionando &#8220;Op\u00e7\u00f5es de Reprodu\u00e7\u00e3o&#8221;, uma janela se abre permitindo que o usu\u00e1rio fa\u00e7a mais algumas pequenas altera\u00e7\u00f5es. O menu suspenso &#8220;Dispositivo de Reprodu\u00e7\u00e3o&#8221; permite que o usu\u00e1rio selecione o NuWave como padr\u00e3o para sa\u00edda de m\u00fasica. Na mesma janela, selecionei um tamanho de buffer maior do que a configura\u00e7\u00e3o padr\u00e3o para incentivar e manter a melhor qualidade de streaming. Aceitando essas altera\u00e7\u00f5es e fechando as janelas de configura\u00e7\u00e3o, a \u00fanica etapa restante \u00e9 selecionar qual m\u00fasica ouvir.<\/p>\n<p><strong>N\u00f3s temos a batida<\/strong><\/p>\n<p>Os testes come\u00e7am com arquivos de origem com qualidade de CD. Seguindo o esp\u00edrito do tema desta an\u00e1lise, parece justo come\u00e7ar com &#8220;Heart of Glass&#8221;, do Blondie, que muitos consideram a primeira m\u00fasica verdadeiramente New Wave. Dada a idade da grava\u00e7\u00e3o e as limita\u00e7\u00f5es do CD de um sinal de 16 bits\/44,1 kHz, o palco sonoro da direita para a esquerda supera minhas expectativas, estendendo-se muito al\u00e9m dos limites dos alto-falantes. A sobreposi\u00e7\u00e3o de sons da frente para tr\u00e1s \u00e9 razo\u00e1vel; no entanto, n\u00e3o \u00e9 o ponto forte do NuWave. A voz de Debbie Harry est\u00e1 embutida na mixagem e, quando combinada com as guitarras e a bateria, o resultado permanece em grande parte bidimensional. Essa caracter\u00edstica parece consistente em todas as minhas faixas de teste no Redbook CD.<\/p>\n<p><strong>Rock This Town<\/strong><\/p>\n<p>O vocalista do Stray Cats, Brian Setzer, e sua orquestra oferecem um bom teste para a representa\u00e7\u00e3o sonora de guitarras, bateria e instrumentos de sopro. Seu remake de &#8220;Rock This Town&#8221; oferece uma qualidade de grava\u00e7\u00e3o significativamente mais refinada do que a original, embora ainda limitada \u00e0 qualidade de um CD. O NuWave captura toda a energia e emo\u00e7\u00e3o da apresenta\u00e7\u00e3o.<\/p>\n<p>O processo de decodifica\u00e7\u00e3o do NuWave torna a m\u00fasica agrad\u00e1vel e sem fadiga. No entanto, essa caracter\u00edstica existe \u00e0 custa de alguns detalhes. Em compara\u00e7\u00e3o com outros DACs mais caros dispon\u00edveis, a amadeirada dos saxofones diminui. Os graves, embora bastante profundos, n\u00e3o s\u00e3o t\u00e3o precisos. Da mesma forma, os sons complexos dos pratos s\u00e3o truncados em um grau significativo em compara\u00e7\u00e3o com o impacto, o timbre e o decaimento que estou acostumado a ouvir. Os vocais s\u00e3o um pouco quentes na mistura. Mas, considerando o pre\u00e7o de US$ 995 do NuWave, essas s\u00e3o queixas relativamente pequenas, considerando o que voc\u00ea\u00a0<em>recebe<\/em>\u00a0. Especialmente em termos de pre\u00e7o-desempenho, o PS Audio faz um \u00f3timo trabalho e tem a delicadeza necess\u00e1ria para prender a aten\u00e7\u00e3o do ouvinte por horas a fio.<\/p>\n<p>&nbsp;<\/p>\n<p><a href=\"https:\/\/www.audiophile.no\/en\/news\/item\/1819-nuwave-dsd-en\" target=\"_blank\" rel=\"noopener\"><img loading=\"lazy\" decoding=\"async\" class=\"alignnone wp-image-24346\" src=\"https:\/\/hificlub.com.br\/loja\/wp-content\/uploads\/2025\/07\/Audiophile.no-award.jpg\" alt=\"\" width=\"463\" height=\"71\" srcset=\"https:\/\/hificlub.com.br\/loja\/wp-content\/uploads\/2025\/07\/Audiophile.no-award.jpg 450w, https:\/\/hificlub.com.br\/loja\/wp-content\/uploads\/2025\/07\/Audiophile.no-award-300x46.jpg 300w\" sizes=\"auto, (max-width: 463px) 100vw, 463px\" \/><\/a>\u00a0 \u00a0 <a href=\"https:\/\/highfidelity.pl\/@main-702&amp;lang=en\" target=\"_blank\" rel=\"noopener\"><img loading=\"lazy\" decoding=\"async\" class=\"alignnone wp-image-24347\" src=\"https:\/\/hificlub.com.br\/loja\/wp-content\/uploads\/2025\/07\/High-Fidelity-Magazine-award.jpg\" alt=\"\" width=\"369\" height=\"69\" srcset=\"https:\/\/hificlub.com.br\/loja\/wp-content\/uploads\/2025\/07\/High-Fidelity-Magazine-award.jpg 503w, https:\/\/hificlub.com.br\/loja\/wp-content\/uploads\/2025\/07\/High-Fidelity-Magazine-award-300x56.jpg 300w\" sizes=\"auto, (max-width: 369px) 100vw, 369px\" \/><\/a><\/p>\n","protected":false},"excerpt":{"rendered":"<p>Um DAC ass\u00edncrono acess\u00edvel e sem concess\u00f5es Constru\u00eddo em Boulder O NuWave DAC \u00e9 um processador digital para anal\u00f3gico de ponta acess\u00edvel. Baseado em nossa aclamada s\u00e9rie PerfectWave, o NWD aceita entradas de qualquer fonte digital, incluindo USB (at\u00e9 192 kHz ass\u00edncrono de 24 bits) do seu computador e se conecta ao pr\u00e9-amplificador do seu [&hellip;]<\/p>\n","protected":false},"featured_media":24343,"template":"","meta":{"_acf_changed":false},"product_brand":[],"product_cat":[43,41,54],"product_tag":[],"class_list":{"0":"post-24342","1":"product","2":"type-product","3":"status-publish","4":"has-post-thumbnail","6":"product_cat-dac","7":"product_cat-digital","8":"product_cat-ps-audio","10":"first","11":"instock","12":"sold-individually","13":"shipping-taxable","14":"purchasable","15":"product-type-simple"},"acf":[],"aioseo_notices":[],"_links":{"self":[{"href":"https:\/\/hificlub.com.br\/loja\/wp-json\/wp\/v2\/product\/24342","targetHints":{"allow":["GET"]}}],"collection":[{"href":"https:\/\/hificlub.com.br\/loja\/wp-json\/wp\/v2\/product"}],"about":[{"href":"https:\/\/hificlub.com.br\/loja\/wp-json\/wp\/v2\/types\/product"}],"wp:featuredmedia":[{"embeddable":true,"href":"https:\/\/hificlub.com.br\/loja\/wp-json\/wp\/v2\/media\/24343"}],"wp:attachment":[{"href":"https:\/\/hificlub.com.br\/loja\/wp-json\/wp\/v2\/media?parent=24342"}],"wp:term":[{"taxonomy":"product_brand","embeddable":true,"href":"https:\/\/hificlub.com.br\/loja\/wp-json\/wp\/v2\/product_brand?post=24342"},{"taxonomy":"product_cat","embeddable":true,"href":"https:\/\/hificlub.com.br\/loja\/wp-json\/wp\/v2\/product_cat?post=24342"},{"taxonomy":"product_tag","embeddable":true,"href":"https:\/\/hificlub.com.br\/loja\/wp-json\/wp\/v2\/product_tag?post=24342"}],"curies":[{"name":"wp","href":"https:\/\/api.w.org\/{rel}","templated":true}]}}