{"id":24332,"date":"2025-07-21T12:02:35","date_gmt":"2025-07-21T15:02:35","guid":{"rendered":"https:\/\/hificlub.com.br\/loja\/?post_type=product&#038;p=24332"},"modified":"2026-03-03T22:15:37","modified_gmt":"2026-03-04T01:15:37","slug":"hifiman-he1000-se-planar-magnetic-fone-de-ouvido","status":"publish","type":"product","link":"https:\/\/hificlub.com.br\/loja\/produto\/hifiman-he1000-se-planar-magnetic-fone-de-ouvido\/","title":{"rendered":"HIFIMAN HE1000 SE Planar Magnetic &#8211; Fone de Ouvido"},"content":{"rendered":"<p class=\"a-spacing-mini\"><strong>HE1000 Fones de ouvido magn\u00e9ticos planares com \u00edm\u00e3 furtivo<\/strong><\/p>\n<p class=\"a-spacing-base\">Primeiro diafragma do mundo em espessura nanom\u00e9trica \u00edm\u00e3 oculto ac\u00fastico invis\u00edvel circuito magn\u00e9tico assim\u00e9trico avan\u00e7ado. Sistema patenteado de &#8220;persiana de janela&#8221; artesanato requintado.<\/p>\n<p class=\"a-spacing-mini\"><strong>Diafragma de Espessura do Nan\u00f4metro<\/strong><\/p>\n<p>No HE1000, o filme que usamos \u00e9 t\u00e3o fino que \u00e9 um diafragma de espessura nanom\u00e9trica que \u00e9 uma tecnologia inovadora desenvolvida pela HIFIMAN e a primeira de seu tipo em aplica\u00e7\u00e3o de fone de ouvido. Trabalhar com este material avan\u00e7ado \u00e9 extremamente desafiador, mas a incorpora\u00e7\u00e3o bem-sucedida deste filme como o driver planar HE1000 \u00e9 a pedra angular de seu som not\u00e1vel.<\/p>\n<p class=\"a-spacing-mini\"><strong>Design de \u00edm\u00e3 furtivo<\/strong><\/p>\n<p class=\"a-spacing-base\">Ao contr\u00e1rio das ondas sonoras criadas por um \u00edm\u00e3 convencional, a forma especial dos \u00edm\u00e3s furtivos permite que as ondas passem pelos \u00edm\u00e3s sem gerar interfer\u00eancia. O design magn\u00e9tico avan\u00e7ado da HIFIMAN \u00e9 acusticamente transparente, reduzindo drasticamente a turbul\u00eancia de difra\u00e7\u00e3o de onda que degrada a integridade das ondas sonoras. A distor\u00e7\u00e3o reduzida produz sa\u00edda s\u00f4nica pura que \u00e9 precisa e de alcance total.<\/p>\n<p class=\"a-spacing-mini\"><strong>Artesanato<\/strong><\/p>\n<p>A estrutura met\u00e1lica \u00e9 criada atrav\u00e9s de fresagem CNC e polimento manual. Para atender ao padr\u00e3o cr\u00edtico estabelecido pela HIFIMAN, o acabamento da superf\u00edcie \u00e9 manuseado e refinado por artes\u00e3os meticulosos. Com seu design exclusivo, fun\u00e7\u00e3o excepcional e artesanato requintado, o HE1000 \u00e9 o item de luxo total que redefine o cen\u00e1rio de \u00e1udio.<\/p>\n<p class=\"a-spacing-mini\"><strong>A faixa de cabe\u00e7a<\/strong><\/p>\n<p>Design ergon\u00f4mico e confort\u00e1vel para a maioria das pessoas, com maior confiabilidade e durabilidade.<\/p>\n<p class=\"a-spacing-mini\"><strong>Design de conector substitu\u00edvel pelo usu\u00e1rio<\/strong><\/p>\n<p>O pacote HE1000 inclui dois tipos diferentes de plugues: \u00bc&#8221; (mini 6,35 mm) e conector XLR de 4 pinos para que possa ser usado com uma ampla variedade de equipamentos. Os plugues s\u00e3o f\u00e1ceis de alternar e rapidamente conectados a diferentes cabos e amplificadores.<\/p>\n<p class=\"a-color-secondary\"><strong>Sobre a HIFIMAN<\/strong><\/p>\n<p class=\"a-spacing-small a-size-small a-color-secondary\">Fundada pelo Dr. Fang Bian em 2007, HIFIMAN \u00e9 amplamente considerada como um dos principais fabricantes de fones de ouvido de alto desempenho e produtos de \u00e1udio port\u00e1teis. HIFIMAN \u00e9 especialmente conhecida por seus fones de ouvido planar-magn\u00e9ticos aclamados pela cr\u00edtica que possuem tecnologia de driver de \u00faltima gera\u00e7\u00e3o. A empresa tamb\u00e9m projeta e fabrica drivers intra-auriculares din\u00e2micos de classe mundial que tamb\u00e9m receberam pr\u00eamios e elogios<\/p>\n<p>&nbsp;<\/p>\n<p><a href=\"https:\/\/soundnews.net\/headphones\/full-size\/hifiman-he1000se-review-how-high-hifiman\/\" target=\"_blank\" rel=\"noopener\"><img loading=\"lazy\" decoding=\"async\" class=\"alignnone wp-image-24334\" src=\"https:\/\/hificlub.com.br\/loja\/wp-content\/uploads\/2025\/07\/Sound-news-award.jpg\" alt=\"\" width=\"293\" height=\"58\" \/><\/a>\u00a0 \u00a0 <a href=\"https:\/\/www.audiophile-heaven.com\/2023\/12\/hifiman-he1000se-the-original-stealth-nano-music-wonder.html\" target=\"_blank\" rel=\"noopener\"><img loading=\"lazy\" decoding=\"async\" class=\"alignnone wp-image-24335\" src=\"https:\/\/hificlub.com.br\/loja\/wp-content\/uploads\/2025\/07\/Audiophile-Haven-award.jpg\" alt=\"\" width=\"375\" height=\"58\" srcset=\"https:\/\/hificlub.com.br\/loja\/wp-content\/uploads\/2025\/07\/Audiophile-Haven-award.jpg 776w, https:\/\/hificlub.com.br\/loja\/wp-content\/uploads\/2025\/07\/Audiophile-Haven-award-300x46.jpg 300w, https:\/\/hificlub.com.br\/loja\/wp-content\/uploads\/2025\/07\/Audiophile-Haven-award-768x119.jpg 768w, https:\/\/hificlub.com.br\/loja\/wp-content\/uploads\/2025\/07\/Audiophile-Haven-award-600x93.jpg 600w\" sizes=\"auto, (max-width: 375px) 100vw, 375px\" \/><\/a><\/p>\n","protected":false},"excerpt":{"rendered":"<p>HE1000 Fones de ouvido magn\u00e9ticos planares com \u00edm\u00e3 furtivo Primeiro diafragma do mundo em espessura nanom\u00e9trica \u00edm\u00e3 oculto ac\u00fastico invis\u00edvel circuito magn\u00e9tico assim\u00e9trico avan\u00e7ado. Sistema patenteado de &#8220;persiana de janela&#8221; artesanato requintado. Diafragma de Espessura do Nan\u00f4metro No HE1000, o filme que usamos \u00e9 t\u00e3o fino que \u00e9 um diafragma de espessura nanom\u00e9trica que \u00e9 [&hellip;]<\/p>\n","protected":false},"featured_media":24336,"template":"","meta":{"_acf_changed":false},"product_brand":[],"product_cat":[89,107,262],"product_tag":[],"class_list":{"0":"post-24332","1":"product","2":"type-product","3":"status-publish","4":"has-post-thumbnail","6":"product_cat-acessorios","7":"product_cat-fones-de-ouvido","8":"product_cat-hifiman","10":"first","11":"outofstock","12":"sold-individually","13":"shipping-taxable","14":"purchasable","15":"product-type-simple"},"acf":[],"aioseo_notices":[],"_links":{"self":[{"href":"https:\/\/hificlub.com.br\/loja\/wp-json\/wp\/v2\/product\/24332","targetHints":{"allow":["GET"]}}],"collection":[{"href":"https:\/\/hificlub.com.br\/loja\/wp-json\/wp\/v2\/product"}],"about":[{"href":"https:\/\/hificlub.com.br\/loja\/wp-json\/wp\/v2\/types\/product"}],"wp:featuredmedia":[{"embeddable":true,"href":"https:\/\/hificlub.com.br\/loja\/wp-json\/wp\/v2\/media\/24336"}],"wp:attachment":[{"href":"https:\/\/hificlub.com.br\/loja\/wp-json\/wp\/v2\/media?parent=24332"}],"wp:term":[{"taxonomy":"product_brand","embeddable":true,"href":"https:\/\/hificlub.com.br\/loja\/wp-json\/wp\/v2\/product_brand?post=24332"},{"taxonomy":"product_cat","embeddable":true,"href":"https:\/\/hificlub.com.br\/loja\/wp-json\/wp\/v2\/product_cat?post=24332"},{"taxonomy":"product_tag","embeddable":true,"href":"https:\/\/hificlub.com.br\/loja\/wp-json\/wp\/v2\/product_tag?post=24332"}],"curies":[{"name":"wp","href":"https:\/\/api.w.org\/{rel}","templated":true}]}}