{"id":24326,"date":"2025-07-21T11:45:55","date_gmt":"2025-07-21T14:45:55","guid":{"rendered":"https:\/\/hificlub.com.br\/loja\/?post_type=product&#038;p=24326"},"modified":"2026-03-03T22:15:38","modified_gmt":"2026-03-04T01:15:38","slug":"hifiman-edition-s-black-dynamic-driver-fone-de-ouvido","status":"publish","type":"product","link":"https:\/\/hificlub.com.br\/loja\/produto\/hifiman-edition-s-black-dynamic-driver-fone-de-ouvido\/","title":{"rendered":"HIFIMAN Edition S-Black Dynamic Driver &#8211; Fone de Ouvido"},"content":{"rendered":"<p><strong>A pe\u00e7a que faltava no quebra-cabe\u00e7a tem sido um modelo on-ear. Isto \u00e9, at\u00e9 agora.<\/strong><\/p>\n<p>Digite Edi\u00e7\u00e3o S, um modelo on-ear digna desse nome HIFIMAN. Na longa tradi\u00e7\u00e3o da empresa de criar desempenho not\u00e1vel para o pre\u00e7o, Edi\u00e7\u00e3o S estabelece um novo marco para os outros seguirem.<\/p>\n<p>HIFIMAN \u00e9 um l\u00edder de mercado estabelecido em full-size fones de ouvido magn\u00e9ticos planares, bem como telefones de ouvido.<br \/>\nA pe\u00e7a que faltava no quebra-cabe\u00e7a tem sido um modelo on-ear. Isto \u00e9, at\u00e9 agora.<br \/>\nDigite Edi\u00e7\u00e3o S, um modelo on-ear digna desse nome HIFIMAN. Na longa tradi\u00e7\u00e3o da empresa de criar desempenho not\u00e1vel para o pre\u00e7o, Edi\u00e7\u00e3o S estabelece um novo marco para os outros seguirem.<\/p>\n<p><strong>Dedica\u00e7\u00e3o \u00e0 qualidade<\/strong><br \/>\ncada edi\u00e7\u00e3o S \u00e9 fabricado com os mesmos padr\u00f5es rigorosos como modelos emblem\u00e1ticos da empresa, HE1000 e Edi\u00e7\u00e3o X.<br \/>\nElegante, Savvy Design by HIFIMAN Design A equipe de Boston, MA, EUA<\/p>\n<p><strong>Design Ergon\u00f4mico<\/strong><br \/>\nEsquerda: Um dos primeiros prot\u00f3tipos \u00e9 rejeitado por ter press\u00e3o uniforme em toda a faixa de cabe\u00e7a que afeta o conforto para o ouvinte.<br \/>\nDireita: No projeto final, a press\u00e3o \u00e9 agora distribu\u00eddo uniformemente sobre o conforto cabe\u00e7a assegurando.<\/p>\n<p><strong>Na busca do Sonic Perfei\u00e7\u00e3o<\/strong><br \/>\nCom um pre\u00e7o elevado de US $ 3000USD, HE1000 ganhou elogios e aclama\u00e7\u00e3o da cr\u00edtica de ambos os cr\u00edticos e consumidores em todo o mundo. No entanto, a menos de um d\u00e9cimo do pre\u00e7o, Edi\u00e7\u00e3o S fornece uma \u201cfam\u00edlia\u201d assinatura som familiar que HIFIMAN f\u00e3s prontamente reconhecer e apreciar.<\/p>\n<p><strong>High Performance<\/strong><br \/>\nCom uma classifica\u00e7\u00e3o de sensibilidade de 113dB e imped\u00e2ncia de 18 ohms, Edi\u00e7\u00e3o S pode ser conduzido pela maioria dos dispositivos port\u00e1teis de \u00e1udio e som simplesmente grande a faz\u00ea-lo!<br \/>\n\u2022 50 mil\u00edmetros driver din\u00e2mico proporciona melhor na classe desempenho sonoro<br \/>\n\u2022 Otimizado Cavity utilizando materiais de qualidade reproduz o som natural, sem distor\u00e7\u00e3o<br \/>\n\u2022 Fones de ouvido assim\u00e9tricos s\u00e3o projetados para contorno \u00e0 forma do ouvido humano para audi\u00e7\u00e3o confort\u00e1vel por longos per\u00edodos.<\/p>\n<p><strong>Aberto \/ fechado Voltar projeto<\/strong><br \/>\nHIFIMAN d\u00e1-lhe o melhor dos dois mundos com um fone de ouvido na orelha que podem ir de um modo para outro, basta adicionar (ou remover) a tampa logotipo no copo orelha.<\/p>\n<p><strong>Port\u00e1til e dobr\u00e1vel<\/strong><br \/>\nApenas 248g (8,74 on\u00e7as), Edi\u00e7\u00e3o S pode ser facilmente dobrado e guardado em seu estojo de viagem fornecido. Ideal para os amantes de m\u00fasica em movimento.<\/p>\n<p>iOS \/ Android In-line do cabo<br \/>\nPara maior comodidade, utilize Edi\u00e7\u00e3o S ou com um dispositivo Android ou iOS. Volume e pausa \/ jogo da m\u00fasica. Este cabo \u00e9 equipado com um microfone.<\/p>\n<p>&nbsp;<\/p>\n<p>&nbsp;<\/p>\n","protected":false},"excerpt":{"rendered":"<p>A pe\u00e7a que faltava no quebra-cabe\u00e7a tem sido um modelo on-ear. Isto \u00e9, at\u00e9 agora. Digite Edi\u00e7\u00e3o S, um modelo on-ear digna desse nome HIFIMAN. Na longa tradi\u00e7\u00e3o da empresa de criar desempenho not\u00e1vel para o pre\u00e7o, Edi\u00e7\u00e3o S estabelece um novo marco para os outros seguirem. HIFIMAN \u00e9 um l\u00edder de mercado estabelecido em [&hellip;]<\/p>\n","protected":false},"featured_media":24328,"template":"","meta":{"_acf_changed":false},"product_brand":[],"product_cat":[89,107,262],"product_tag":[],"class_list":{"0":"post-24326","1":"product","2":"type-product","3":"status-publish","4":"has-post-thumbnail","6":"product_cat-acessorios","7":"product_cat-fones-de-ouvido","8":"product_cat-hifiman","10":"first","11":"instock","12":"sold-individually","13":"shipping-taxable","14":"purchasable","15":"product-type-simple"},"acf":[],"aioseo_notices":[],"_links":{"self":[{"href":"https:\/\/hificlub.com.br\/loja\/wp-json\/wp\/v2\/product\/24326","targetHints":{"allow":["GET"]}}],"collection":[{"href":"https:\/\/hificlub.com.br\/loja\/wp-json\/wp\/v2\/product"}],"about":[{"href":"https:\/\/hificlub.com.br\/loja\/wp-json\/wp\/v2\/types\/product"}],"wp:featuredmedia":[{"embeddable":true,"href":"https:\/\/hificlub.com.br\/loja\/wp-json\/wp\/v2\/media\/24328"}],"wp:attachment":[{"href":"https:\/\/hificlub.com.br\/loja\/wp-json\/wp\/v2\/media?parent=24326"}],"wp:term":[{"taxonomy":"product_brand","embeddable":true,"href":"https:\/\/hificlub.com.br\/loja\/wp-json\/wp\/v2\/product_brand?post=24326"},{"taxonomy":"product_cat","embeddable":true,"href":"https:\/\/hificlub.com.br\/loja\/wp-json\/wp\/v2\/product_cat?post=24326"},{"taxonomy":"product_tag","embeddable":true,"href":"https:\/\/hificlub.com.br\/loja\/wp-json\/wp\/v2\/product_tag?post=24326"}],"curies":[{"name":"wp","href":"https:\/\/api.w.org\/{rel}","templated":true}]}}