{"id":24316,"date":"2025-07-21T11:27:41","date_gmt":"2025-07-21T14:27:41","guid":{"rendered":"https:\/\/hificlub.com.br\/loja\/?post_type=product&#038;p=24316"},"modified":"2026-03-03T22:15:38","modified_gmt":"2026-03-04T01:15:38","slug":"hifiman-arya-planar-magnetic-fone-de-ouvido","status":"publish","type":"product","link":"https:\/\/hificlub.com.br\/loja\/produto\/hifiman-arya-planar-magnetic-fone-de-ouvido\/","title":{"rendered":"HIFIMAN Arya Planar Magnetic &#8211; Fone de Ouvido"},"content":{"rendered":"<p class=\"a-spacing-mini\"><strong>Impressionante valor de \u00e1udio<\/strong><\/p>\n<p class=\"a-spacing-base\">Nan\u00f4metro Espessura Diafragmacousticamente \u00cdm\u00e3 invis\u00edvel Stealth Sistema patenteado de &#8220;persiana de janela&#8221; Orelhas assim\u00e9tricas Constru\u00e7\u00e3o de metal e pl\u00e1stico de alta qualidade Design de conector resistente 3,5 mm substitu\u00edvel pelo usu\u00e1rio Design de conector preto ousado Est\u00e9tica.<\/p>\n<p class=\"a-spacing-base\">Ao contr\u00e1rio das ondas sonoras criadas por um \u00edm\u00e3 convencional, a forma especial dos \u00edm\u00e3s furtivos permite que as ondas passem pelos \u00edm\u00e3s sem gerar interfer\u00eancia.<\/p>\n<p class=\"a-spacing-base\">O design magn\u00e9tico avan\u00e7ado da HIFIMAN \u00e9 acusticamente transparente, reduzindo drasticamente a turbul\u00eancia de difra\u00e7\u00e3o de onda que degrada a integridade das ondas sonoras. A distor\u00e7\u00e3o reduzida produz sa\u00edda s\u00f4nica pura que \u00e9 precisa e de alcance total.<\/p>\n<p class=\"a-spacing-mini\"><strong>Diafragma de Espessura do Nan\u00f4metro<\/strong><\/p>\n<p class=\"a-spacing-mini\">Uma tecnologia inovadora desenvolvida pela HIFIMAN e a primeira de seu tipo em aplica\u00e7\u00e3o de fone de ouvido. Trabalhar com este material avan\u00e7ado \u00e9 extremamente desafiador, mas a incorpora\u00e7\u00e3o bem-sucedida deste filme como o driver plano do Arya \u00e9 a pedra angular de seu som not\u00e1vel.<\/p>\n<p class=\"a-spacing-mini\"><strong>Design de conector resistente de 3,5 mm substitu\u00edvel pelo usu\u00e1rio<\/strong><\/p>\n<p>Permite f\u00e1cil troca de cabos, proporcionando m\u00e1xima durabilidade e personaliza\u00e7\u00e3o aprimorada.<\/p>\n<p class=\"a-spacing-mini\"><strong>Est\u00e9tica preta arrojada<\/strong><\/p>\n<p>Com sua forma cl\u00e1ssica de estilo HE1000 combinada e uma apar\u00eancia impressionante de seu exterior todo preto, faixa de cabe\u00e7a preta brilhante e ta\u00e7as e churrasqueira em preto fosco, o Arya \u00e9 uma declara\u00e7\u00e3o de excel\u00eancia est\u00e9tica e s\u00f4nica.<\/p>\n<p class=\"a-color-secondary\"><strong>Sobre a HIFIMAN<\/strong><\/p>\n<p class=\"a-color-secondary\">Fundada pelo Dr. Fang Bian em 2007, HIFIMAN \u00e9 amplamente considerada como um dos principais fabricantes de fones de ouvido de alto desempenho e produtos de \u00e1udio port\u00e1teis. HIFIMAN \u00e9 especialmente conhecida por seus fones de ouvido planar-magn\u00e9ticos aclamados pela cr\u00edtica que possuem tecnologia de driver de \u00faltima gera\u00e7\u00e3o. A empresa tamb\u00e9m projeta e fabrica drivers intra-auriculares din\u00e2micos de classe mundial que tamb\u00e9m receberam pr\u00eamios e elogios.<\/p>\n<p>&nbsp;<\/p>\n<p><a href=\"https:\/\/headphones.com\/blogs\/reviews\/hifiman-arya-review-benchmark-planar-magnetic-headphones?srsltid=AfmBOooZrPHIipb0yyY3NKtNs0muyAlcoVhsOutsXFffY0iwP8WEGwbA\" target=\"_blank\" rel=\"noopener\"><img loading=\"lazy\" decoding=\"async\" class=\"alignnone wp-image-24325\" src=\"https:\/\/hificlub.com.br\/loja\/wp-content\/uploads\/2025\/07\/Headfones.com-award.jpg\" alt=\"\" width=\"345\" height=\"94\" \/><\/a><\/p>\n","protected":false},"excerpt":{"rendered":"<p>Impressionante valor de \u00e1udio Nan\u00f4metro Espessura Diafragmacousticamente \u00cdm\u00e3 invis\u00edvel Stealth Sistema patenteado de &#8220;persiana de janela&#8221; Orelhas assim\u00e9tricas Constru\u00e7\u00e3o de metal e pl\u00e1stico de alta qualidade Design de conector resistente 3,5 mm substitu\u00edvel pelo usu\u00e1rio Design de conector preto ousado Est\u00e9tica. Ao contr\u00e1rio das ondas sonoras criadas por um \u00edm\u00e3 convencional, a forma especial dos [&hellip;]<\/p>\n","protected":false},"featured_media":24319,"template":"","meta":{"_acf_changed":false},"product_brand":[],"product_cat":[89,107,262],"product_tag":[],"class_list":{"0":"post-24316","1":"product","2":"type-product","3":"status-publish","4":"has-post-thumbnail","6":"product_cat-acessorios","7":"product_cat-fones-de-ouvido","8":"product_cat-hifiman","10":"first","11":"outofstock","12":"sold-individually","13":"shipping-taxable","14":"purchasable","15":"product-type-simple"},"acf":[],"aioseo_notices":[],"_links":{"self":[{"href":"https:\/\/hificlub.com.br\/loja\/wp-json\/wp\/v2\/product\/24316","targetHints":{"allow":["GET"]}}],"collection":[{"href":"https:\/\/hificlub.com.br\/loja\/wp-json\/wp\/v2\/product"}],"about":[{"href":"https:\/\/hificlub.com.br\/loja\/wp-json\/wp\/v2\/types\/product"}],"wp:featuredmedia":[{"embeddable":true,"href":"https:\/\/hificlub.com.br\/loja\/wp-json\/wp\/v2\/media\/24319"}],"wp:attachment":[{"href":"https:\/\/hificlub.com.br\/loja\/wp-json\/wp\/v2\/media?parent=24316"}],"wp:term":[{"taxonomy":"product_brand","embeddable":true,"href":"https:\/\/hificlub.com.br\/loja\/wp-json\/wp\/v2\/product_brand?post=24316"},{"taxonomy":"product_cat","embeddable":true,"href":"https:\/\/hificlub.com.br\/loja\/wp-json\/wp\/v2\/product_cat?post=24316"},{"taxonomy":"product_tag","embeddable":true,"href":"https:\/\/hificlub.com.br\/loja\/wp-json\/wp\/v2\/product_tag?post=24316"}],"curies":[{"name":"wp","href":"https:\/\/api.w.org\/{rel}","templated":true}]}}