{"id":24259,"date":"2025-07-17T18:02:32","date_gmt":"2025-07-17T21:02:32","guid":{"rendered":"https:\/\/hificlub.com.br\/loja\/?post_type=product&#038;p=24259"},"modified":"2026-03-03T22:15:38","modified_gmt":"2026-03-04T01:15:38","slug":"paradigm-anthem-room-correction-arc-1m-kit-de-correcao-de-ambiente","status":"publish","type":"product","link":"https:\/\/hificlub.com.br\/loja\/produto\/paradigm-anthem-room-correction-arc-1m-kit-de-correcao-de-ambiente\/","title":{"rendered":"PARADIGM Anthem Room Correction (ARC\u00ae) 1M &#8211; Kit de Corre\u00e7\u00e3o de Ambiente"},"content":{"rendered":"<p role=\"heading\" data-uw-rm-heading=\"level\"><strong>O que \u00e9 ARC\u00ae?<\/strong><\/p>\n<p>Simplificando, a tecnologia Anthem Room Correction (ARC\u00ae) ajusta instantaneamente o desempenho de \u00e1udio do seu equipamento para se adequar \u00e0s caracter\u00edsticas \u00fanicas do seu quarto. Ela \u2018doma\u2019 as resson\u00e2ncias produzidas por superf\u00edcies refletoras e outros obst\u00e1culos do cotidiano, que podem ter efeitos negativos sobre o som irradiado de seus alto-falantes, principalmente as baixas frequ\u00eancias. Remover os efeitos desses obst\u00e1culos permite que seu equipamento de \u00e1udio obtenha um som mais natural; para executar o mais pr\u00f3ximo poss\u00edvel do padr\u00e3o de laborat\u00f3rio.<\/p>\n<p>Em um n\u00edvel mais complexo, o ARC \u00e9 um software de processamento de sinal digital propriet\u00e1rio que funciona com um microfone de calibra\u00e7\u00e3o especialmente projetado e seu PC ou dispositivo iOS * para otimizar r\u00e1pida e facilmente o \u00e1udio para seu espa\u00e7o de escuta exclusivo. Os engenheiros da Anthem desenvolveram o sistema ARC enquanto pesquisavam como replicar o padr\u00e3o de desempenho de \u00e1udio-laborat\u00f3rio em ambientes n\u00e3o-laboratoriais. Esta pesquisa inovadora foi realizada em conjunto com o Conselho Nacional de Pesquisa do Canad\u00e1, a organiza\u00e7\u00e3o de pesquisa e tecnologia do governo canadense.<\/p>\n<p>Enquanto ARC Mobile para iOS e Android fornece melhorias surpreendentes para a sua resposta no quarto, para o n\u00edvel final ou corre\u00e7\u00e3o do quarto, considere o uso de um PC Mac ou Windows e um microfone ARC ou PBK Kit (vendido separadamente). o ARC Genesis usa os mesmos algoritmos do aplicativo m\u00f3vel para calcular curvas de corre\u00e7\u00e3o, mas permite mais controle sobre as configura\u00e7\u00f5es de corre\u00e7\u00e3o da sala. os microfones ARC e PBK Kit, que s\u00e3o necess\u00e1rios para usar o software ARC Genesis, s\u00e3o os microfones de alta qualidade dispon\u00edveis para fazer medi\u00e7\u00f5es ac\u00fasticas. O microfone no Paradigm PBK Kit, dispon\u00edvel nos revendedores Paradigm, \u00e9 compat\u00edvel com todos os produtos Paradigm com tecnologia de corre\u00e7\u00e3o de sala ARC ou PBK.<\/p>\n<p><strong>Use o ARC com seus alto-falantes Wireless Paradigm Premium<\/strong><\/p>\n<p>Os engenheiros da Paradigm projetaram e constru\u00edram alto-falantes sem fio que funcionam t\u00e3o bem quanto os tradicionais alto-falantes com fio. Um dos segredos para alcan\u00e7ar esse desempenho \u00e9 a inclus\u00e3o do ARC.<\/p>\n<p><strong>Use ARC com seu Subwoofer Paradigma<\/strong><\/p>\n<p>Quando voc\u00ea projeta um subwoofer que toca mais baixo e mais alto do que qualquer outro subwoofer, a corre\u00e7\u00e3o da sala torna-se parte integrante da sua matriz de desempenho. Eliminar obst\u00e1culos de sala com ARC elimina reflexos enlameantes e ondas estacion\u00e1rias, para revelar graves mais naturais, mais realistas e profundos; o tipo de baixo que faz com que o sentimento acredite. Por favor, note que as vers\u00f5es anteriores s\u00e3o comercializadas como PBK: Perfect Bass Kit. o software ARC \u00e9 retrocompat\u00edvel com todos os kits PBK.<\/p>\n<p><strong>Use o ARC com suas Caixas de Som H\u00edbridas Paradigm<\/strong><\/p>\n<p>Alto-falantes h\u00edbridos da Paradigm t\u00eam se\u00e7\u00f5es de baixo ativas. Para controle total em sua sala, o ARC est\u00e1 inclu\u00eddo para corrigir anomalias de baixa frequ\u00eancia para perfeita integra\u00e7\u00e3o de graves.<\/p>\n","protected":false},"excerpt":{"rendered":"<p>O que \u00e9 ARC\u00ae? Simplificando, a tecnologia Anthem Room Correction (ARC\u00ae) ajusta instantaneamente o desempenho de \u00e1udio do seu equipamento para se adequar \u00e0s caracter\u00edsticas \u00fanicas do seu quarto. Ela \u2018doma\u2019 as resson\u00e2ncias produzidas por superf\u00edcies refletoras e outros obst\u00e1culos do cotidiano, que podem ter efeitos negativos sobre o som irradiado de seus alto-falantes, principalmente [&hellip;]<\/p>\n","protected":false},"featured_media":24260,"template":"","meta":{"_acf_changed":false},"product_brand":[],"product_cat":[89,130],"product_tag":[],"class_list":{"0":"post-24259","1":"product","2":"type-product","3":"status-publish","4":"has-post-thumbnail","6":"product_cat-acessorios","7":"product_cat-outros-acessorios","9":"first","10":"instock","11":"sold-individually","12":"shipping-taxable","13":"purchasable","14":"product-type-simple"},"acf":[],"aioseo_notices":[],"_links":{"self":[{"href":"https:\/\/hificlub.com.br\/loja\/wp-json\/wp\/v2\/product\/24259","targetHints":{"allow":["GET"]}}],"collection":[{"href":"https:\/\/hificlub.com.br\/loja\/wp-json\/wp\/v2\/product"}],"about":[{"href":"https:\/\/hificlub.com.br\/loja\/wp-json\/wp\/v2\/types\/product"}],"wp:featuredmedia":[{"embeddable":true,"href":"https:\/\/hificlub.com.br\/loja\/wp-json\/wp\/v2\/media\/24260"}],"wp:attachment":[{"href":"https:\/\/hificlub.com.br\/loja\/wp-json\/wp\/v2\/media?parent=24259"}],"wp:term":[{"taxonomy":"product_brand","embeddable":true,"href":"https:\/\/hificlub.com.br\/loja\/wp-json\/wp\/v2\/product_brand?post=24259"},{"taxonomy":"product_cat","embeddable":true,"href":"https:\/\/hificlub.com.br\/loja\/wp-json\/wp\/v2\/product_cat?post=24259"},{"taxonomy":"product_tag","embeddable":true,"href":"https:\/\/hificlub.com.br\/loja\/wp-json\/wp\/v2\/product_tag?post=24259"}],"curies":[{"name":"wp","href":"https:\/\/api.w.org\/{rel}","templated":true}]}}