{"id":24245,"date":"2025-07-17T17:27:39","date_gmt":"2025-07-17T20:27:39","guid":{"rendered":"https:\/\/hificlub.com.br\/loja\/?post_type=product&#038;p=24245"},"modified":"2026-03-03T22:15:39","modified_gmt":"2026-03-04T01:15:39","slug":"paradigm-x-500-amplificador-stereo-de-dois-canais-ou-mono-de-canal-unico-em-ponte","status":"publish","type":"product","link":"https:\/\/hificlub.com.br\/loja\/produto\/paradigm-x-500-amplificador-stereo-de-dois-canais-ou-mono-de-canal-unico-em-ponte\/","title":{"rendered":"PARADIGM X-500 &#8211; Amplificador Stereo de Dois Canais ou Mono de Canal \u00danico em Ponte"},"content":{"rendered":"<p>Configur\u00e1vel como um amplificador Stereo de dois canais ou Mono de canal \u00fanico em ponte, o fino fator de forma do X-500, entradas flex\u00edveis e DSP selecion\u00e1vel o tornam a escolha ideal para seus aplicativos de instala\u00e7\u00e3o personalizados.<\/p>\n<p class=\"animate2\">O Novo Dois Canais\u00a0<b>Paradigma X-500<\/b>\u00a0amplificador \u00e9 o complemento perfeito para o nosso Home, Pro e alto-falantes de parede e teto Elite, os Defiance Custom Subwoofers e nossa Stylus, Rock and Solu\u00e7\u00f5es ao ar livre Garden Oasis. Configur\u00e1vel como um Stereo de dois canais, Mono duplo ou como um amplificador Mono de canal \u00fanico em ponte, o fator de forma fino do X-500, entradas flex\u00edveis e selecion\u00e1vel Os presentes DSP tornam a instala\u00e7\u00e3o e a configura\u00e7\u00e3o muito f\u00e1ceis.<\/p>\n<p class=\"animate2\">O The\u00a0<b>Paradigma X-500<\/b>\u00a0\u00e9 realmente pau para toda obra. Quando em ponte, oferece at\u00e9 500 Watts de poder sob demanda. Da mesma forma, quando usado em sua configura\u00e7\u00e3o de dois canais, o Paradigma X-500 sa\u00eddas de at\u00e9 140 W (8\u03a9) ou 250 W (4\u03a9), sendo a solu\u00e7\u00e3o ideal para sua instala\u00e7\u00e3o personalizada necessidades. Al\u00e9m disso, as predefini\u00e7\u00f5es DSP selecion\u00e1veis do Paradigm X-500 podem desbloquear o verdadeiro potencial de todos nossos Subwoofers personalizados Defiance e produtos ao ar livre, garantindo o desempenho ideal e condi\u00e7\u00f5es opera\u00e7\u00e3o. Use-o para alimentar um par de subwoofers no home theater ou dirija um par de alto-falantes ao ar livre no quintal\u2014o equil\u00edbrio perfeito de flexibilidade e desempenho, apenas de Paradigma.<\/p>\n<p class=\"animate2\"><strong>Densidade Potencial<\/strong><\/p>\n<p class=\"animate2\">Planejando usar v\u00e1rios Paradigma X-500s? Te cobrimos. Quando m\u00faltiplas amplificadores s\u00e3o necess\u00e1rios, voc\u00ea n\u00e3o ter\u00e1 que perder esse espa\u00e7o precioso rack. Um opcional o suporte do conector (vendido separadamente) est\u00e1 dispon\u00edvel para montar duas unidades lado a lado no mesmo espa\u00e7o do rack. Com um fator de forma de 1U de altura e uma largura de meia raca, X-500 permite 4 canais de alta pot\u00eancia em um \u00fanico espa\u00e7o de rack.<\/p>\n<p>O X-500 inclui orelhas e p\u00e9s de montagem em racks para apoiar instala\u00e7\u00f5es de gabinete.<\/p>\n<p class=\"animate2\"><strong>Acess\u00f3rios Opcionais:<\/strong><\/p>\n<p class=\"animate2\"><strong>X500CB<\/strong>: Monta 2 X-500&#8217;s em um \u00fanico espa\u00e7o de rack de 1U.<\/p>\n<p class=\"animate2\"><strong>Poderosas Emparceiramentos<\/strong><\/p>\n<div>\n<p class=\"animate2\">Poderosos Emparceiramentos: O uso de m\u00faltiplos subwoofers, especialmente em um Home Theater, tem muitos benef\u00edcios. V\u00e1rios subs fornecem uma cobertura de graves mais uniforme em toda a sala, de modo que cada seat recebe graves mais suaves e consistentes certificando-se de que n\u00e3o h\u00e1 &#8220;ruins assentos.&#8221; Al\u00e9m disso, ao espalhar o baixo por v\u00e1rios subs, cada sub compartilha parte da carga de graves em vez de depender apenas de um \u00fanico sub. Ao compartilhar o trabalho em v\u00e1rios subwoofers, distor\u00e7\u00e3o e estresse potencial nos componentes \u00e9 rebaixado, resultando em um som mais sem esfor\u00e7o.<\/p>\n<p class=\"animate2\">O benef\u00edcio mais \u00f3bvio de aumentar a contagem de subwoofers, \u00e9 que o potencial o n\u00edvel m\u00e1ximo de sa\u00edda \u00e9 aumentado, certificando-se de que voc\u00ea tem muito &#8220;quarto de sobra&#8221; o sistema permite aquelas explos\u00f5es din\u00e2micas de filmes ou passagens musicais dram\u00e1ticas. Em (In) em poucas palavras, quanto mais subs melhor! O X-500 possui predefini\u00e7\u00f5es DSP onboard otimizadas para ambos configura\u00e7\u00f5es de subwoofer simples e duplo, ou seja, voc\u00ea pode executar at\u00e9 2 Paradigm custom subwoofers fora um \u00fanico X-500, e com o suporte de conector opcional voc\u00ea pode caber 2 X-500s em um \u00fanico espa\u00e7o de rack trazendo o potencial para executar 4 subs fora de um \u00fanico rack espa\u00e7o!<\/p>\n<p class=\"animate2\"><strong>Flexibilidade de entrada<\/strong><\/p>\n<p class=\"animate2\">O Paradigm X-500 possui uma s\u00e9rie de entradas, incluindo Stereo RCA e Digital Coax selecion\u00e1vel ou Digital Optical, oferecendo muita flexibilidade para se conectar \u00e0 sua fonte favorita. Al\u00e9m disso, a entrada dedicada Subwoofer (LFE) da X-500 torna incrivelmente f\u00e1cil alimentar subwoofers personalizados, como nossos DCS208IW3 e DCS208FR3, conectando-se diretamente \u00e0 &#8220;sa\u00edda subwoofer&#8221; do seu processador AVR ou AV. Isso permite que o X-500 use o gerenciamento de graves em seu processador AVR ou AV sem processamento adicional aplicado. Alternativamente, a entrada RCA est\u00e9reo pode ser utilizada se for necess\u00e1rio um filtro passa-baixa.<\/p>\n<p>&nbsp;<\/p>\n<p>&nbsp;<\/p>\n<\/div>\n","protected":false},"excerpt":{"rendered":"<p>Configur\u00e1vel como um amplificador Stereo de dois canais ou Mono de canal \u00fanico em ponte, o fino fator de forma do X-500, entradas flex\u00edveis e DSP selecion\u00e1vel o tornam a escolha ideal para seus aplicativos de instala\u00e7\u00e3o personalizados. O Novo Dois Canais\u00a0Paradigma X-500\u00a0amplificador \u00e9 o complemento perfeito para o nosso Home, Pro e alto-falantes de [&hellip;]<\/p>\n","protected":false},"featured_media":24246,"template":"","meta":{"_acf_changed":false},"product_brand":[],"product_cat":[27,28,148],"product_tag":[],"class_list":{"0":"post-24245","1":"product","2":"type-product","3":"status-publish","4":"has-post-thumbnail","6":"product_cat-amplificador","7":"product_cat-estereo","8":"product_cat-paradigm","10":"first","11":"instock","12":"sold-individually","13":"shipping-taxable","14":"purchasable","15":"product-type-simple"},"acf":[],"aioseo_notices":[],"_links":{"self":[{"href":"https:\/\/hificlub.com.br\/loja\/wp-json\/wp\/v2\/product\/24245","targetHints":{"allow":["GET"]}}],"collection":[{"href":"https:\/\/hificlub.com.br\/loja\/wp-json\/wp\/v2\/product"}],"about":[{"href":"https:\/\/hificlub.com.br\/loja\/wp-json\/wp\/v2\/types\/product"}],"wp:featuredmedia":[{"embeddable":true,"href":"https:\/\/hificlub.com.br\/loja\/wp-json\/wp\/v2\/media\/24246"}],"wp:attachment":[{"href":"https:\/\/hificlub.com.br\/loja\/wp-json\/wp\/v2\/media?parent=24245"}],"wp:term":[{"taxonomy":"product_brand","embeddable":true,"href":"https:\/\/hificlub.com.br\/loja\/wp-json\/wp\/v2\/product_brand?post=24245"},{"taxonomy":"product_cat","embeddable":true,"href":"https:\/\/hificlub.com.br\/loja\/wp-json\/wp\/v2\/product_cat?post=24245"},{"taxonomy":"product_tag","embeddable":true,"href":"https:\/\/hificlub.com.br\/loja\/wp-json\/wp\/v2\/product_tag?post=24245"}],"curies":[{"name":"wp","href":"https:\/\/api.w.org\/{rel}","templated":true}]}}