{"id":24232,"date":"2025-07-17T12:29:05","date_gmt":"2025-07-17T15:29:05","guid":{"rendered":"https:\/\/hificlub.com.br\/loja\/?post_type=product&#038;p=24232"},"modified":"2026-03-03T22:15:40","modified_gmt":"2026-03-04T01:15:40","slug":"paradigm-defiance-dcs-208fr3-subwoofer-para-embutir-em-parede","status":"publish","type":"product","link":"https:\/\/hificlub.com.br\/loja\/produto\/paradigm-defiance-dcs-208fr3-subwoofer-para-embutir-em-parede\/","title":{"rendered":"PARADIGM Defiance DCS-208FR3 &#8211; Subwoofer para Embutir em Parede"},"content":{"rendered":"<p><strong>Performance que voc\u00ea pode ouvir com um olhar que quase desaparece.<\/strong><\/p>\n<p>O DCS-208FR3 da Paradigm \u00e9 a mistura perfeita de performance e praticidade. Com baixo poderoso e pegada zero, voc\u00ea obt\u00e9m o melhor dos dois mundos, permitindo que voc\u00ea adicione baixo a qualquer sala sem ocupar um espa\u00e7o valioso no ch\u00e3o.<\/p>\n<p>N\u00f3s da Paradigm estamos entusiasmados em apresentar-lhe a mais recente adi\u00e7\u00e3o \u00e0 nossa gama de produtos de Instala\u00e7\u00e3o Personalizada acess\u00edveis e orientados para o desempenho.\u00a0<strong>O Paradigma DCS-208<\/strong>\u00a0\u00e9 um design totalmente novo, melhorando e expandindo as inova\u00e7\u00f5es que voc\u00ea espera de n\u00f3s no mundo do \u00e1udio de performance.\u00a0<strong>O Paradigma DCS-208<\/strong>, a mistura perfeita de performance e praticidade. Com baixo poderoso e zero-footprint, voc\u00ea obt\u00e9m o melhor dos dois mundos, permitindo que voc\u00ea adicione baixo a qualquer sala sem ocupar espa\u00e7o valioso no ch\u00e3o.<\/p>\n<p class=\"animate2\"><strong>F\u00e1cil de Instalar, em Qualquer Lugar<\/strong><\/p>\n<p class=\"animate2\">Um gabinete integrado Fire Rated torna o DCS-208 adequado para aplica\u00e7\u00f5es residenciais e comerciais. Projetado para instala\u00e7\u00e3o r\u00e1pida em salas existentes sem a necessidade de reparos caros e demorados em drywall.\u00a0<strong>Instala\u00e7\u00e3o simples, sem pegada, desempenho Paradigma.<\/strong><\/p>\n<p class=\"animate2\"><strong>Performance de Paradigma Comprovada<\/strong><\/p>\n<div>Propositalmente constru\u00eddo para alta sa\u00edda de um gabinete compacto, com alta efici\u00eancia e baixa distor\u00e7\u00e3o. Os woofers duais de Polipropileno Refor\u00e7ado com Fibra de Carbono de Alta Excurs\u00e3o de 8\u201d t\u00eam uma \u00e1rea de superf\u00edcie maior do que um sub de 10\u201d para graves poderosos e precisos. O gabinete integrado garante um desempenho consistente em qualquer aplica\u00e7\u00e3o, reduzindo a transmiss\u00e3o de som para outras \u00e1reas da casa.<\/div>\n<div>\n<p class=\"animate2\"><strong>\u00c1udio Distribu\u00eddo Encontra Sua Partida<\/strong><\/p>\n<div>\n<p class=\"animate2\">Os amplificadores da s\u00e9rie MDX da Anthem tornaram a adi\u00e7\u00e3o de graves a sistemas de m\u00fasica dom\u00e9stica inteiros mais f\u00e1cil do que nunca. Para esses sistemas de \u00e1udio distribu\u00eddos, o DCS-208FR3 pode ser facilmente removido do subwoofer bridged \u201coutput\u201d, permitindo que voc\u00ea aproveite o gerenciamento robusto de graves do MDX, perfis DSP personalizados e corre\u00e7\u00e3o avan\u00e7ada da sala ARC Genesis para desempenho otimizado em qualquer ambiente.<\/p>\n<p class=\"animate2\"><strong>In-Room ou In-Wall, Que tal os dois?<\/strong><\/p>\n<div>O DCS-208 \u00e9 o primeiro modelo in-wall da aclamada s\u00e9rie Defiance. O primeiro Defiance in-wall traz o desempenho de Defiance subs para mais salas do que nunca. Com um visual minimalista, o Paradigm DCS-208 \u00e9 a maneira perfeita de trazer para casa o desempenho comprovado do baixo Paradigm sem compromisso. Baixo lembrar\u00e3o, com olhar esquecer\u00e3o.<\/div>\n<\/div>\n<\/div>\n<div><\/div>\n<div><\/div>\n<div><\/div>\n<div><\/div>\n<div><\/div>\n<div><a href=\"https:\/\/www.audioadvice.com\/blogs\/expert-advice\/paradigm-defiance-x-series-subwoofer-review?srsltid=AfmBOorDO8JFhGkOt61zlZUg_oDVblqMAh0y5M22h1voheISNCsA0rR4\" target=\"_blank\" rel=\"noopener\"><img loading=\"lazy\" decoding=\"async\" class=\"alignnone wp-image-24231\" src=\"https:\/\/hificlub.com.br\/loja\/wp-content\/uploads\/2025\/07\/Audio-Advice-award.jpg\" alt=\"\" width=\"437\" height=\"109\" srcset=\"https:\/\/hificlub.com.br\/loja\/wp-content\/uploads\/2025\/07\/Audio-Advice-award.jpg 321w, https:\/\/hificlub.com.br\/loja\/wp-content\/uploads\/2025\/07\/Audio-Advice-award-300x75.jpg 300w\" sizes=\"auto, (max-width: 437px) 100vw, 437px\" \/><\/a><\/div>\n","protected":false},"excerpt":{"rendered":"<p>Performance que voc\u00ea pode ouvir com um olhar que quase desaparece. O DCS-208FR3 da Paradigm \u00e9 a mistura perfeita de performance e praticidade. Com baixo poderoso e pegada zero, voc\u00ea obt\u00e9m o melhor dos dois mundos, permitindo que voc\u00ea adicione baixo a qualquer sala sem ocupar um espa\u00e7o valioso no ch\u00e3o. N\u00f3s da Paradigm estamos [&hellip;]<\/p>\n","protected":false},"featured_media":24233,"template":"","meta":{"_acf_changed":false},"product_brand":[],"product_cat":[285,17,148,36],"product_tag":[],"class_list":{"0":"post-24232","1":"product","2":"type-product","3":"status-publish","4":"has-post-thumbnail","6":"product_cat-caixa-in-wall","7":"product_cat-caixas","8":"product_cat-paradigm","9":"product_cat-subwoofer","11":"first","12":"instock","13":"sold-individually","14":"shipping-taxable","15":"purchasable","16":"product-type-simple"},"acf":[],"aioseo_notices":[],"_links":{"self":[{"href":"https:\/\/hificlub.com.br\/loja\/wp-json\/wp\/v2\/product\/24232","targetHints":{"allow":["GET"]}}],"collection":[{"href":"https:\/\/hificlub.com.br\/loja\/wp-json\/wp\/v2\/product"}],"about":[{"href":"https:\/\/hificlub.com.br\/loja\/wp-json\/wp\/v2\/types\/product"}],"wp:featuredmedia":[{"embeddable":true,"href":"https:\/\/hificlub.com.br\/loja\/wp-json\/wp\/v2\/media\/24233"}],"wp:attachment":[{"href":"https:\/\/hificlub.com.br\/loja\/wp-json\/wp\/v2\/media?parent=24232"}],"wp:term":[{"taxonomy":"product_brand","embeddable":true,"href":"https:\/\/hificlub.com.br\/loja\/wp-json\/wp\/v2\/product_brand?post=24232"},{"taxonomy":"product_cat","embeddable":true,"href":"https:\/\/hificlub.com.br\/loja\/wp-json\/wp\/v2\/product_cat?post=24232"},{"taxonomy":"product_tag","embeddable":true,"href":"https:\/\/hificlub.com.br\/loja\/wp-json\/wp\/v2\/product_tag?post=24232"}],"curies":[{"name":"wp","href":"https:\/\/api.w.org\/{rel}","templated":true}]}}