{"id":24224,"date":"2025-07-17T12:09:38","date_gmt":"2025-07-17T15:09:38","guid":{"rendered":"https:\/\/hificlub.com.br\/loja\/?post_type=product&#038;p=24224"},"modified":"2026-03-03T22:15:40","modified_gmt":"2026-03-04T01:15:40","slug":"paradigm-defiance-15x-subwoofer-black-120v","status":"publish","type":"product","link":"https:\/\/hificlub.com.br\/loja\/produto\/paradigm-defiance-15x-subwoofer-black-120v\/","title":{"rendered":"PARADIGM Defiance 15X Black 120v &#8211; Subwoofer 15&#8243; &#8211; 900w"},"content":{"rendered":"<p role=\"heading\" data-uw-rm-heading=\"level\"><strong>Grave Ultimate, Intransigente.<\/strong><\/p>\n<p>15\u201d Driver com Patenteado ART\u2122 Surround, Controle de Aplicativos, Design Portado de Baixa Turbul\u00eancia e Alta Velocidade, Corre\u00e7\u00e3o da Sala do Hino (ARC\u00ae) Inclu\u00eddo.<\/p>\n<p>Fabricado no Canad\u00e1: Todos os subwoofers da S\u00e9rie X s\u00e3o projetados, projetados e fabricados em nossas instala\u00e7\u00f5es de \u00faltima gera\u00e7\u00e3o no Canad\u00e1, com 225.000 p\u00e9s quadrados.<\/p>\n<p><strong>Surrounds ART\u2122<\/strong>: Fabricados internamente e sobremoldados diretamente em cada cone do woofer. Este design proporciona maior excurs\u00e3o, para um ganho de 3 dB na sa\u00edda e redu\u00e7\u00e3o de 50% na distor\u00e7\u00e3o. Fabricados em elast\u00f4mero termopl\u00e1stico moldado por inje\u00e7\u00e3o, os surrounds ART s\u00e3o mais dur\u00e1veis e confi\u00e1veis do que os surrounds convencionais, garantindo uma vida \u00fatil de som superior. Patentes nos EUA: D654, 4795 e 8.340.340B2.<\/p>\n<p><strong>Sa\u00edda SPL massiva<\/strong>: O Defiance X possui amplificadores mais potentes, com o X15 produzindo impressionantes 900 W RMS (1800 W de pico din\u00e2mico).<\/p>\n<p>NOVO! Controlado por aplicativo: Simplifique a configura\u00e7\u00e3o e a sintonia com o aplicativo gratuito.<\/p>\n<p><strong>Paradigm Subwoofer Control*<\/strong>, dispon\u00edvel para dispositivos iOS e Android. Ajuste o volume, o filtro passa-baixa, a fase, os graves profundos e muito mais no conforto da sua cadeira de audi\u00e7\u00e3o. Ele apresenta tr\u00eas modos de audi\u00e7\u00e3o predefinidos e permite executar remotamente o processo Anthem Room Correction (ARC\u00ae).<\/p>\n<p><strong>Corre\u00e7\u00e3o de Ambiente Anthem (ARC\u00ae)<\/strong>: Usando seu dispositivo m\u00f3vel ou microfone calibrado (incluso nos modelos Defiance X, vendido separadamente nos modelos Defiance V*), o ARC mede seu espa\u00e7o, compara-o com o padr\u00e3o de laborat\u00f3rio usando algoritmos DSP avan\u00e7ados e propriet\u00e1rios e remove instantaneamente anomalias que prejudicam o desempenho. O resultado \u00e9 f\u00e1cil de ouvir: graves profundos, mixados de forma realista e renderizados com precis\u00e3o. Corre\u00e7\u00e3o de ambiente profissional com o toque de um bot\u00e3o.<\/p>\n<p><strong>M\u00f3dulo sem fio opcional:<\/strong> Coloque seu subwoofer em qualquer lugar da sua sala, sem cabos inconvenientes e sem sacrificar a velocidade ou o desempenho. O M\u00f3dulo sem fio Defiance WT* (vendido separadamente) oferece sele\u00e7\u00e3o de frequ\u00eancia din\u00e2mica de 2,4 GHz r\u00e1pida e clara com corre\u00e7\u00e3o instant\u00e2nea de erros e alcance de 15 metros.<\/p>\n<p><strong>Portas de disparo para baixo<\/strong>: Portas ajustadas transformam o piso em uma ferramenta para aprimorar a resposta de graves, permitindo op\u00e7\u00f5es de posicionamento mais flex\u00edveis, sem risco de turbul\u00eancia ou distor\u00e7\u00e3o.<\/p>\n<p>Constru\u00eddo para o desempenho: Constru\u00e7\u00e3o refor\u00e7ada do gabinete e design do driver antivibra\u00e7\u00e3o proporcionam graves profundos e detalhados.<\/p>\n<p><strong>* N\u00e3o dispon\u00edvel no Defiance V8<\/strong><\/p>\n<p>&nbsp;<\/p>\n<p><a href=\"https:\/\/hometheaterhifi.com\/reviews\/speaker\/surround-sound-speaker-systems-reviews\/paradigm-premier-speaker-system-with-x12-subwoofer-review\/\" target=\"_blank\" rel=\"noopener\"><img loading=\"lazy\" decoding=\"async\" class=\"alignnone wp-image-24021 size-full\" src=\"https:\/\/hificlub.com.br\/loja\/wp-content\/uploads\/2025\/07\/Home-Theather-High-Fidelity-award.jpg\" alt=\"\" width=\"291\" height=\"122\" \/>\u00a0\u00a0\u00a0\u00a0 <\/a><a href=\"https:\/\/www.audioadvice.com\/blogs\/expert-advice\/paradigm-defiance-x-series-subwoofer-review?srsltid=AfmBOorDO8JFhGkOt61zlZUg_oDVblqMAh0y5M22h1voheISNCsA0rR4\" target=\"_blank\" rel=\"noopener\"><img loading=\"lazy\" decoding=\"async\" class=\"alignnone wp-image-24231\" src=\"https:\/\/hificlub.com.br\/loja\/wp-content\/uploads\/2025\/07\/Audio-Advice-award.jpg\" alt=\"\" width=\"437\" height=\"109\" srcset=\"https:\/\/hificlub.com.br\/loja\/wp-content\/uploads\/2025\/07\/Audio-Advice-award.jpg 321w, https:\/\/hificlub.com.br\/loja\/wp-content\/uploads\/2025\/07\/Audio-Advice-award-300x75.jpg 300w\" sizes=\"auto, (max-width: 437px) 100vw, 437px\" \/><\/a><\/p>\n","protected":false},"excerpt":{"rendered":"<p>Grave Ultimate, Intransigente. 15\u201d Driver com Patenteado ART\u2122 Surround, Controle de Aplicativos, Design Portado de Baixa Turbul\u00eancia e Alta Velocidade, Corre\u00e7\u00e3o da Sala do Hino (ARC\u00ae) Inclu\u00eddo. Fabricado no Canad\u00e1: Todos os subwoofers da S\u00e9rie X s\u00e3o projetados, projetados e fabricados em nossas instala\u00e7\u00f5es de \u00faltima gera\u00e7\u00e3o no Canad\u00e1, com 225.000 p\u00e9s quadrados. Surrounds ART\u2122: [&hellip;]<\/p>\n","protected":false},"featured_media":24226,"template":"","meta":{"_acf_changed":false},"product_brand":[],"product_cat":[17,148,36],"product_tag":[],"class_list":{"0":"post-24224","1":"product","2":"type-product","3":"status-publish","4":"has-post-thumbnail","6":"product_cat-caixas","7":"product_cat-paradigm","8":"product_cat-subwoofer","10":"first","11":"instock","12":"sold-individually","13":"shipping-taxable","14":"purchasable","15":"product-type-simple"},"acf":[],"aioseo_notices":[],"_links":{"self":[{"href":"https:\/\/hificlub.com.br\/loja\/wp-json\/wp\/v2\/product\/24224","targetHints":{"allow":["GET"]}}],"collection":[{"href":"https:\/\/hificlub.com.br\/loja\/wp-json\/wp\/v2\/product"}],"about":[{"href":"https:\/\/hificlub.com.br\/loja\/wp-json\/wp\/v2\/types\/product"}],"wp:featuredmedia":[{"embeddable":true,"href":"https:\/\/hificlub.com.br\/loja\/wp-json\/wp\/v2\/media\/24226"}],"wp:attachment":[{"href":"https:\/\/hificlub.com.br\/loja\/wp-json\/wp\/v2\/media?parent=24224"}],"wp:term":[{"taxonomy":"product_brand","embeddable":true,"href":"https:\/\/hificlub.com.br\/loja\/wp-json\/wp\/v2\/product_brand?post=24224"},{"taxonomy":"product_cat","embeddable":true,"href":"https:\/\/hificlub.com.br\/loja\/wp-json\/wp\/v2\/product_cat?post=24224"},{"taxonomy":"product_tag","embeddable":true,"href":"https:\/\/hificlub.com.br\/loja\/wp-json\/wp\/v2\/product_tag?post=24224"}],"curies":[{"name":"wp","href":"https:\/\/api.w.org\/{rel}","templated":true}]}}