{"id":24174,"date":"2025-07-16T10:38:44","date_gmt":"2025-07-16T13:38:44","guid":{"rendered":"https:\/\/hificlub.com.br\/loja\/?post_type=product&#038;p=24174"},"modified":"2026-03-03T22:15:42","modified_gmt":"2026-03-04T01:15:42","slug":"paradigm-defiance-v8-subwoofer-black-120v","status":"publish","type":"product","link":"https:\/\/hificlub.com.br\/loja\/produto\/paradigm-defiance-v8-subwoofer-black-120v\/","title":{"rendered":"PARADIGM Defiance V8 Black 120V &#8211; Subwoofer 8&#8243; &#8211; 150w"},"content":{"rendered":"<p role=\"heading\" data-uw-rm-heading=\"level\"><strong>Toda Performance. Sem Truques.<\/strong><\/p>\n<p>8\u201d Driver,\u00a0Design Portado de Baixa Turbul\u00eancia de Alta Velocidade<\/p>\n<p>Para um desempenho de graves intenso e sem truques, os subwoofers Defiance V8 \/ V10 \/ V12 oferecem um valor incr\u00edvel. Peso compacto, re\u00fane muita tecnologia em uma pot\u00eancia compacta com impacto de baixa frequ\u00eancia. Quilo por quilo, o Defiance V oferece os melhores graves a um pre\u00e7o imbat\u00edvel.<\/p>\n<p>NOVO! Controlado por aplicativo: Simplifique a configura\u00e7\u00e3o e a sintonia com o aplicativo gratuito Paradigm Subwoofer Control*, dispon\u00edvel para dispositivos iOS e Android. Ajuste o volume, o filtro passa-baixa, a fase, os graves profundos e muito mais no conforto da sua cadeira de audi\u00e7\u00e3o. Ele apresenta tr\u00eas modos de audi\u00e7\u00e3o predefinidos e permite executar remotamente o processo Anthem Room Correction (ARC\u00ae).<\/p>\n<p>Corre\u00e7\u00e3o de Ambiente Anthem (ARC\u00ae): Usando seu dispositivo m\u00f3vel ou microfone calibrado (incluso nos modelos Defiance X, vendido separadamente nos modelos Defiance V*), o ARC mede seu espa\u00e7o, compara-o com o padr\u00e3o de laborat\u00f3rio usando algoritmos DSP avan\u00e7ados e propriet\u00e1rios e remove instantaneamente anomalias que prejudicam o desempenho. O resultado \u00e9 f\u00e1cil de ouvir: graves profundos, mixados de forma realista e renderizados com precis\u00e3o. Corre\u00e7\u00e3o de ambiente profissional com o toque de um bot\u00e3o.<\/p>\n<p>M\u00f3dulo sem fio opcional: Coloque seu subwoofer em qualquer lugar da sua sala, sem cabos inconvenientes e sem sacrificar a velocidade ou o desempenho. O M\u00f3dulo sem fio Defiance WT* (vendido separadamente) oferece sele\u00e7\u00e3o de frequ\u00eancia din\u00e2mica de 2,4 GHz r\u00e1pida e clara com corre\u00e7\u00e3o instant\u00e2nea de erros e alcance de 15 metros.<\/p>\n<p>Portas de disparo para baixo: Portas ajustadas transformam o piso em uma ferramenta para aprimorar a resposta de graves, permitindo op\u00e7\u00f5es de posicionamento mais flex\u00edveis, sem risco de turbul\u00eancia ou distor\u00e7\u00e3o. Constru\u00eddo para o desempenho: Constru\u00e7\u00e3o refor\u00e7ada do gabinete e design do driver antivibra\u00e7\u00e3o proporcionam graves profundos e detalhados.<\/p>\n<p><strong>* N\u00e3o dispon\u00edvel no Defiance V8<\/strong><\/p>\n<p>&nbsp;<\/p>\n<p><a href=\"https:\/\/hometheaterhifi.com\/reviews\/speaker\/subwoofers\/paradigm-defiance-x10-defiance-v10-subwoofer-review\/\" target=\"_blank\" rel=\"noopener\"><img loading=\"lazy\" decoding=\"async\" class=\"alignnone wp-image-24021 \" src=\"https:\/\/hificlub.com.br\/loja\/wp-content\/uploads\/2025\/07\/Home-Theather-High-Fidelity-award.jpg\" alt=\"\" width=\"372\" height=\"156\" \/><\/a><\/p>\n","protected":false},"excerpt":{"rendered":"<p>Toda Performance. Sem Truques. 8\u201d Driver,\u00a0Design Portado de Baixa Turbul\u00eancia de Alta Velocidade Para um desempenho de graves intenso e sem truques, os subwoofers Defiance V8 \/ V10 \/ V12 oferecem um valor incr\u00edvel. Peso compacto, re\u00fane muita tecnologia em uma pot\u00eancia compacta com impacto de baixa frequ\u00eancia. Quilo por quilo, o Defiance V oferece [&hellip;]<\/p>\n","protected":false},"featured_media":24175,"template":"","meta":{"_acf_changed":false},"product_brand":[],"product_cat":[17,148,36],"product_tag":[],"class_list":{"0":"post-24174","1":"product","2":"type-product","3":"status-publish","4":"has-post-thumbnail","6":"product_cat-caixas","7":"product_cat-paradigm","8":"product_cat-subwoofer","10":"first","11":"instock","12":"sold-individually","13":"shipping-taxable","14":"purchasable","15":"product-type-simple"},"acf":[],"aioseo_notices":[],"_links":{"self":[{"href":"https:\/\/hificlub.com.br\/loja\/wp-json\/wp\/v2\/product\/24174","targetHints":{"allow":["GET"]}}],"collection":[{"href":"https:\/\/hificlub.com.br\/loja\/wp-json\/wp\/v2\/product"}],"about":[{"href":"https:\/\/hificlub.com.br\/loja\/wp-json\/wp\/v2\/types\/product"}],"wp:featuredmedia":[{"embeddable":true,"href":"https:\/\/hificlub.com.br\/loja\/wp-json\/wp\/v2\/media\/24175"}],"wp:attachment":[{"href":"https:\/\/hificlub.com.br\/loja\/wp-json\/wp\/v2\/media?parent=24174"}],"wp:term":[{"taxonomy":"product_brand","embeddable":true,"href":"https:\/\/hificlub.com.br\/loja\/wp-json\/wp\/v2\/product_brand?post=24174"},{"taxonomy":"product_cat","embeddable":true,"href":"https:\/\/hificlub.com.br\/loja\/wp-json\/wp\/v2\/product_cat?post=24174"},{"taxonomy":"product_tag","embeddable":true,"href":"https:\/\/hificlub.com.br\/loja\/wp-json\/wp\/v2\/product_tag?post=24174"}],"curies":[{"name":"wp","href":"https:\/\/api.w.org\/{rel}","templated":true}]}}