{"id":24162,"date":"2025-07-15T18:33:22","date_gmt":"2025-07-15T21:33:22","guid":{"rendered":"https:\/\/hificlub.com.br\/loja\/?post_type=product&#038;p=24162"},"modified":"2025-08-06T19:08:35","modified_gmt":"2025-08-06T22:08:35","slug":"simaudio-moon-310-lp-moon-320s-pre-amplificador-phono-e-fonte-de-energia-externa-dedicada","status":"publish","type":"product","link":"https:\/\/hificlub.com.br\/loja\/produto\/simaudio-moon-310-lp-moon-320s-pre-amplificador-phono-e-fonte-de-energia-externa-dedicada\/","title":{"rendered":"MOON 310LP e MOON 320S &#8211; Pre Phono MC e Fonte de energia Externa Dedicada"},"content":{"rendered":"<p><strong>Caracter\u00edsticas de design<\/strong><\/p>\n<ul>\n<li><strong>Moon 310 LP<\/strong><\/li>\n<\/ul>\n<p><strong>Grande fonte de alimenta\u00e7\u00e3o isolada<\/strong>\u00a0em uma placa de circuito separada usando um transformador toroidal com 2 est\u00e1gios de regula\u00e7\u00e3o de tens\u00e3o.<\/p>\n<p>Conectores de sa\u00edda RCA de termina\u00e7\u00e3o \u00fanica e XLR balanceado.<\/p>\n<p>Pode ser acionado com uma\u00a0fonte de alimenta\u00e7\u00e3o externa\u00a0compat\u00edvel .<\/p>\n<p>A regula\u00e7\u00e3o da tens\u00e3o de alimenta\u00e7\u00e3o inclui 1 2 DCf (Filtragem DC Indutiva Independente); 1 indutor para cada CI no caminho do sinal do circuito de \u00e1udio \u2013 2 est\u00e1gios no total.<\/p>\n<p><strong>A fonte de alimenta\u00e7\u00e3o conta com capacitores eletrol\u00edticos MOON<\/strong>\u00a0personalizados\u00a0.<\/p>\n<p>Placas de circuito impresso de 4 camadas com tra\u00e7os de cobre puro para um caminho de sinal muito mais curto; isso resulta em maior precis\u00e3o sonora e rela\u00e7\u00e3o sinal-ru\u00eddo drasticamente melhorada.<\/p>\n<p>Um projeto de circuito sim\u00e9trico com correspond\u00eancia precisa dos melhores componentes eletr\u00f4nicos de alta qualidade.<\/p>\n<ul>\n<li><strong>Moon 320S<\/strong><\/li>\n<\/ul>\n<p>A fonte de alimenta\u00e7\u00e3o externa dedicada 320S eleva o\u00a0\u00a0pr\u00e9-amplificador phono 310LP\u00a0a um n\u00edvel de desempenho incompar\u00e1vel por esse pre\u00e7o e muito \u00e0 frente da concorr\u00eancia. A reprodu\u00e7\u00e3o anal\u00f3gica de refer\u00eancia ficou ainda mais acess\u00edvel.<\/p>\n<p>Alojado em um chassi id\u00eantico ao 310LP, o 320S apresenta um filtro especial \u201ctipo pi\u201d e um sistema de regula\u00e7\u00e3o de voltagem dupla que reduz o n\u00edvel de ru\u00eddo j\u00e1 muito baixo do 310LP no sinal DC em impressionantes 150 dB.<\/p>\n<p>Alguns dos benef\u00edcios que o MOON 320S traz para a sonoridade j\u00e1 surpreendente do 310LP s\u00e3o uma rela\u00e7\u00e3o sinal-ru\u00eddo ainda melhor, que deixa a impress\u00e3o de ganho aumentado; ritmo e andamento mais realistas; maior presen\u00e7a de detalhes complexos na m\u00fasica; frequ\u00eancias altas mais naturais e realistas, que permitem diferenciar melhor entre v\u00e1rios pratos em uma grava\u00e7\u00e3o, e um fundo mais escuro e profundo.<\/p>\n","protected":false},"excerpt":{"rendered":"<p>Caracter\u00edsticas de design Moon 310 LP Grande fonte de alimenta\u00e7\u00e3o isolada\u00a0em uma placa de circuito separada usando um transformador toroidal com 2 est\u00e1gios de regula\u00e7\u00e3o de tens\u00e3o. Conectores de sa\u00edda RCA de termina\u00e7\u00e3o \u00fanica e XLR balanceado. Pode ser acionado com uma\u00a0fonte de alimenta\u00e7\u00e3o externa\u00a0compat\u00edvel . A regula\u00e7\u00e3o da tens\u00e3o de alimenta\u00e7\u00e3o inclui 1 2 [&hellip;]<\/p>\n","protected":false},"featured_media":24163,"template":"","meta":{"_acf_changed":false},"product_brand":[],"product_cat":[78,79,38],"product_tag":[],"class_list":{"0":"post-24162","1":"product","2":"type-product","3":"status-publish","4":"has-post-thumbnail","6":"product_cat-analogico-audio","7":"product_cat-pre-de-phono","8":"product_cat-pre-amplificador","10":"first","11":"instock","12":"sold-individually","13":"shipping-taxable","14":"purchasable","15":"product-type-simple"},"acf":[],"aioseo_notices":[],"_links":{"self":[{"href":"https:\/\/hificlub.com.br\/loja\/wp-json\/wp\/v2\/product\/24162","targetHints":{"allow":["GET"]}}],"collection":[{"href":"https:\/\/hificlub.com.br\/loja\/wp-json\/wp\/v2\/product"}],"about":[{"href":"https:\/\/hificlub.com.br\/loja\/wp-json\/wp\/v2\/types\/product"}],"wp:featuredmedia":[{"embeddable":true,"href":"https:\/\/hificlub.com.br\/loja\/wp-json\/wp\/v2\/media\/24163"}],"wp:attachment":[{"href":"https:\/\/hificlub.com.br\/loja\/wp-json\/wp\/v2\/media?parent=24162"}],"wp:term":[{"taxonomy":"product_brand","embeddable":true,"href":"https:\/\/hificlub.com.br\/loja\/wp-json\/wp\/v2\/product_brand?post=24162"},{"taxonomy":"product_cat","embeddable":true,"href":"https:\/\/hificlub.com.br\/loja\/wp-json\/wp\/v2\/product_cat?post=24162"},{"taxonomy":"product_tag","embeddable":true,"href":"https:\/\/hificlub.com.br\/loja\/wp-json\/wp\/v2\/product_tag?post=24162"}],"curies":[{"name":"wp","href":"https:\/\/api.w.org\/{rel}","templated":true}]}}