{"id":24118,"date":"2025-07-13T18:14:17","date_gmt":"2025-07-13T21:14:17","guid":{"rendered":"https:\/\/hificlub.com.br\/loja\/?post_type=product&#038;p=24118"},"modified":"2026-03-03T22:15:42","modified_gmt":"2026-03-04T01:15:42","slug":"kef-r11-meta-caixa-acustica-torre-3-vias-black-gloss-par","status":"publish","type":"product","link":"https:\/\/hificlub.com.br\/loja\/produto\/kef-r11-meta-caixa-acustica-torre-3-vias-black-gloss-par\/","title":{"rendered":"KEF R11 Meta &#8211; Caixa Ac\u00fastica Torre 3 Vias &#8211; Black Gloss (par)"},"content":{"rendered":"<p>O R11 Meta \u00e9 o maior modelo de piso da s\u00e9rie R. Para uma experi\u00eancia auditiva de tirar o f\u00f4lego, sua combina\u00e7\u00e3o de 12<sup>o th<\/sup>\u00a0gera\u00e7\u00e3o Uni-Q<sup>\u00ae<\/sup>\u00a0matriz de driver com MAT<sup>\u2122<\/sup>\u00a0e quatro drivers de baixo de alum\u00ednio h\u00edbrido de 6,5\u201d permitem que ele escolha os detalhes sutis de uma grava\u00e7\u00e3o, al\u00e9m de fornecer pot\u00eancia e agilidade brutas.<\/p>\n<p><strong>Desempenho Revolucion\u00e1rio com Tecnologia MAT<\/strong><\/p>\n<p>A KEF R11 Meta \u00e9 a refer\u00eancia da linha R Meta Series, combinando design sofisticado e engenharia ac\u00fastica de ponta. Com a exclusiva Metamaterial Absorption Technology (MAT), esta torre de som redefine a clareza e precis\u00e3o sonora, absorvendo 99% das ondas sonoras indesejadas na parte traseira do tweeter. O resultado \u00e9 um som mais puro, natural e detalhado, ideal tanto para home theater quanto para sistemas est\u00e9reo de alto desempenho.<\/p>\n<p><strong>Tecnologia Uni-Q de 12\u00aa Gera\u00e7\u00e3o<\/strong><\/p>\n<p>A KEF aprimorou seu renomado driver Uni-Q, que posiciona o tweeter de 1&#8243; de alum\u00ednio ventilado no centro do midrange de 5&#8243;, garantindo uma dispers\u00e3o sonora ampla e uniforme. Essa configura\u00e7\u00e3o minimiza distor\u00e7\u00f5es e melhora a imagem est\u00e9reo, criando um &#8220;sweet spot&#8221; mais amplo para uma experi\u00eancia auditiva excepcional.<\/p>\n<p><strong>Graves Potentes e Precisos<\/strong><\/p>\n<p>Equipada com quatro woofers h\u00edbridos de 6,5\u201d, a R11 Meta proporciona graves din\u00e2micos e articulados. Seu design inovador, que combina uma pele de alum\u00ednio sobre cone de papel, garante movimenta\u00e7\u00e3o precisa para uma resposta de graves impactante. Al\u00e9m disso, os portas traseiras duplas contam com um sistema de paredes flex\u00edveis que reduzem turbul\u00eancias e resson\u00e2ncias indesejadas.<\/p>\n<p><strong>Constru\u00e7\u00e3o R\u00edgida e Design Elegante<\/strong><\/p>\n<p>A KEF R11 Meta apresenta um gabinete robusto com Constrained Layer Damping (CLD), que minimiza vibra\u00e7\u00f5es indesejadas, mantendo a pureza sonora. O Shadow Flare, um anel ao redor do Uni-Q, reduz reflex\u00f5es indesejadas, proporcionando um som mais limpo e detalhado. O modelo tamb\u00e9m inclui p\u00e9s estabilizadores (outrigger feet) com spikes para m\u00e1xima estabilidade.<\/p>\n<p id=\"i81ok22\" data-dynamic-prop=\"\/productInfo\/Feature Content.Feature-content-10\/1\" data-highlightable=\"1\"><strong>O que est\u00e1 na caixa<\/strong><\/p>\n<ul>\n<li>R11 Meta<\/li>\n<li>Grade microfibra<\/li>\n<li>Plinth e acess\u00f3rios em spike<\/li>\n<li>Bungs porto<\/li>\n<li>Manual do usu\u00e1rio e informa\u00e7\u00f5es da garantia<\/li>\n<\/ul>\n<p>&nbsp;<\/p>\n<p><a href=\"https:\/\/www.theabsolutesound.com\/articles\/kef-r11-meta-loudspeaker\/\" target=\"_blank\" rel=\"noopener\"><img loading=\"lazy\" decoding=\"async\" class=\"alignnone wp-image-22935 size-full\" src=\"https:\/\/hificlub.com.br\/loja\/wp-content\/uploads\/2025\/06\/The-absolute-sound-award.jpg\" alt=\"\" width=\"325\" height=\"81\" srcset=\"https:\/\/hificlub.com.br\/loja\/wp-content\/uploads\/2025\/06\/The-absolute-sound-award.jpg 325w, https:\/\/hificlub.com.br\/loja\/wp-content\/uploads\/2025\/06\/The-absolute-sound-award-300x75.jpg 300w\" sizes=\"auto, (max-width: 325px) 100vw, 325px\" \/><\/a><\/p>\n","protected":false},"excerpt":{"rendered":"<p>O R11 Meta \u00e9 o maior modelo de piso da s\u00e9rie R. Para uma experi\u00eancia auditiva de tirar o f\u00f4lego, sua combina\u00e7\u00e3o de 12o th\u00a0gera\u00e7\u00e3o Uni-Q\u00ae\u00a0matriz de driver com MAT\u2122\u00a0e quatro drivers de baixo de alum\u00ednio h\u00edbrido de 6,5\u201d permitem que ele escolha os detalhes sutis de uma grava\u00e7\u00e3o, al\u00e9m de fornecer pot\u00eancia e agilidade [&hellip;]<\/p>\n","protected":false},"featured_media":24120,"template":"","meta":{"_acf_changed":false},"product_brand":[],"product_cat":[17,56,18],"product_tag":[],"class_list":{"0":"post-24118","1":"product","2":"type-product","3":"status-publish","4":"has-post-thumbnail","6":"product_cat-caixas","7":"product_cat-kef","8":"product_cat-torres","10":"first","11":"instock","12":"sold-individually","13":"shipping-taxable","14":"purchasable","15":"product-type-simple"},"acf":[],"aioseo_notices":[],"_links":{"self":[{"href":"https:\/\/hificlub.com.br\/loja\/wp-json\/wp\/v2\/product\/24118","targetHints":{"allow":["GET"]}}],"collection":[{"href":"https:\/\/hificlub.com.br\/loja\/wp-json\/wp\/v2\/product"}],"about":[{"href":"https:\/\/hificlub.com.br\/loja\/wp-json\/wp\/v2\/types\/product"}],"wp:featuredmedia":[{"embeddable":true,"href":"https:\/\/hificlub.com.br\/loja\/wp-json\/wp\/v2\/media\/24120"}],"wp:attachment":[{"href":"https:\/\/hificlub.com.br\/loja\/wp-json\/wp\/v2\/media?parent=24118"}],"wp:term":[{"taxonomy":"product_brand","embeddable":true,"href":"https:\/\/hificlub.com.br\/loja\/wp-json\/wp\/v2\/product_brand?post=24118"},{"taxonomy":"product_cat","embeddable":true,"href":"https:\/\/hificlub.com.br\/loja\/wp-json\/wp\/v2\/product_cat?post=24118"},{"taxonomy":"product_tag","embeddable":true,"href":"https:\/\/hificlub.com.br\/loja\/wp-json\/wp\/v2\/product_tag?post=24118"}],"curies":[{"name":"wp","href":"https:\/\/api.w.org\/{rel}","templated":true}]}}