{"id":24112,"date":"2025-07-13T18:00:50","date_gmt":"2025-07-13T21:00:50","guid":{"rendered":"https:\/\/hificlub.com.br\/loja\/?post_type=product&#038;p=24112"},"modified":"2026-03-03T22:15:42","modified_gmt":"2026-03-04T01:15:42","slug":"kef-q8-meta-caixa-surround-dolby-atmos-satin-black-par","status":"publish","type":"product","link":"https:\/\/hificlub.com.br\/loja\/produto\/kef-q8-meta-caixa-surround-dolby-atmos-satin-black-par\/","title":{"rendered":"KEF Q8 Meta &#8211; Caixa Surround Dolby Atmos &#8211; Satin Black (par)"},"content":{"rendered":"<p>Usando o suporte de parede integrado, o Q8 Meta pode ser pendurado como um alto-falante traseiro ou surround de alta fidelidade. Alternativamente, ele pode ser colocado sobre outro alto-falante trazendo som Dolby Atmos para a sala sem necessidade de instala\u00e7\u00e3o personalizada. Os 5,25&#8243; 12<sup>o th<\/sup>\u00a0a matriz de drivers Uni-Q de gera\u00e7\u00e3o com MAT\u2122 traz som imersivo para qualquer home theater.<\/p>\n<p>Os alto-falantes KEF Q8 Meta s\u00e3o projetados para aprimorar a experi\u00eancia sonora do seu sistema de home theater, oferecendo efeitos imersivos atrav\u00e9s da tecnologia Dolby Atmos\u00ae. Esses m\u00f3dulos &#8220;topper&#8221; podem ser posicionados sobre caixas ac\u00fasticas compat\u00edveis da S\u00e9rie Q da KEF ou montados na parede, proporcionando \u00e1udio tridimensional e realista.<\/p>\n<p><strong>Principais Caracter\u00edsticas<\/strong><\/p>\n<ul>\n<li>Configura\u00e7\u00e3o Dolby Atmos\u00ae: Projetado para refletir o som no teto e criar efeitos de \u00e1udio superiores ou ser montado na parede como canal surround.<\/li>\n<li>Tecnologia Uni-Q de 12\u00aa Gera\u00e7\u00e3o: O tweeter de 1\u201d est\u00e1 localizado no centro do woofer de 5,25\u201d, garantindo dispers\u00e3o uniforme e um &#8220;sweet spot&#8221; mais amplo.<\/li>\n<li>Metamaterial Absorption Technology (MAT): Absorve at\u00e9 99% das resson\u00e2ncias indesejadas, reduzindo distor\u00e7\u00f5es e proporcionando um som mais puro e detalhado.<\/li>\n<li>Constru\u00e7\u00e3o Premium: Driver de alum\u00ednio com Surround Z-Flex para minimizar interfer\u00eancias ac\u00fasticas e melhorar a linearidade do \u00e1udio.<\/li>\n<li>Crossover Refinado: Otimizado para garantir transi\u00e7\u00f5es suaves entre frequ\u00eancias, resultando em um som mais natural.<\/li>\n<li>Design Vers\u00e1til: Pode ser usado como m\u00f3dulo Atmos sobre alto-falantes compat\u00edveis ou montado na parede para reprodu\u00e7\u00e3o surround envolvente.<\/li>\n<\/ul>\n<p><strong>Destaques da Tecnologia KEF<\/strong><\/p>\n<ul>\n<li>Uni-Q Driver Array: Elimina a limita\u00e7\u00e3o do &#8220;sweet spot&#8221;, garantindo uma experi\u00eancia sonora consistente em qualquer posi\u00e7\u00e3o do ambiente.<\/li>\n<li>MAT (Metamaterial Absorption Technology): Estrutura labir\u00edntica que reduz drasticamente reflexos indesejados, garantindo maior clareza e naturalidade.<\/li>\n<li>Shadow Flare: Minimiza difra\u00e7\u00e3o sonora para detalhes aprimorados e melhor reprodu\u00e7\u00e3o de altas frequ\u00eancias.<\/li>\n<li>Montagem Vers\u00e1til: Pode ser posicionado sobre alto-falantes da S\u00e9rie Q da KEF ou fixado na parede com suporte keyhole embutido.<\/li>\n<\/ul>\n<p>Os alto-falantes KEF Q8 Meta s\u00e3o a escolha ideal para quem busca um upgrade significativo na experi\u00eancia de som surround, seja com Dolby Atmos ou em canais surround tradicionais.<\/p>\n<div id=\"i26sqsf\" data-dynamic-prop=\"\/productInfo\/Feature Content.Feature-content-10\/1\"><strong>O que est\u00e1 na caixa<\/strong><\/div>\n<div id=\"ilc3hw3\" data-dynamic-prop=\"\/productInfo\/Feature Content.Feature-content-10\/2\">\n<ul>\n<li>Q8 Meta (par)<\/li>\n<li>Grades magn\u00e9ticas (par)<\/li>\n<li>P\u00e9s-de-borracha<\/li>\n<li>Tampas de bombordo<\/li>\n<li>Modelo de montagem de parede<\/li>\n<li>Manual do usu\u00e1rio e informa\u00e7\u00f5es da garantia<\/li>\n<\/ul>\n<\/div>\n<p>&nbsp;<\/p>\n<p>&nbsp;<\/p>\n","protected":false},"excerpt":{"rendered":"<p>Usando o suporte de parede integrado, o Q8 Meta pode ser pendurado como um alto-falante traseiro ou surround de alta fidelidade. Alternativamente, ele pode ser colocado sobre outro alto-falante trazendo som Dolby Atmos para a sala sem necessidade de instala\u00e7\u00e3o personalizada. Os 5,25&#8243; 12o th\u00a0a matriz de drivers Uni-Q de gera\u00e7\u00e3o com MAT\u2122 traz som [&hellip;]<\/p>\n","protected":false},"featured_media":24113,"template":"","meta":{"_acf_changed":false},"product_brand":[],"product_cat":[281,17,56],"product_tag":[],"class_list":{"0":"post-24112","1":"product","2":"type-product","3":"status-publish","4":"has-post-thumbnail","6":"product_cat-caixa-surround","7":"product_cat-caixas","8":"product_cat-kef","10":"first","11":"instock","12":"sold-individually","13":"shipping-taxable","14":"purchasable","15":"product-type-simple"},"acf":[],"aioseo_notices":[],"_links":{"self":[{"href":"https:\/\/hificlub.com.br\/loja\/wp-json\/wp\/v2\/product\/24112","targetHints":{"allow":["GET"]}}],"collection":[{"href":"https:\/\/hificlub.com.br\/loja\/wp-json\/wp\/v2\/product"}],"about":[{"href":"https:\/\/hificlub.com.br\/loja\/wp-json\/wp\/v2\/types\/product"}],"wp:featuredmedia":[{"embeddable":true,"href":"https:\/\/hificlub.com.br\/loja\/wp-json\/wp\/v2\/media\/24113"}],"wp:attachment":[{"href":"https:\/\/hificlub.com.br\/loja\/wp-json\/wp\/v2\/media?parent=24112"}],"wp:term":[{"taxonomy":"product_brand","embeddable":true,"href":"https:\/\/hificlub.com.br\/loja\/wp-json\/wp\/v2\/product_brand?post=24112"},{"taxonomy":"product_cat","embeddable":true,"href":"https:\/\/hificlub.com.br\/loja\/wp-json\/wp\/v2\/product_cat?post=24112"},{"taxonomy":"product_tag","embeddable":true,"href":"https:\/\/hificlub.com.br\/loja\/wp-json\/wp\/v2\/product_tag?post=24112"}],"curies":[{"name":"wp","href":"https:\/\/api.w.org\/{rel}","templated":true}]}}