{"id":2411,"date":"2023-10-17T20:00:38","date_gmt":"2023-10-17T23:00:38","guid":{"rendered":"https:\/\/hificlub.com.br\/loja2\/produto\/primare-i21-75-watts-high-current\/"},"modified":"2025-11-26T07:30:54","modified_gmt":"2025-11-26T10:30:54","slug":"primare-i21-75-watts-high-current","status":"publish","type":"product","link":"https:\/\/hificlub.com.br\/loja\/produto\/primare-i21-75-watts-high-current\/","title":{"rendered":"PRIMARE i21 Amplificador Integrado 75 watts High Current"},"content":{"rendered":"<p>ESTADO 9\/10<\/p>\n<p>O I21 \u00e9 um amplificador compacto projetado para produzir a corrente necess\u00e1ria para acionar cargas exigentes de alto-falantes para maior fidelidade. Reais \u200b\u200b75 watts por canal s\u00e3o gerados por um enorme transformador toroidal de 800VA, que, sendo consistente com a filosofia de design dual-mono da Primare, possui enrolamentos separados para os canais esquerdo e direito. Para manter a energia limpa e prodigiosa, os est\u00e1gios do driver e do pr\u00e9-amplificador &#8211; e at\u00e9 mesmo a alimenta\u00e7\u00e3o do painel frontal &#8211; s\u00e3o regulados individualmente em sete etapas.<\/p>\n<p>High Current Dual Mono Integrated Amplifier.<br \/>\nInputs: 4: Unbalanced Stereo &#8211; RCA<br \/>\nOutputs: 1: Unbalanced Record Output &#8211; Stereo RCA, 1: Unbalanced Preamp Output &#8211; Stereo RCA<br \/>\nOutput Power:<br \/>\n75 Watts RMS x 2, 20 Hz &#8211; 20 kHz, 8 \u2126, Both Channels Driven.<br \/>\n125 Watts RMS x 2, 20 Hz &#8211; 20 kHz, 4 \u2126, Both Channels Driven<br \/>\nMode of Operation: Dual Mono Construction:<br \/>\nTotally Independent Power Supplies (1 Per Channel)<br \/>\nCurrent Capacity 25 Amperes Peak Per Channel<br \/>\nFrequency response: &lt;10 Hz-100 kHz, -3 dB.<br \/>\nFull Remote Control<br \/>\nDimensions: W 430mm x D 385mm x H 100mm<\/p>\n","protected":false},"excerpt":{"rendered":"<p>ESTADO 9\/10 O I21 \u00e9 um amplificador compacto projetado para produzir a corrente necess\u00e1ria para acionar cargas exigentes de alto-falantes para maior fidelidade. Reais \u200b\u200b75 watts por canal s\u00e3o gerados por um enorme transformador toroidal de 800VA, que, sendo consistente com a filosofia de design dual-mono da Primare, possui enrolamentos separados para os canais esquerdo [&hellip;]<\/p>\n","protected":false},"featured_media":2409,"template":"","meta":{"_acf_changed":false},"product_brand":[],"product_cat":[27,51,60],"product_tag":[],"class_list":{"0":"post-2411","1":"product","2":"type-product","3":"status-publish","4":"has-post-thumbnail","6":"product_cat-amplificador","7":"product_cat-integrado","8":"product_cat-primare","10":"first","11":"instock","12":"sold-individually","13":"shipping-taxable","14":"purchasable","15":"product-type-simple"},"acf":[],"aioseo_notices":[],"_links":{"self":[{"href":"https:\/\/hificlub.com.br\/loja\/wp-json\/wp\/v2\/product\/2411","targetHints":{"allow":["GET"]}}],"collection":[{"href":"https:\/\/hificlub.com.br\/loja\/wp-json\/wp\/v2\/product"}],"about":[{"href":"https:\/\/hificlub.com.br\/loja\/wp-json\/wp\/v2\/types\/product"}],"wp:featuredmedia":[{"embeddable":true,"href":"https:\/\/hificlub.com.br\/loja\/wp-json\/wp\/v2\/media\/2409"}],"wp:attachment":[{"href":"https:\/\/hificlub.com.br\/loja\/wp-json\/wp\/v2\/media?parent=2411"}],"wp:term":[{"taxonomy":"product_brand","embeddable":true,"href":"https:\/\/hificlub.com.br\/loja\/wp-json\/wp\/v2\/product_brand?post=2411"},{"taxonomy":"product_cat","embeddable":true,"href":"https:\/\/hificlub.com.br\/loja\/wp-json\/wp\/v2\/product_cat?post=2411"},{"taxonomy":"product_tag","embeddable":true,"href":"https:\/\/hificlub.com.br\/loja\/wp-json\/wp\/v2\/product_tag?post=2411"}],"curies":[{"name":"wp","href":"https:\/\/api.w.org\/{rel}","templated":true}]}}