{"id":24102,"date":"2025-07-13T12:52:08","date_gmt":"2025-07-13T15:52:08","guid":{"rendered":"https:\/\/hificlub.com.br\/loja\/?post_type=product&#038;p=24102"},"modified":"2026-03-03T22:15:43","modified_gmt":"2026-03-04T01:15:43","slug":"kef-q750-caixa-torre-de-2-vias-150w-par","status":"publish","type":"product","link":"https:\/\/hificlub.com.br\/loja\/produto\/kef-q750-caixa-torre-de-2-vias-150w-par\/","title":{"rendered":"KEF Q750 &#8211; Caixa Torre de 2 vias 150w &#8211; Black (par)"},"content":{"rendered":"<p><strong>Sentido \u201cSente-se em qualquer lugar\u201d Uni-Q<\/strong><br \/>\nNo cora\u00e7\u00e3o da evolu\u00edda Q Series \u00e9 a matriz do driver Uni-Q. A inova\u00e7\u00e3o de assinatura coloca o tweeter no centro ac\u00fastico do meio e do baixo, trazendo o ideal ac\u00fastico de uma \u00fanica fonte pontual mais pr\u00f3xima do que nunca para a realiza\u00e7\u00e3o. O resultado \u00e9 uma imagem de som tridimensional mais detalhada e precisa, que \u00e9 dispersa de forma mais uniforme em toda a sala do que \u00e9 poss\u00edvel com qualquer falante convencional. A dispers\u00e3o ultra-larga da Uni-Q \u00e9 ainda melhorada atrav\u00e9s do guia de ondas \u201ctangerina\u201d da KEF sobre o dome do tweeter.Tubo de carregamento do tweeter amortecido.<\/p>\n<p>Com a adi\u00e7\u00e3o do tubo de carregamento do tweeter amortecido proporcionando uma termina\u00e7\u00e3o suave do som produzido na parte de tr\u00e1s do tweeter, o desempenho de agudos mais baixo \u00e9 melhorado drasticamente e um novo indutor de baixa distor\u00e7\u00e3o no crossover fornece um baixo mais limpo.<br \/>\nTubo de carregamento do tweeter amortecido.<\/p>\n<p><strong>Novo design do sistema<\/strong><br \/>\nO design do gabinete de midrange da caixa fechada reduz a carga no cone intermedi\u00e1rio Uni-Q, aumentando a clareza e os detalhes enquanto fornece baixos mais potentes. A clareza Midrange \u00e9 aprimorada novamente atrav\u00e9s de melhorias no driver do meio-baixo que permitiram que o capacitor de bloqueio DC fosse eliminado. A remo\u00e7\u00e3o tamb\u00e9m criou um rebaixamento de graves mais natural entre os drivers.<\/p>\n<p><strong>Novo design do sistema. Drivers e ABR Beefier LF<\/strong><br \/>\nOs drivers de baixa frequ\u00eancia (LF) agora t\u00eam um rolo de rolagem maior, juntamente com uma nova suspens\u00e3o para produzir baixos baixos em volumes altos. Uma nova estrutura de cone melhora a clareza de alcance m\u00e9dio e um Radiador de graves auxiliar aprimorado (ABR) com uma nova suspens\u00e3o surround e traseira oferece um baixo controle melhorado e mais impressionante.<\/p>\n<p>&nbsp;<\/p>\n<p><a href=\"https:\/\/www.whathifi.com\/news\/new-kef-q-series-speakers-aim-to-be-better-ever\" target=\"_blank\" rel=\"noopener\"><img loading=\"lazy\" decoding=\"async\" class=\"alignnone wp-image-23344\" src=\"https:\/\/hificlub.com.br\/loja\/wp-content\/uploads\/2023\/10\/what-hifi-awards-14.png\" alt=\"\" width=\"278\" height=\"141\" srcset=\"https:\/\/hificlub.com.br\/loja\/wp-content\/uploads\/2023\/10\/what-hifi-awards-14.png 316w, https:\/\/hificlub.com.br\/loja\/wp-content\/uploads\/2023\/10\/what-hifi-awards-14-300x152.png 300w\" sizes=\"auto, (max-width: 278px) 100vw, 278px\" \/><\/a><\/p>\n","protected":false},"excerpt":{"rendered":"<p>Sentido \u201cSente-se em qualquer lugar\u201d Uni-Q No cora\u00e7\u00e3o da evolu\u00edda Q Series \u00e9 a matriz do driver Uni-Q. A inova\u00e7\u00e3o de assinatura coloca o tweeter no centro ac\u00fastico do meio e do baixo, trazendo o ideal ac\u00fastico de uma \u00fanica fonte pontual mais pr\u00f3xima do que nunca para a realiza\u00e7\u00e3o. O resultado \u00e9 uma imagem [&hellip;]<\/p>\n","protected":false},"featured_media":24103,"template":"","meta":{"_acf_changed":false},"product_brand":[],"product_cat":[17,56,18],"product_tag":[],"class_list":{"0":"post-24102","1":"product","2":"type-product","3":"status-publish","4":"has-post-thumbnail","6":"product_cat-caixas","7":"product_cat-kef","8":"product_cat-torres","10":"first","11":"instock","12":"sold-individually","13":"shipping-taxable","14":"purchasable","15":"product-type-simple"},"acf":[],"aioseo_notices":[],"_links":{"self":[{"href":"https:\/\/hificlub.com.br\/loja\/wp-json\/wp\/v2\/product\/24102","targetHints":{"allow":["GET"]}}],"collection":[{"href":"https:\/\/hificlub.com.br\/loja\/wp-json\/wp\/v2\/product"}],"about":[{"href":"https:\/\/hificlub.com.br\/loja\/wp-json\/wp\/v2\/types\/product"}],"wp:featuredmedia":[{"embeddable":true,"href":"https:\/\/hificlub.com.br\/loja\/wp-json\/wp\/v2\/media\/24103"}],"wp:attachment":[{"href":"https:\/\/hificlub.com.br\/loja\/wp-json\/wp\/v2\/media?parent=24102"}],"wp:term":[{"taxonomy":"product_brand","embeddable":true,"href":"https:\/\/hificlub.com.br\/loja\/wp-json\/wp\/v2\/product_brand?post=24102"},{"taxonomy":"product_cat","embeddable":true,"href":"https:\/\/hificlub.com.br\/loja\/wp-json\/wp\/v2\/product_cat?post=24102"},{"taxonomy":"product_tag","embeddable":true,"href":"https:\/\/hificlub.com.br\/loja\/wp-json\/wp\/v2\/product_tag?post=24102"}],"curies":[{"name":"wp","href":"https:\/\/api.w.org\/{rel}","templated":true}]}}