{"id":24092,"date":"2025-07-12T20:54:25","date_gmt":"2025-07-12T23:54:25","guid":{"rendered":"https:\/\/hificlub.com.br\/loja\/?post_type=product&#038;p=24092"},"modified":"2026-03-09T10:03:48","modified_gmt":"2026-03-09T13:03:48","slug":"mcintosh-ma6300-amplificador-integrado-de-2-canais","status":"publish","type":"product","link":"https:\/\/hificlub.com.br\/loja\/produto\/mcintosh-ma6300-amplificador-integrado-de-2-canais\/","title":{"rendered":"McINTOSH MA6300 &#8211; Amplificador Integrado de 2 Canais"},"content":{"rendered":"<p>O MA6300 \u00e9 o mais recente amplificador integrado, rico em todas as tecnologias premium pelas quais a McIntosh \u00e9 famosa, incluindo o Sistema de Garantia de Pot\u00eancia e a Comuta\u00e7\u00e3o Eletromagn\u00e9tica Silenciosa. Com 100 watts por canal a 8 ohms e 160 watts em cargas de 4 ohms, o MA6300 pode alimentar praticamente qualquer caixa de som sem esfor\u00e7o, a partir de uma das sete op\u00e7\u00f5es de fonte: CD1, CD2, Sintonizador, Fone, Fita, TV e DVD.<\/p>\n<p>O MA6300 conta com um amplificador de fones de ouvido dedicado e de alto desempenho, com baixo ru\u00eddo, resposta de frequ\u00eancia estendida e amplo ganho para levar os fones de ouvido da mais alta qualidade a n\u00edveis realistas. Um conector robusto de \u00bc\u201d no painel frontal \u00e9 facilmente acess\u00edvel e proporciona anos de prazer auditivo pessoal.<\/p>\n<p>Um par de medidores de sa\u00edda &#8220;olhos azuis&#8221; distintos destaca o painel frontal de vidro iluminado por fibra \u00f3ptica, a partir do qual os controles de Balan\u00e7o, Volume, Mudo, Standby\/Ligado e os sete bot\u00f5es de sele\u00e7\u00e3o de fonte s\u00e3o facilmente acess\u00edveis. Um atraso na ativa\u00e7\u00e3o evita estalos ou pancadas irritantes, protegendo os alto-falantes.<\/p>\n<p>Somente a McIntosh pode combinar dois componentes b\u00e1sicos de \u00e1udio em um \u00fanico instrumento e ainda manter o desempenho, a qualidade e a confiabilidade tradicionais da McIntosh. O MA6300 oferece tudo isso em uma configura\u00e7\u00e3o mais compacta e que economiza espa\u00e7o. Aqueles que consideram um sistema McIntosh pela primeira vez encontrar\u00e3o no MA6300 um lugar muito confort\u00e1vel para come\u00e7ar.<\/p>\n<ul>\n<li>100 Watts x 2 channel into 8 Ohms<\/li>\n<li>150 Watts x 2 channel into 4 Ohms<\/li>\n<\/ul>\n<p>&nbsp;<\/p>\n<p><a href=\"https:\/\/hometheaterhifi-com.translate.goog\/reviews\/amplifier\/integrated-amplifiers\/a-secrets-integrated-amp-system-review\/?_x_tr_sl=en&amp;_x_tr_tl=pt&amp;_x_tr_hl=pt&amp;_x_tr_pto=tc\"><img loading=\"lazy\" decoding=\"async\" class=\"alignnone size-full wp-image-24021\" src=\"https:\/\/hificlub.com.br\/loja\/wp-content\/uploads\/2025\/07\/Home-Theather-High-Fidelity-award.jpg\" alt=\"\" width=\"291\" height=\"122\" \/><\/a>\u00a0 \u00a0 <img loading=\"lazy\" decoding=\"async\" class=\"alignnone size-full wp-image-24093\" src=\"https:\/\/hificlub.com.br\/loja\/wp-content\/uploads\/2025\/07\/McINTOSH-logo.jpg\" alt=\"\" width=\"158\" height=\"89\" \/><\/p>\n","protected":false},"excerpt":{"rendered":"<p>O MA6300 \u00e9 o mais recente amplificador integrado, rico em todas as tecnologias premium pelas quais a McIntosh \u00e9 famosa, incluindo o Sistema de Garantia de Pot\u00eancia e a Comuta\u00e7\u00e3o Eletromagn\u00e9tica Silenciosa. Com 100 watts por canal a 8 ohms e 160 watts em cargas de 4 ohms, o MA6300 pode alimentar praticamente qualquer caixa [&hellip;]<\/p>\n","protected":false},"featured_media":24094,"template":"","meta":{"_acf_changed":false},"product_brand":[],"product_cat":[27,51,39],"product_tag":[],"class_list":{"0":"post-24092","1":"product","2":"type-product","3":"status-publish","4":"has-post-thumbnail","6":"product_cat-amplificador","7":"product_cat-integrado","8":"product_cat-mcintosh","10":"first","11":"instock","12":"sold-individually","13":"shipping-taxable","14":"purchasable","15":"product-type-simple"},"acf":[],"aioseo_notices":[],"_links":{"self":[{"href":"https:\/\/hificlub.com.br\/loja\/wp-json\/wp\/v2\/product\/24092","targetHints":{"allow":["GET"]}}],"collection":[{"href":"https:\/\/hificlub.com.br\/loja\/wp-json\/wp\/v2\/product"}],"about":[{"href":"https:\/\/hificlub.com.br\/loja\/wp-json\/wp\/v2\/types\/product"}],"wp:featuredmedia":[{"embeddable":true,"href":"https:\/\/hificlub.com.br\/loja\/wp-json\/wp\/v2\/media\/24094"}],"wp:attachment":[{"href":"https:\/\/hificlub.com.br\/loja\/wp-json\/wp\/v2\/media?parent=24092"}],"wp:term":[{"taxonomy":"product_brand","embeddable":true,"href":"https:\/\/hificlub.com.br\/loja\/wp-json\/wp\/v2\/product_brand?post=24092"},{"taxonomy":"product_cat","embeddable":true,"href":"https:\/\/hificlub.com.br\/loja\/wp-json\/wp\/v2\/product_cat?post=24092"},{"taxonomy":"product_tag","embeddable":true,"href":"https:\/\/hificlub.com.br\/loja\/wp-json\/wp\/v2\/product_tag?post=24092"}],"curies":[{"name":"wp","href":"https:\/\/api.w.org\/{rel}","templated":true}]}}