{"id":24081,"date":"2025-07-12T12:57:34","date_gmt":"2025-07-12T15:57:34","guid":{"rendered":"https:\/\/hificlub.com.br\/loja\/?post_type=product&#038;p=24081"},"modified":"2026-03-03T22:15:43","modified_gmt":"2026-03-04T01:15:43","slug":"kef-q6-meta-caixa-central-de-3-vias","status":"publish","type":"product","link":"https:\/\/hificlub.com.br\/loja\/produto\/kef-q6-meta-caixa-central-de-3-vias\/","title":{"rendered":"KEF Q6 Meta Satin Black &#8211;  Caixa Central de 3 vias"},"content":{"rendered":"<p id=\"i2vgs7m\" data-dynamic-prop=\"\/productInfo\/USP.USP_Description\/3\" data-highlightable=\"1\"><strong>Caixa central de 3 vias<\/strong><\/p>\n<p id=\"ijejuw1\" data-dynamic-prop=\"\/productInfo\/USP.USP_Description\/4\" data-highlightable=\"1\">Projetado cuidadosamente para ser usado como canal esquerdo\/centro\/direita (LCR), o alto-falante Q6 Meta \u00e9 o complemento perfeito para qualquer home theater ou sistema de \u00e1udio. Projetado para integrar-se perfeitamente com quaisquer alto-falantes Q Series, o Q6 Meta apresenta um 12<sup>o th<\/sup>\u00a0gera\u00e7\u00e3o Uni-Q matriz de driver equipado com MAT\u2122.<\/p>\n<p data-dynamic-prop=\"\/productInfo\/USP.USP_Description\/4\" data-highlightable=\"1\">O alto-falante Q6 Meta integra-se perfeitamente aos sistemas existentes de home theater. Meticulosamente projetado para complementar uma variedade de amplificadores e receptores, o Q6 Meta garante a m\u00e1xima compatibilidade enquanto aprimora a experi\u00eancia geral de \u00e1udio.<\/p>\n<p>O design vers\u00e1til do alto-falante Q6 Meta permite que ele trabalhe em harmonia com outros modelos de alto-falantes, proporcionando um som elegante, coeso e de alta qualidade dentro de sua configura\u00e7\u00e3o de home theater.<\/p>\n<p data-dynamic-prop=\"\/productInfo\/USP.USP_Description\/4\" data-highlightable=\"1\">O alto-falante central desempenha uma fun\u00e7\u00e3o vital, reproduzindo di\u00e1logos, vocais e outros elementos de \u00e1udio cruciais. Ao ter um canal dedicado para essas fontes sonoras prim\u00e1rias, elas podem ser posicionadas com precis\u00e3o e mantidas em foco claro dentro da paisagem sonora geral. Al\u00e9m disso, o alto-falante central ajuda a gerar um ambiente de \u00e1udio frontal mais amplo e coeso quando usado em conjunto com os alto-falantes esquerdo e direito. Isso proporciona maior flexibilidade em como o som pode ser colocado e movido dinamicamente sobre a \u00e1rea de escuta. Em \u00faltima an\u00e1lise, o alto-falante central \u00e9 um componente essencial nos sistemas de som surround e cinema em casa, equilibrando a mistura para oferecer uma experi\u00eancia de \u00e1udio imersiva e teatral.<\/p>\n<p data-dynamic-prop=\"\/productInfo\/USP.USP_Description\/4\" data-highlightable=\"1\">\n","protected":false},"excerpt":{"rendered":"<p>Caixa central de 3 vias Projetado cuidadosamente para ser usado como canal esquerdo\/centro\/direita (LCR), o alto-falante Q6 Meta \u00e9 o complemento perfeito para qualquer home theater ou sistema de \u00e1udio. Projetado para integrar-se perfeitamente com quaisquer alto-falantes Q Series, o Q6 Meta apresenta um 12o th\u00a0gera\u00e7\u00e3o Uni-Q matriz de driver equipado com MAT\u2122. O alto-falante [&hellip;]<\/p>\n","protected":false},"featured_media":27712,"template":"","meta":{"_acf_changed":false},"product_brand":[],"product_cat":[35,17,56],"product_tag":[],"class_list":{"0":"post-24081","1":"product","2":"type-product","3":"status-publish","4":"has-post-thumbnail","6":"product_cat-caixas-centrais","7":"product_cat-caixas","8":"product_cat-kef","10":"first","11":"instock","12":"sold-individually","13":"shipping-taxable","14":"purchasable","15":"product-type-simple"},"acf":[],"aioseo_notices":[],"_links":{"self":[{"href":"https:\/\/hificlub.com.br\/loja\/wp-json\/wp\/v2\/product\/24081","targetHints":{"allow":["GET"]}}],"collection":[{"href":"https:\/\/hificlub.com.br\/loja\/wp-json\/wp\/v2\/product"}],"about":[{"href":"https:\/\/hificlub.com.br\/loja\/wp-json\/wp\/v2\/types\/product"}],"wp:featuredmedia":[{"embeddable":true,"href":"https:\/\/hificlub.com.br\/loja\/wp-json\/wp\/v2\/media\/27712"}],"wp:attachment":[{"href":"https:\/\/hificlub.com.br\/loja\/wp-json\/wp\/v2\/media?parent=24081"}],"wp:term":[{"taxonomy":"product_brand","embeddable":true,"href":"https:\/\/hificlub.com.br\/loja\/wp-json\/wp\/v2\/product_brand?post=24081"},{"taxonomy":"product_cat","embeddable":true,"href":"https:\/\/hificlub.com.br\/loja\/wp-json\/wp\/v2\/product_cat?post=24081"},{"taxonomy":"product_tag","embeddable":true,"href":"https:\/\/hificlub.com.br\/loja\/wp-json\/wp\/v2\/product_tag?post=24081"}],"curies":[{"name":"wp","href":"https:\/\/api.w.org\/{rel}","templated":true}]}}