{"id":24075,"date":"2025-07-12T12:38:33","date_gmt":"2025-07-12T15:38:33","guid":{"rendered":"https:\/\/hificlub.com.br\/loja\/?post_type=product&#038;p=24075"},"modified":"2026-03-03T22:15:43","modified_gmt":"2026-03-04T01:15:43","slug":"kef-q550-caixa-torre-de-25-vias-130w","status":"publish","type":"product","link":"https:\/\/hificlub.com.br\/loja\/produto\/kef-q550-caixa-torre-de-25-vias-130w\/","title":{"rendered":"KEF Q550 &#8211; Caixa Torre de 2,5 vias &#8211; 130w"},"content":{"rendered":"<p>O Q550 2.5-way \u00e9 muito mais capaz do que seu tamanho compacto pode sugerir, oferecendo ampla largura de banda e escala completa com facilidade.<\/p>\n<p>Com o driver Uni-Q de assinatura KEF, um driver de baixo de alum\u00ednio de 130 mm (5,25 polegadas) e dois ABRs correspondentes, o Q550 oferece um desempenho audi\u00f3filo fenomenal com clareza e pot\u00eancia.<\/p>\n<p><strong>A Resposta est\u00e1 sempre no Q<\/strong><\/p>\n<p>A nova S\u00e9rie Q com MAT\u2122 sempre tem a solu\u00e7\u00e3o de som certa para voc\u00ea.<\/p>\n<p>Equipado com tecnologia inovadora de nossas gamas premium, o Q Series agora apresenta Tecnologia de Absor\u00e7\u00e3o de Metamateriais\u00a0(MAT\u2122) e o\u00a012o th gera\u00e7\u00e3o Uni-Q matriz driver. Isso garante uma qualidade de som excepcional, tornando-se uma escolha ideal para configura\u00e7\u00f5es de est\u00e9reo e home theater.<\/p>\n<p>A linha completa atende a qualquer tamanho de quarto, or\u00e7amento ou aplica\u00e7\u00e3o com modelos que incluem piso, estante, canais centrais e alto-falantes HiFi na parede. Com a versatilidade de misturar e combinar perfeitamente, a Q Series pode se adaptar \u00e0s necessidades de \u00e1udio em evolu\u00e7\u00e3o. As grades combinadas com cores est\u00e3o inclu\u00eddas nos alto-falantes.<\/p>\n<div id=\"ifu9mm\" class=\"page-width cms_precision\" data-gjs-component=\"section\" data-gjs-selectable=\"\" data-gjs-removable=\"\" data-gjs-editable=\"\"><\/div>\n<div data-gjs-component=\"section\" data-gjs-selectable=\"\" data-gjs-removable=\"\" data-gjs-editable=\"\"><\/div>\n<div data-gjs-component=\"section\" data-gjs-selectable=\"\" data-gjs-removable=\"\" data-gjs-editable=\"\"><\/div>\n<div id=\"igri9q\" class=\"page-width cms_precision\" data-gjs-component=\"section\" data-gjs-selectable=\"\" data-gjs-removable=\"\" data-gjs-editable=\"\">\n<div><\/div>\n<div><\/div>\n<div><\/div>\n<div><a href=\"https:\/\/premiumsound.co.uk\/product\/speakers\/floorstanding\/kef-q550\/?srsltid=AfmBOop5SykxZJFmRVA0zE_zCY5YL-WRpsxZz2O2_LfH6yaUT_qqLrSV\" target=\"_blank\" rel=\"noopener\"><img loading=\"lazy\" decoding=\"async\" class=\"alignnone wp-image-24076 size-full\" src=\"https:\/\/hificlub.com.br\/loja\/wp-content\/uploads\/2025\/07\/Premium-sound-award.jpg\" alt=\"\" width=\"303\" height=\"106\" srcset=\"https:\/\/hificlub.com.br\/loja\/wp-content\/uploads\/2025\/07\/Premium-sound-award.jpg 303w, https:\/\/hificlub.com.br\/loja\/wp-content\/uploads\/2025\/07\/Premium-sound-award-300x106.jpg 300w\" sizes=\"auto, (max-width: 303px) 100vw, 303px\" \/><\/a><\/div>\n<\/div>\n","protected":false},"excerpt":{"rendered":"<p>O Q550 2.5-way \u00e9 muito mais capaz do que seu tamanho compacto pode sugerir, oferecendo ampla largura de banda e escala completa com facilidade. Com o driver Uni-Q de assinatura KEF, um driver de baixo de alum\u00ednio de 130 mm (5,25 polegadas) e dois ABRs correspondentes, o Q550 oferece um desempenho audi\u00f3filo fenomenal com clareza [&hellip;]<\/p>\n","protected":false},"featured_media":24078,"template":"","meta":{"_acf_changed":false},"product_brand":[],"product_cat":[17,56,18],"product_tag":[],"class_list":{"0":"post-24075","1":"product","2":"type-product","3":"status-publish","4":"has-post-thumbnail","6":"product_cat-caixas","7":"product_cat-kef","8":"product_cat-torres","10":"first","11":"instock","12":"sold-individually","13":"shipping-taxable","14":"purchasable","15":"product-type-simple"},"acf":[],"aioseo_notices":[],"_links":{"self":[{"href":"https:\/\/hificlub.com.br\/loja\/wp-json\/wp\/v2\/product\/24075","targetHints":{"allow":["GET"]}}],"collection":[{"href":"https:\/\/hificlub.com.br\/loja\/wp-json\/wp\/v2\/product"}],"about":[{"href":"https:\/\/hificlub.com.br\/loja\/wp-json\/wp\/v2\/types\/product"}],"wp:featuredmedia":[{"embeddable":true,"href":"https:\/\/hificlub.com.br\/loja\/wp-json\/wp\/v2\/media\/24078"}],"wp:attachment":[{"href":"https:\/\/hificlub.com.br\/loja\/wp-json\/wp\/v2\/media?parent=24075"}],"wp:term":[{"taxonomy":"product_brand","embeddable":true,"href":"https:\/\/hificlub.com.br\/loja\/wp-json\/wp\/v2\/product_brand?post=24075"},{"taxonomy":"product_cat","embeddable":true,"href":"https:\/\/hificlub.com.br\/loja\/wp-json\/wp\/v2\/product_cat?post=24075"},{"taxonomy":"product_tag","embeddable":true,"href":"https:\/\/hificlub.com.br\/loja\/wp-json\/wp\/v2\/product_tag?post=24075"}],"curies":[{"name":"wp","href":"https:\/\/api.w.org\/{rel}","templated":true}]}}