{"id":24067,"date":"2025-07-12T12:10:22","date_gmt":"2025-07-12T15:10:22","guid":{"rendered":"https:\/\/hificlub.com.br\/loja\/?post_type=product&#038;p=24067"},"modified":"2026-03-03T22:15:44","modified_gmt":"2026-03-04T01:15:44","slug":"kef-q50a-dolby-atmos-caixa-surround-2-vias-100w-par","status":"publish","type":"product","link":"https:\/\/hificlub.com.br\/loja\/produto\/kef-q50a-dolby-atmos-caixa-surround-2-vias-100w-par\/","title":{"rendered":"KEF Q50A Dolby Atmos &#8211; Caixa Surround 2 vias &#8211; 100w (par)"},"content":{"rendered":"<p id=\"i2vgs7m\" data-dynamic-prop=\"\/productInfo\/USP.USP_Description\/3\" data-highlightable=\"1\"><strong>Dolby Atmos surround flex\u00edvel<\/strong><\/p>\n<p id=\"ijejuw1\" data-dynamic-prop=\"\/productInfo\/USP.USP_Description\/4\" data-highlightable=\"1\">A Dolby Atmos oferece o potencial para um cinema de imers\u00e3o completa, o Q50a usa a tecnologia Uni-Q para entreg\u00e1-lo com todo o efeito.<\/p>\n<p>Otimizado para sistemas de home theater Q Series, o Q50a Dolby Atmos-Enabled Surround Speaker apresenta a mais recente matriz de drivers Uni-Q e tecnologia avan\u00e7ada para din\u00e2micas s\u00e9rias e som preciso e limpo.<\/p>\n<p id=\"ijgvyk\" data-dynamic-prop=\"\/productInfo\/Feature Content.Feature-content-3\/3\" data-highlightable=\"1\"><strong>Alto-falante Surround habilitado para Dolby Atmos<\/strong><\/p>\n<p id=\"ib0zk8\" data-dynamic-prop=\"\/productInfo\/Feature Content.Feature-content-3\/4\" data-highlightable=\"1\">O Q50a traz a altura Dolby Atmos imersiva para os sistemas de home theater da Q Series. Tamb\u00e9m \u00e9 facilmente montado na parede para uma experi\u00eancia de som surround de alta fidelidade. Seu Damped Tweeter Loading Tube produz um som de alta frequ\u00eancia detalhado e natural, e o estilo significa que o Q50a se misturar\u00e1 perfeitamente em qualquer interior.<\/p>\n<p id=\"ibd3bk\" data-dynamic-prop=\"\/productInfo\/Feature Content.Feature-content-4\/3\" data-highlightable=\"1\"><strong>Dolby Atmos. Sem esfor\u00e7o.<\/strong><\/p>\n<p id=\"i0kxii\" data-dynamic-prop=\"\/productInfo\/Feature Content.Feature-content-4\/5\" data-highlightable=\"1\">Sentir tudo e estar verdadeiramente dentro da a\u00e7\u00e3o. Ao incorporar o m\u00f3dulo de alto-falantes Dolby Atmos habilitado para disparo Q50a em sat\u00e9lites dianteiros e traseiros, um palco sonoro incrivelmente realista e multidimensional \u00e9 criado \u2013 ou\u00e7a os sons imersivos de helic\u00f3pteros a\u00e9reos girando acima, sinta a alegria de voar e balan\u00e7ar ao lado de super-her\u00f3is e deixe a m\u00fasica cativante envolv\u00ea-lo.<\/p>\n<p data-dynamic-prop=\"\/productInfo\/Feature Content.Feature-content-4\/5\" data-highlightable=\"1\"><a href=\"https:\/\/assets.kef.com\/uploads\/cm\/avtech_awards_17_KEF_Q_Reprint-LOW.pdf\" target=\"_blank\" rel=\"noopener\"><img loading=\"lazy\" decoding=\"async\" class=\"alignnone wp-image-5468\" src=\"https:\/\/hificlub.com.br\/loja\/wp-content\/uploads\/2023\/11\/awards_av-tech-gold-300.jpg\" alt=\"\" width=\"204\" height=\"204\" srcset=\"https:\/\/hificlub.com.br\/loja\/wp-content\/uploads\/2023\/11\/awards_av-tech-gold-300.jpg 400w, https:\/\/hificlub.com.br\/loja\/wp-content\/uploads\/2023\/11\/awards_av-tech-gold-300-300x300.jpg 300w, https:\/\/hificlub.com.br\/loja\/wp-content\/uploads\/2023\/11\/awards_av-tech-gold-300-150x150.jpg 150w, https:\/\/hificlub.com.br\/loja\/wp-content\/uploads\/2023\/11\/awards_av-tech-gold-300-225x225.jpg 225w, https:\/\/hificlub.com.br\/loja\/wp-content\/uploads\/2023\/11\/awards_av-tech-gold-300-100x100.jpg 100w\" sizes=\"auto, (max-width: 204px) 100vw, 204px\" \/><\/a><\/p>\n","protected":false},"excerpt":{"rendered":"<p>Dolby Atmos surround flex\u00edvel A Dolby Atmos oferece o potencial para um cinema de imers\u00e3o completa, o Q50a usa a tecnologia Uni-Q para entreg\u00e1-lo com todo o efeito. Otimizado para sistemas de home theater Q Series, o Q50a Dolby Atmos-Enabled Surround Speaker apresenta a mais recente matriz de drivers Uni-Q e tecnologia avan\u00e7ada para din\u00e2micas [&hellip;]<\/p>\n","protected":false},"featured_media":24069,"template":"","meta":{"_acf_changed":false},"product_brand":[],"product_cat":[281,17,56],"product_tag":[],"class_list":{"0":"post-24067","1":"product","2":"type-product","3":"status-publish","4":"has-post-thumbnail","6":"product_cat-caixa-surround","7":"product_cat-caixas","8":"product_cat-kef","10":"first","11":"instock","12":"sold-individually","13":"shipping-taxable","14":"purchasable","15":"product-type-simple"},"acf":[],"aioseo_notices":[],"_links":{"self":[{"href":"https:\/\/hificlub.com.br\/loja\/wp-json\/wp\/v2\/product\/24067","targetHints":{"allow":["GET"]}}],"collection":[{"href":"https:\/\/hificlub.com.br\/loja\/wp-json\/wp\/v2\/product"}],"about":[{"href":"https:\/\/hificlub.com.br\/loja\/wp-json\/wp\/v2\/types\/product"}],"wp:featuredmedia":[{"embeddable":true,"href":"https:\/\/hificlub.com.br\/loja\/wp-json\/wp\/v2\/media\/24069"}],"wp:attachment":[{"href":"https:\/\/hificlub.com.br\/loja\/wp-json\/wp\/v2\/media?parent=24067"}],"wp:term":[{"taxonomy":"product_brand","embeddable":true,"href":"https:\/\/hificlub.com.br\/loja\/wp-json\/wp\/v2\/product_brand?post=24067"},{"taxonomy":"product_cat","embeddable":true,"href":"https:\/\/hificlub.com.br\/loja\/wp-json\/wp\/v2\/product_cat?post=24067"},{"taxonomy":"product_tag","embeddable":true,"href":"https:\/\/hificlub.com.br\/loja\/wp-json\/wp\/v2\/product_tag?post=24067"}],"curies":[{"name":"wp","href":"https:\/\/api.w.org\/{rel}","templated":true}]}}