{"id":24060,"date":"2025-07-12T11:54:50","date_gmt":"2025-07-12T14:54:50","guid":{"rendered":"https:\/\/hificlub.com.br\/loja\/?post_type=product&#038;p=24060"},"modified":"2026-03-03T22:15:44","modified_gmt":"2026-03-04T01:15:44","slug":"kef-q4-meta-caixa-de-parede-2-vias-unid","status":"publish","type":"product","link":"https:\/\/hificlub.com.br\/loja\/produto\/kef-q4-meta-caixa-de-parede-2-vias-unid\/","title":{"rendered":"KEF Q4 Meta &#8211; Caixa para Parede &#8211; 2 vias (unid.)"},"content":{"rendered":"<p id=\"i2vgs7m\" data-dynamic-prop=\"\/productInfo\/USP.USP_Description\/3\" data-highlightable=\"1\"><strong>Caixa de parede 2-way<\/strong><\/p>\n<p id=\"ijejuw1\" data-dynamic-prop=\"\/productInfo\/USP.USP_Description\/4\" data-highlightable=\"1\">O fino e elegante Q4 Meta \u00e9 um alto-falante na parede altamente vers\u00e1til que pode ser usado como alto-falante esquerdo, central e direito (LCR), ou como alto-falante surround. Apresentando um 5.25&#8243; 12<sup>o th<\/sup>\u00a0gera\u00e7\u00e3o de matriz de driver Uni-Q com MAT\u2122, o alto-falante HiFi oferece uma paisagem sonora expansiva e imersiva sem ocupar espa\u00e7o valioso.<\/p>\n<div id=\"ifu9mm\" class=\"page-width cms_precision\" data-gjs-component=\"section\" data-gjs-selectable=\"\" data-gjs-removable=\"\" data-gjs-editable=\"\">\n<div id=\"i89i2k\"><strong>A Resposta est\u00e1 sempre no Q<\/strong><\/div>\n<div id=\"igwbm4\">A nova S\u00e9rie Q com MAT\u2122 sempre tem a solu\u00e7\u00e3o de som certa para voc\u00ea.<\/div>\n<div><\/div>\n<div>Equipado com tecnologia inovadora de nossas gamas premium, o Q Series agora apresenta <u>Tecnologia de Absor\u00e7\u00e3o de Metamateriais<\/u>\u00a0(MAT\u2122) e o\u00a0<u>12<sup>o th<\/sup>\u00a0gera\u00e7\u00e3o Uni-Q\u00a0<\/u>matriz driver. Isso garante uma qualidade de som excepcional, tornando-se uma escolha ideal para configura\u00e7\u00f5es de est\u00e9reo e home theater.<\/div>\n<\/div>\n<div id=\"igri9q\" class=\"page-width cms_precision\" data-gjs-component=\"section\" data-gjs-selectable=\"\" data-gjs-removable=\"\" data-gjs-editable=\"\">\n<div id=\"ip9ysq\">A linha completa atende a qualquer tamanho de quarto, or\u00e7amento ou aplica\u00e7\u00e3o com modelos que incluem piso, estante, canais centrais e alto-falantes HiFi na parede. Com a versatilidade de misturar e combinar perfeitamente, a Q Series pode se adaptar \u00e0s necessidades de \u00e1udio em evolu\u00e7\u00e3o. As grades combinadas com cores est\u00e3o inclu\u00eddas nos alto-falantes.<\/div>\n<\/div>\n<div><\/div>\n<div>O alto-falante Q4 Meta se destaca pela alta versatilidade e design esbelto. O alto-falante HiFi na parede pode ser usado em uma configura\u00e7\u00e3o LCR ou como um alto-falante de som surround, tornando-o ideal para quartos com pouco espa\u00e7o.<br \/>\nComo todos os novos alto-falantes Q Series, o Q4 Meta apresenta uma matriz de driver Uni-Q de 12a gera\u00e7\u00e3o com MAT\u2122, que oferece uma paisagem sonora expansiva e imersiva.<\/div>\n<div><\/div>\n<div>Um alto-falante LCR, abrevia\u00e7\u00e3o de alto-falante &#8220;esquerda, centro, direita&#8221;, \u00e9 uma configura\u00e7\u00e3o de \u00e1udio vers\u00e1til que pode ser usada como um conjunto de alto-falantes frontais esquerdo e direito ou como um alto-falante de canal central dedicado. os alto-falantes LCR s\u00e3o comumente empregados em cinema dom\u00e9stico, som surround e configura\u00e7\u00f5es de \u00e1udio profissionais para criar uma paisagem sonora mais ampla e imersiva. Ao posicionar di\u00e1logos, m\u00fasicas e efeitos sonoros nos tr\u00eas canais distintos esquerdo, central e direito, os sistemas de alto-falantes LCR permitem controle preciso sobre a coloca\u00e7\u00e3o e direcionalidade dos elementos de \u00e1udio.<\/div>\n<div><\/div>\n<div><\/div>\n<div><a href=\"https:\/\/pmamagazine.org\/kef-introduces-the-new-successor-to-the-award-winning-q-series-the-q-series-with-mat\/\"><img loading=\"lazy\" decoding=\"async\" class=\"alignnone size-full wp-image-23097\" src=\"https:\/\/hificlub.com.br\/loja\/wp-content\/uploads\/2025\/06\/PMA-magazine-award.jpg\" alt=\"\" width=\"210\" height=\"128\" \/><\/a><\/div>\n","protected":false},"excerpt":{"rendered":"<p>Caixa de parede 2-way O fino e elegante Q4 Meta \u00e9 um alto-falante na parede altamente vers\u00e1til que pode ser usado como alto-falante esquerdo, central e direito (LCR), ou como alto-falante surround. Apresentando um 5.25&#8243; 12o th\u00a0gera\u00e7\u00e3o de matriz de driver Uni-Q com MAT\u2122, o alto-falante HiFi oferece uma paisagem sonora expansiva e imersiva sem [&hellip;]<\/p>\n","protected":false},"featured_media":24061,"template":"","meta":{"_acf_changed":false},"product_brand":[],"product_cat":[309,281,17,56],"product_tag":[],"class_list":{"0":"post-24060","1":"product","2":"type-product","3":"status-publish","4":"has-post-thumbnail","6":"product_cat-caixa-de-parede","7":"product_cat-caixa-surround","8":"product_cat-caixas","9":"product_cat-kef","11":"first","12":"instock","13":"sold-individually","14":"shipping-taxable","15":"purchasable","16":"product-type-simple"},"acf":[],"aioseo_notices":[],"_links":{"self":[{"href":"https:\/\/hificlub.com.br\/loja\/wp-json\/wp\/v2\/product\/24060","targetHints":{"allow":["GET"]}}],"collection":[{"href":"https:\/\/hificlub.com.br\/loja\/wp-json\/wp\/v2\/product"}],"about":[{"href":"https:\/\/hificlub.com.br\/loja\/wp-json\/wp\/v2\/types\/product"}],"wp:featuredmedia":[{"embeddable":true,"href":"https:\/\/hificlub.com.br\/loja\/wp-json\/wp\/v2\/media\/24061"}],"wp:attachment":[{"href":"https:\/\/hificlub.com.br\/loja\/wp-json\/wp\/v2\/media?parent=24060"}],"wp:term":[{"taxonomy":"product_brand","embeddable":true,"href":"https:\/\/hificlub.com.br\/loja\/wp-json\/wp\/v2\/product_brand?post=24060"},{"taxonomy":"product_cat","embeddable":true,"href":"https:\/\/hificlub.com.br\/loja\/wp-json\/wp\/v2\/product_cat?post=24060"},{"taxonomy":"product_tag","embeddable":true,"href":"https:\/\/hificlub.com.br\/loja\/wp-json\/wp\/v2\/product_tag?post=24060"}],"curies":[{"name":"wp","href":"https:\/\/api.w.org\/{rel}","templated":true}]}}