{"id":24045,"date":"2025-07-11T11:58:51","date_gmt":"2025-07-11T14:58:51","guid":{"rendered":"https:\/\/hificlub.com.br\/loja\/?post_type=product&#038;p=24045"},"modified":"2026-03-03T22:15:45","modified_gmt":"2026-03-04T01:15:45","slug":"kef-q3-meta-caixa-bookshelf","status":"publish","type":"product","link":"https:\/\/hificlub.com.br\/loja\/produto\/kef-q3-meta-caixa-bookshelf\/","title":{"rendered":"KEF Q3 Meta &#8211; Caixa Bookshelf (par)"},"content":{"rendered":"<p><strong>Alto-falante estante 2 vias<\/strong><\/p>\n<p>O alto-falante Q3 Meta HiFi foi projetado para oferecer qualidade de som precisa em um pacote de m\u00e9dio porte. Apresentando um 6.5&#8243; 12o th\u00a0gera\u00e7\u00e3o de matriz de driver Uni-Q com MAT\u2122, voc\u00ea pode desfrutar de som com clareza imaculada, sempre. Quer esteja a melhorar o seu sistema de home theater ou a desfrutar da sua m\u00fasica favorita, o alto-falante da estante oferece som de alta fidelidade com profundidade e detalhes excepcionais.<\/p>\n<p><strong>Ouvir e Acreditar<\/strong><\/p>\n<p>Desbloqueie um n\u00edvel transformador de imers\u00e3o de \u00e1udio com a Q Series. Visite um parceiro de varejo confi\u00e1vel para experimentar seu som envolvente e cheio de ambientes por conta pr\u00f3pria.<\/p>\n","protected":false},"excerpt":{"rendered":"<p>Alto-falante estante 2 vias O alto-falante Q3 Meta HiFi foi projetado para oferecer qualidade de som precisa em um pacote de m\u00e9dio porte. Apresentando um 6.5&#8243; 12o th\u00a0gera\u00e7\u00e3o de matriz de driver Uni-Q com MAT\u2122, voc\u00ea pode desfrutar de som com clareza imaculada, sempre. Quer esteja a melhorar o seu sistema de home theater ou [&hellip;]<\/p>\n","protected":false},"featured_media":24046,"template":"","meta":{"_acf_changed":false},"product_brand":[],"product_cat":[25,17,56],"product_tag":[],"class_list":{"0":"post-24045","1":"product","2":"type-product","3":"status-publish","4":"has-post-thumbnail","6":"product_cat-bookshelf","7":"product_cat-caixas","8":"product_cat-kef","10":"first","11":"instock","12":"sold-individually","13":"shipping-taxable","14":"purchasable","15":"product-type-simple"},"acf":[],"aioseo_notices":[],"_links":{"self":[{"href":"https:\/\/hificlub.com.br\/loja\/wp-json\/wp\/v2\/product\/24045","targetHints":{"allow":["GET"]}}],"collection":[{"href":"https:\/\/hificlub.com.br\/loja\/wp-json\/wp\/v2\/product"}],"about":[{"href":"https:\/\/hificlub.com.br\/loja\/wp-json\/wp\/v2\/types\/product"}],"wp:featuredmedia":[{"embeddable":true,"href":"https:\/\/hificlub.com.br\/loja\/wp-json\/wp\/v2\/media\/24046"}],"wp:attachment":[{"href":"https:\/\/hificlub.com.br\/loja\/wp-json\/wp\/v2\/media?parent=24045"}],"wp:term":[{"taxonomy":"product_brand","embeddable":true,"href":"https:\/\/hificlub.com.br\/loja\/wp-json\/wp\/v2\/product_brand?post=24045"},{"taxonomy":"product_cat","embeddable":true,"href":"https:\/\/hificlub.com.br\/loja\/wp-json\/wp\/v2\/product_cat?post=24045"},{"taxonomy":"product_tag","embeddable":true,"href":"https:\/\/hificlub.com.br\/loja\/wp-json\/wp\/v2\/product_tag?post=24045"}],"curies":[{"name":"wp","href":"https:\/\/api.w.org\/{rel}","templated":true}]}}