{"id":24041,"date":"2025-07-11T11:41:22","date_gmt":"2025-07-11T14:41:22","guid":{"rendered":"https:\/\/hificlub.com.br\/loja\/?post_type=product&#038;p=24041"},"modified":"2026-03-03T22:15:45","modified_gmt":"2026-03-04T01:15:45","slug":"kef-q250c-caixa-central-2-vias-black","status":"publish","type":"product","link":"https:\/\/hificlub.com.br\/loja\/produto\/kef-q250c-caixa-central-2-vias-black\/","title":{"rendered":"KEF Q250C &#8211; Caixa Central 2 Vias &#8211; Black"},"content":{"rendered":"<p id=\"i2vgs7m\" data-dynamic-prop=\"\/productInfo\/USP.USP_Description\/3\" data-highlightable=\"1\"><strong>Caixa central de 2 vias<\/strong><\/p>\n<div id=\"ijejuw1\" data-dynamic-prop=\"\/productInfo\/USP.USP_Description\/4\" data-highlightable=\"1\">O tamanho \u00e9 vital ao combinar os canais centrais, e \u00e9 por isso que o Q250C \u00e9 o parceiro perfeito para modelos Q Series menores.<\/div>\n<div data-dynamic-prop=\"\/productInfo\/USP.USP_Description\/4\" data-highlightable=\"1\"><\/div>\n<div data-dynamic-prop=\"\/productInfo\/USP.USP_Description\/4\" data-highlightable=\"1\">O alto-falante do canal central Q250C apresenta o conjunto de drivers Uni-Q de assinatura KEF e, sem uma porta traseira, pode ser colocado dentro de um gabinete com facilidade, criando di\u00e1logos precisos e cativantes.<\/div>\n<div data-dynamic-prop=\"\/productInfo\/USP.USP_Description\/4\" data-highlightable=\"1\"><\/div>\n<div data-dynamic-prop=\"\/productInfo\/USP.USP_Description\/4\" data-highlightable=\"1\"><\/div>\n<div data-dynamic-prop=\"\/productInfo\/USP.USP_Description\/4\" data-highlightable=\"1\"><\/div>\n","protected":false},"excerpt":{"rendered":"<p>Caixa central de 2 vias O tamanho \u00e9 vital ao combinar os canais centrais, e \u00e9 por isso que o Q250C \u00e9 o parceiro perfeito para modelos Q Series menores. O alto-falante do canal central Q250C apresenta o conjunto de drivers Uni-Q de assinatura KEF e, sem uma porta traseira, pode ser colocado dentro de [&hellip;]<\/p>\n","protected":false},"featured_media":24042,"template":"","meta":{"_acf_changed":false},"product_brand":[],"product_cat":[35,17,56],"product_tag":[],"class_list":{"0":"post-24041","1":"product","2":"type-product","3":"status-publish","4":"has-post-thumbnail","6":"product_cat-caixas-centrais","7":"product_cat-caixas","8":"product_cat-kef","10":"first","11":"instock","12":"sold-individually","13":"shipping-taxable","14":"purchasable","15":"product-type-simple"},"acf":[],"aioseo_notices":[],"_links":{"self":[{"href":"https:\/\/hificlub.com.br\/loja\/wp-json\/wp\/v2\/product\/24041","targetHints":{"allow":["GET"]}}],"collection":[{"href":"https:\/\/hificlub.com.br\/loja\/wp-json\/wp\/v2\/product"}],"about":[{"href":"https:\/\/hificlub.com.br\/loja\/wp-json\/wp\/v2\/types\/product"}],"wp:featuredmedia":[{"embeddable":true,"href":"https:\/\/hificlub.com.br\/loja\/wp-json\/wp\/v2\/media\/24042"}],"wp:attachment":[{"href":"https:\/\/hificlub.com.br\/loja\/wp-json\/wp\/v2\/media?parent=24041"}],"wp:term":[{"taxonomy":"product_brand","embeddable":true,"href":"https:\/\/hificlub.com.br\/loja\/wp-json\/wp\/v2\/product_brand?post=24041"},{"taxonomy":"product_cat","embeddable":true,"href":"https:\/\/hificlub.com.br\/loja\/wp-json\/wp\/v2\/product_cat?post=24041"},{"taxonomy":"product_tag","embeddable":true,"href":"https:\/\/hificlub.com.br\/loja\/wp-json\/wp\/v2\/product_tag?post=24041"}],"curies":[{"name":"wp","href":"https:\/\/api.w.org\/{rel}","templated":true}]}}