{"id":24029,"date":"2025-07-10T11:01:56","date_gmt":"2025-07-10T14:01:56","guid":{"rendered":"https:\/\/hificlub.com.br\/loja\/?post_type=product&#038;p=24029"},"modified":"2026-03-03T22:15:45","modified_gmt":"2026-03-04T01:15:45","slug":"marten-isolator-isolador-de-impacto-para-oscar-trio-e-oscar-duo","status":"publish","type":"product","link":"https:\/\/hificlub.com.br\/loja\/produto\/marten-isolator-isolador-de-impacto-para-oscar-trio-e-oscar-duo\/","title":{"rendered":"MARTEN Isolator &#8211; Isolador de Impacto para Oscar Trio e Oscar Duo"},"content":{"rendered":"<p>Os isoladores Marten foram introduzidos originalmente com a s\u00e9rie Parker em 2020. Nossa confian\u00e7a nessa tecnologia sempre foi forte e foi validada na High End Munich 2024. Na sala IsoAcoustics, uma demonstra\u00e7\u00e3o A\/B ao vivo \u2014 com o Parker Trio \u2014 mostrou o impacto significativo dos isoladores Marten na qualidade do som.<\/p>\n<p>O modelo inicial, Parker Trio Diamond Edition, foi apresentado nos acabamentos Branco Piano e Preto Piano. Os alto-falantes brancos foram equipados com isoladores Marten, enquanto os alto-falantes pretos usaram pontas tradicionais. Essa configura\u00e7\u00e3o permitiu que os participantes comparassem diretamente o desempenho ac\u00fastico dos dois.<\/p>\n<p><strong>Um Vencedor Indiscut\u00edvel<\/strong><br \/>\nDurante a demonstra\u00e7\u00e3o A\/B, os participantes alternaram entre o par branco com isoladores Marten e o par preto com pontas. A diferen\u00e7a foi imediatamente aparente. A m\u00fasica tocada pelos alto-falantes com isoladores Marten apresentou uma diferen\u00e7a not\u00e1vel em clareza e detalhes. Os ouvintes notaram as seguintes melhorias:<\/p>\n<ol>\n<li>Defini\u00e7\u00e3o de Graves Aprimorada: Os graves ficaram mais firmes e controlados, eliminando a distor\u00e7\u00e3o frequentemente associada a vibra\u00e7\u00f5es e resson\u00e2ncia.<\/li>\n<li>Clareza de M\u00e9dios Aprimorada: Os vocais e instrumentos nos m\u00e9dios ficaram mais claros, com uma presen\u00e7a mais natural e realista.<\/li>\n<li>Detalhe Superior de Altas Frequ\u00eancias: As altas frequ\u00eancias ficaram mais n\u00edtidas e precisas, permitindo uma experi\u00eancia auditiva mais imersiva.<\/li>\n<li>Palco Sonoro Mais Amplo: O palco sonoro geral ficou mais amplo e profundo, dando a impress\u00e3o de um cen\u00e1rio de \u00e1udio mais expansivo e tridimensional.<\/li>\n<\/ol>\n<p><strong>Engenharia de Precis\u00e3o<\/strong><br \/>\nO n\u00facleo dos Isoladores Marten reside na avan\u00e7ada tecnologia de isolamento da IsoAcoustics, que incorpora diversos elementos-chave. Primeiro, os isoladores s\u00e3o projetados com usinagem e materiais de alta precis\u00e3o, garantindo estabilidade e desempenho ideais. Essa precis\u00e3o permite que o alto-falante se desconecte da superf\u00edcie de suporte, reduzindo efetivamente vibra\u00e7\u00f5es indesejadas. Al\u00e9m disso, os isoladores utilizam elementos de isolamento patenteados, projetados para absorver e dissipar a energia vibracional, o que reduz as reflex\u00f5es internas dentro dos alto-falantes, que podem colorir o som e introduzir distor\u00e7\u00e3o.<\/p>\n<p>Essa tecnologia avan\u00e7ada tamb\u00e9m permite movimento controlado e multidirecional, gerenciando a energia do alto-falante em alinhamento com o movimento natural das ondas sonoras e mantendo a integridade do sinal de \u00e1udio. Al\u00e9m disso, os Isoladores Marten s\u00e3o adaptados ao peso e tamanho espec\u00edficos de cada modelo Marten, garantindo uma distribui\u00e7\u00e3o de peso otimizada. Essa adapta\u00e7\u00e3o precisa garante um desempenho consistente, proporcionando a m\u00e1xima efic\u00e1cia de isolamento e aprimorando significativamente a experi\u00eancia geral de \u00e1udio.<\/p>\n<p><strong>Conclus\u00e3o<\/strong><br \/>\nA demonstra\u00e7\u00e3o dos Isoladores Marten pela IsoAcoustics em Munique foi um sucesso retumbante. Ao integrar os Isoladores Marten em todos os nossos modelos de caixas ac\u00fasticas, garantimos que os ouvintes ou\u00e7am apenas o som da grava\u00e7\u00e3o, e nada mais.<\/p>\n<p>* Isoladores Marten dispon\u00edveis como upgrade para <strong>Oscar Trio<\/strong> e <strong>Oscar Duo<\/strong><\/p>\n","protected":false},"excerpt":{"rendered":"<p>Os isoladores Marten foram introduzidos originalmente com a s\u00e9rie Parker em 2020. Nossa confian\u00e7a nessa tecnologia sempre foi forte e foi validada na High End Munich 2024. Na sala IsoAcoustics, uma demonstra\u00e7\u00e3o A\/B ao vivo \u2014 com o Parker Trio \u2014 mostrou o impacto significativo dos isoladores Marten na qualidade do som. O modelo inicial, [&hellip;]<\/p>\n","protected":false},"featured_media":24030,"template":"","meta":{"_acf_changed":false},"product_brand":[],"product_cat":[89,276,104],"product_tag":[],"class_list":{"0":"post-24029","1":"product","2":"type-product","3":"status-publish","4":"has-post-thumbnail","6":"product_cat-acessorios","7":"product_cat-marten","8":"product_cat-racks-e-pedestais","10":"first","11":"instock","12":"sold-individually","13":"shipping-taxable","14":"product-type-simple"},"acf":[],"aioseo_notices":[],"_links":{"self":[{"href":"https:\/\/hificlub.com.br\/loja\/wp-json\/wp\/v2\/product\/24029","targetHints":{"allow":["GET"]}}],"collection":[{"href":"https:\/\/hificlub.com.br\/loja\/wp-json\/wp\/v2\/product"}],"about":[{"href":"https:\/\/hificlub.com.br\/loja\/wp-json\/wp\/v2\/types\/product"}],"wp:featuredmedia":[{"embeddable":true,"href":"https:\/\/hificlub.com.br\/loja\/wp-json\/wp\/v2\/media\/24030"}],"wp:attachment":[{"href":"https:\/\/hificlub.com.br\/loja\/wp-json\/wp\/v2\/media?parent=24029"}],"wp:term":[{"taxonomy":"product_brand","embeddable":true,"href":"https:\/\/hificlub.com.br\/loja\/wp-json\/wp\/v2\/product_brand?post=24029"},{"taxonomy":"product_cat","embeddable":true,"href":"https:\/\/hificlub.com.br\/loja\/wp-json\/wp\/v2\/product_cat?post=24029"},{"taxonomy":"product_tag","embeddable":true,"href":"https:\/\/hificlub.com.br\/loja\/wp-json\/wp\/v2\/product_tag?post=24029"}],"curies":[{"name":"wp","href":"https:\/\/api.w.org\/{rel}","templated":true}]}}