{"id":24022,"date":"2025-07-10T10:49:28","date_gmt":"2025-07-10T13:49:28","guid":{"rendered":"https:\/\/hificlub.com.br\/loja\/?post_type=product&#038;p=24022"},"modified":"2026-03-03T22:15:45","modified_gmt":"2026-03-04T01:15:45","slug":"marten-stand-suporte-para-caixa-oscar-duo","status":"publish","type":"product","link":"https:\/\/hificlub.com.br\/loja\/produto\/marten-stand-suporte-para-caixa-oscar-duo\/","title":{"rendered":"MARTEN Stand &#8211; Suporte para Caixa Oscar Duo"},"content":{"rendered":"<p>Eleve sua experi\u00eancia auditiva com o Stand Marten &#8211; Oscar Duo. Este suporte de alto-falantes n\u00e3o s\u00f3 fornece suporte robusto para seus alto-falantes, mas tamb\u00e9m adiciona um toque de estilo contempor\u00e2neo \u00e0 decora\u00e7\u00e3o da sua casa. Desfrute de melhor qualidade de som e uma est\u00e9tica elegante com este suporte.<\/p>\n<p>&nbsp;<\/p>\n","protected":false},"excerpt":{"rendered":"<p>Eleve sua experi\u00eancia auditiva com o Stand Marten &#8211; Oscar Duo. Este suporte de alto-falantes n\u00e3o s\u00f3 fornece suporte robusto para seus alto-falantes, mas tamb\u00e9m adiciona um toque de estilo contempor\u00e2neo \u00e0 decora\u00e7\u00e3o da sua casa. Desfrute de melhor qualidade de som e uma est\u00e9tica elegante com este suporte. &nbsp;<\/p>\n","protected":false},"featured_media":24027,"template":"","meta":{"_acf_changed":false},"product_brand":[],"product_cat":[89,276,104],"product_tag":[],"class_list":{"0":"post-24022","1":"product","2":"type-product","3":"status-publish","4":"has-post-thumbnail","6":"product_cat-acessorios","7":"product_cat-marten","8":"product_cat-racks-e-pedestais","10":"first","11":"instock","12":"sold-individually","13":"shipping-taxable","14":"product-type-simple"},"acf":[],"aioseo_notices":[],"_links":{"self":[{"href":"https:\/\/hificlub.com.br\/loja\/wp-json\/wp\/v2\/product\/24022","targetHints":{"allow":["GET"]}}],"collection":[{"href":"https:\/\/hificlub.com.br\/loja\/wp-json\/wp\/v2\/product"}],"about":[{"href":"https:\/\/hificlub.com.br\/loja\/wp-json\/wp\/v2\/types\/product"}],"wp:featuredmedia":[{"embeddable":true,"href":"https:\/\/hificlub.com.br\/loja\/wp-json\/wp\/v2\/media\/24027"}],"wp:attachment":[{"href":"https:\/\/hificlub.com.br\/loja\/wp-json\/wp\/v2\/media?parent=24022"}],"wp:term":[{"taxonomy":"product_brand","embeddable":true,"href":"https:\/\/hificlub.com.br\/loja\/wp-json\/wp\/v2\/product_brand?post=24022"},{"taxonomy":"product_cat","embeddable":true,"href":"https:\/\/hificlub.com.br\/loja\/wp-json\/wp\/v2\/product_cat?post=24022"},{"taxonomy":"product_tag","embeddable":true,"href":"https:\/\/hificlub.com.br\/loja\/wp-json\/wp\/v2\/product_tag?post=24022"}],"curies":[{"name":"wp","href":"https:\/\/api.w.org\/{rel}","templated":true}]}}