{"id":2401,"date":"2023-10-17T20:00:37","date_gmt":"2023-10-17T23:00:37","guid":{"rendered":"https:\/\/hificlub.com.br\/loja2\/produto\/rotel-ra1592-mkii-com-dac-32-bits-384khz-bluetooth-class-ab-200-watts\/"},"modified":"2026-03-03T22:20:53","modified_gmt":"2026-03-04T01:20:53","slug":"rotel-ra1592-mkii-com-dac-32-bits-384khz-bluetooth-class-ab-200-watts","status":"publish","type":"product","link":"https:\/\/hificlub.com.br\/loja\/produto\/rotel-ra1592-mkii-com-dac-32-bits-384khz-bluetooth-class-ab-200-watts\/","title":{"rendered":"ROTEL RA-1592 MKII &#8211; Com DAC 32 bits\/384kHz e Bluetooth &#8211; Class AB 200 watts  220 volts"},"content":{"rendered":"<div class=\"row our-take\">\n<div class=\"col\">\n<div id=\"ourTake\" class=\"overviewText clearfix collapse show\">\n<div class=\"row\">\n<div class=\"col-12 overviewCopy\">\n<p>O RA-1592 MkII da Rotel se baseia no legado de seu excelente predecessor, o\u00a0\u00a0<a href=\"https:\/\/www-crutchfield-com.translate.goog\/p_440A1592B\/Rotel-RA-1592-Black.html?_x_tr_sl=en&amp;_x_tr_tl=pt&amp;_x_tr_hl=pt-BR&amp;_x_tr_pto=sc\">RA-1592<\/a>\u00a0.\u00a0Ele oferece incr\u00edveis 200 watts para acionar um ou dois pares de alto-falantes.\u00a0E a energia \u00e9 limpa e robusta, em parte gra\u00e7as a um transformador toroidal de design personalizado.\u00a0Voc\u00ea tamb\u00e9m obt\u00e9m versatilidade na constru\u00e7\u00e3o de sistemas.\u00a0Existem muitas entradas para conectar fontes e Bluetooth integrado para streaming de m\u00fasica conveniente.\u00a0\u00c9 uma pe\u00e7a central s\u00f3lida para um impressionante sistema de som Rotel.Aqui est\u00e1 o que \u00e9 diferente: O MkII possui um DAC premium Texas Instruments de 32 bits\/384kHz que converte sinais digitais de entrada em anal\u00f3gicos com precis\u00e3o e clareza.\u00a0E agora ele pode decodificar arquivos MQA e MQA Studio com qualidade de audi\u00f3filo.\u00a0As melhorias na fonte de alimenta\u00e7\u00e3o e nos est\u00e1gios de ganho do amplificador refinam ainda mais o j\u00e1 not\u00e1vel desempenho deste modelo.Um grande transformador toroidal personalizado dentro do RA-1592 MkII da Rotel fornece 200 watts por canal de energia limpa.<\/p>\n<p><strong>Conex\u00f5es convenientes<\/strong><\/p>\n<p>O RA-1592 MkII oferece uma variedade de entradas anal\u00f3gicas e digitais.\u00a0Existem quatro entradas RCA anal\u00f3gicas no painel traseiro, incluindo um est\u00e1gio phono para conectar uma plataforma girat\u00f3ria com um cartucho magn\u00e9tico m\u00f3vel.\u00a0E a entrada XLR balanceada ajuda voc\u00ea a obter o melhor som poss\u00edvel com um componente de fonte compat\u00edvel, como o CD player\u00a0<a href=\"https:\/\/www-crutchfield-com.translate.goog\/p_440CD1572B\/Rotel-RCD-1572-Black.html?_x_tr_sl=en&amp;_x_tr_tl=pt&amp;_x_tr_hl=pt-BR&amp;_x_tr_pto=sc\">RCD-1572<\/a>\u00a0correspondente da Rotel .O conversor digital-anal\u00f3gico premium do amplificador integrado garante um som claro e preciso de todas as suas fontes digitais.\u00a0Existem tr\u00eas entradas \u00f3pticas e coaxiais cada, al\u00e9m de uma porta USB Type-B no painel traseiro para conectar um PC (\u00a0<em>Nota: No MkII, esta porta n\u00e3o \u00e9 compat\u00edvel com arquivos DSD<\/em>\u00a0).\u00a0Uma porta USB tipo A no painel frontal que lida com sinais de \u00e1udio de um iPod\u00ae, iPhone\u00ae ou iPad\u00ae.E h\u00e1 uma grande variedade de op\u00e7\u00f5es de controle, incluindo uma entrada IR, porta RS-232 e sa\u00eddas duplas de 12 volts.\u00a0Uma entrada\/sa\u00edda Rotel Link propriet\u00e1ria de 3,5 mm permite que os produtos Rotel conectados se comuniquem e sejam controlados por meio do aplicativo Rotel.\u00a0Uma porta Ethernet permite conectar o amplificador \u00e0 sua rede dom\u00e9stica para atualiza\u00e7\u00f5es de software e integra\u00e7\u00e3o com sistemas de controle de terceiros.<strong>Sobre Rotel<\/strong><\/p>\n<p>A Rotel fabrica equipamentos de alto desempenho para entusiastas de m\u00fasica e home theater desde 1961. Eles se concentram em criar o melhor caminho de sinal poss\u00edvel, usando capacitores premium, transistores, pontes de diodo e fontes de alimenta\u00e7\u00e3o toroidais personalizadas para obter o m\u00e1ximo de m\u00fasicas e trilhas sonoras de filmes . A Crutchfield tem o orgulho de oferecer uma sele\u00e7\u00e3o diversificada de componentes Rotel, incluindo pr\u00e9-amplificadores, amplificadores, CD players e processadores de home theater.<\/p>\n<\/div>\n<\/div>\n<\/div>\n<\/div>\n<\/div>\n<div><\/div>\n<div><\/div>\n<div><\/div>\n<div><a href=\"https:\/\/www-hifinews-com.translate.goog\/content\/rotel-ra-1592mkii-integrated-amplifier?_x_tr_sl=en&amp;_x_tr_tl=pt&amp;_x_tr_hl=pt&amp;_x_tr_pto=tc\" target=\"_blank\" rel=\"noopener\"><img loading=\"lazy\" decoding=\"async\" class=\"alignnone wp-image-22847\" src=\"https:\/\/hificlub.com.br\/loja\/wp-content\/uploads\/2025\/06\/HiFiNews-award.jpg\" alt=\"\" width=\"341\" height=\"89\" srcset=\"https:\/\/hificlub.com.br\/loja\/wp-content\/uploads\/2025\/06\/HiFiNews-award.jpg 310w, https:\/\/hificlub.com.br\/loja\/wp-content\/uploads\/2025\/06\/HiFiNews-award-300x78.jpg 300w\" sizes=\"auto, (max-width: 341px) 100vw, 341px\" \/><\/a>\u00a0 \u00a0 <a href=\"https:\/\/www.tonepublications.com\/review\/rotel-ra1592-mkii\/\" target=\"_blank\" rel=\"noopener\"><img loading=\"lazy\" decoding=\"async\" class=\"alignnone wp-image-24296 size-full\" src=\"https:\/\/hificlub.com.br\/loja\/wp-content\/uploads\/2023\/10\/TONE-award.jpg\" alt=\"\" width=\"275\" height=\"90\" \/>\u00a0\u00a0\u00a0\u00a0 <img loading=\"lazy\" decoding=\"async\" class=\"\" src=\"https:\/\/hificlub.com.br\/loja\/wp-content\/uploads\/2023\/10\/awards_hifi_news_outstanding_4-150x150.jpg\" width=\"95\" height=\"95\" \/><\/a><\/div>\n","protected":false},"excerpt":{"rendered":"<p>O RA-1592 MkII da Rotel se baseia no legado de seu excelente predecessor, o\u00a0\u00a0RA-1592\u00a0.\u00a0Ele oferece incr\u00edveis 200 watts para acionar um ou dois pares de alto-falantes.\u00a0E a energia \u00e9 limpa e robusta, em parte gra\u00e7as a um transformador toroidal de design personalizado.\u00a0Voc\u00ea tamb\u00e9m obt\u00e9m versatilidade na constru\u00e7\u00e3o de sistemas.\u00a0Existem muitas entradas para conectar fontes e [&hellip;]<\/p>\n","protected":false},"featured_media":2394,"template":"","meta":{"_acf_changed":false},"product_brand":[],"product_cat":[27,51,24],"product_tag":[],"class_list":{"0":"post-2401","1":"product","2":"type-product","3":"status-publish","4":"has-post-thumbnail","6":"product_cat-amplificador","7":"product_cat-integrado","8":"product_cat-rotel","10":"first","11":"instock","12":"sold-individually","13":"shipping-taxable","14":"purchasable","15":"product-type-simple"},"acf":[],"aioseo_notices":[],"_links":{"self":[{"href":"https:\/\/hificlub.com.br\/loja\/wp-json\/wp\/v2\/product\/2401","targetHints":{"allow":["GET"]}}],"collection":[{"href":"https:\/\/hificlub.com.br\/loja\/wp-json\/wp\/v2\/product"}],"about":[{"href":"https:\/\/hificlub.com.br\/loja\/wp-json\/wp\/v2\/types\/product"}],"wp:featuredmedia":[{"embeddable":true,"href":"https:\/\/hificlub.com.br\/loja\/wp-json\/wp\/v2\/media\/2394"}],"wp:attachment":[{"href":"https:\/\/hificlub.com.br\/loja\/wp-json\/wp\/v2\/media?parent=2401"}],"wp:term":[{"taxonomy":"product_brand","embeddable":true,"href":"https:\/\/hificlub.com.br\/loja\/wp-json\/wp\/v2\/product_brand?post=2401"},{"taxonomy":"product_cat","embeddable":true,"href":"https:\/\/hificlub.com.br\/loja\/wp-json\/wp\/v2\/product_cat?post=2401"},{"taxonomy":"product_tag","embeddable":true,"href":"https:\/\/hificlub.com.br\/loja\/wp-json\/wp\/v2\/product_tag?post=2401"}],"curies":[{"name":"wp","href":"https:\/\/api.w.org\/{rel}","templated":true}]}}