{"id":23998,"date":"2025-07-09T12:05:29","date_gmt":"2025-07-09T15:05:29","guid":{"rendered":"https:\/\/hificlub.com.br\/loja\/?post_type=product&#038;p=23998"},"modified":"2026-03-03T22:15:46","modified_gmt":"2026-03-04T01:15:46","slug":"marten-parker-stand-stand-para-caixas-parker-duo","status":"publish","type":"product","link":"https:\/\/hificlub.com.br\/loja\/produto\/marten-parker-stand-stand-para-caixas-parker-duo\/","title":{"rendered":"MARTEN Parker Stand &#8211; Suporte para Caixas Parker Duo"},"content":{"rendered":"<p>O Marten Stand foi projetado para funcionar em conjunto com o Parker Duo. Tr\u00eas pilares extremamente r\u00edgidos s\u00e3o montados em uma placa de base de a\u00e7o que \u00e9 ponderada para estabilidade.<\/p>\n<p>A redu\u00e7\u00e3o da resson\u00e2ncia \u00e9 importante para o design de nossos alto-falantes \u2013 pode significar a diferen\u00e7a entre um bom alto-falante e um \u00f3timo alto-falante.\u00a0O The\u00a0Bancas Marten Parker use os p\u00e9s Marten Isolator\u00a0criado em conjunto com\u00a0IsoAc\u00fastica.\u00a0Este produto de precis\u00e3o permite que o gabinete seja completamente isolado do ch\u00e3o, reduzindo a resson\u00e2ncia e a distor\u00e7\u00e3o \u2013 deixando o soundstage livre.<\/p>\n<p>&nbsp;<\/p>\n","protected":false},"excerpt":{"rendered":"<p>O Marten Stand foi projetado para funcionar em conjunto com o Parker Duo. Tr\u00eas pilares extremamente r\u00edgidos s\u00e3o montados em uma placa de base de a\u00e7o que \u00e9 ponderada para estabilidade. A redu\u00e7\u00e3o da resson\u00e2ncia \u00e9 importante para o design de nossos alto-falantes \u2013 pode significar a diferen\u00e7a entre um bom alto-falante e um \u00f3timo [&hellip;]<\/p>\n","protected":false},"featured_media":23999,"template":"","meta":{"_acf_changed":false},"product_brand":[],"product_cat":[89,276,104],"product_tag":[],"class_list":{"0":"post-23998","1":"product","2":"type-product","3":"status-publish","4":"has-post-thumbnail","6":"product_cat-acessorios","7":"product_cat-marten","8":"product_cat-racks-e-pedestais","10":"first","11":"instock","12":"sold-individually","13":"shipping-taxable","14":"product-type-simple"},"acf":[],"aioseo_notices":[],"_links":{"self":[{"href":"https:\/\/hificlub.com.br\/loja\/wp-json\/wp\/v2\/product\/23998","targetHints":{"allow":["GET"]}}],"collection":[{"href":"https:\/\/hificlub.com.br\/loja\/wp-json\/wp\/v2\/product"}],"about":[{"href":"https:\/\/hificlub.com.br\/loja\/wp-json\/wp\/v2\/types\/product"}],"wp:featuredmedia":[{"embeddable":true,"href":"https:\/\/hificlub.com.br\/loja\/wp-json\/wp\/v2\/media\/23999"}],"wp:attachment":[{"href":"https:\/\/hificlub.com.br\/loja\/wp-json\/wp\/v2\/media?parent=23998"}],"wp:term":[{"taxonomy":"product_brand","embeddable":true,"href":"https:\/\/hificlub.com.br\/loja\/wp-json\/wp\/v2\/product_brand?post=23998"},{"taxonomy":"product_cat","embeddable":true,"href":"https:\/\/hificlub.com.br\/loja\/wp-json\/wp\/v2\/product_cat?post=23998"},{"taxonomy":"product_tag","embeddable":true,"href":"https:\/\/hificlub.com.br\/loja\/wp-json\/wp\/v2\/product_tag?post=23998"}],"curies":[{"name":"wp","href":"https:\/\/api.w.org\/{rel}","templated":true}]}}