{"id":23985,"date":"2025-07-09T11:50:51","date_gmt":"2025-07-09T14:50:51","guid":{"rendered":"https:\/\/hificlub.com.br\/loja\/?post_type=product&#038;p=23985"},"modified":"2026-03-03T22:15:46","modified_gmt":"2026-03-04T01:15:46","slug":"marten-parker-duo-caixa-bookshelf","status":"publish","type":"product","link":"https:\/\/hificlub.com.br\/loja\/produto\/marten-parker-duo-caixa-bookshelf\/","title":{"rendered":"MARTEN Parker Duo &#8211; Caixa Bookshelf, 200 Watts"},"content":{"rendered":"<p>A Parker Duo \u00e9 a caixa ac\u00fastica de pedestal da s\u00e9rie Parker. Novidade em 2020, a s\u00e9rie se posiciona perfeitamente no meio da nossa linha de produtos \u2014 uma posi\u00e7\u00e3o que j\u00e1 \u00e9 ocupada h\u00e1 muito tempo pela nossa s\u00e9rie Heritage. A Parker eleva nossas caixas ac\u00fasticas desta classe a um patamar totalmente novo.<\/p>\n<div class=\"left_r_after\"><strong><span class=\"VIpgJd-yAWNEb-VIpgJd-fmcmS-sn54Q\">Mesmo time. Novos jogadores.<\/span><\/strong><\/div>\n<div class=\"left_r_con\">\n<p>Com tecnologia personalizada e t\u00e9cnicas de constru\u00e7\u00e3o perfeitamente equilibradas, o Parker Duo \u00e9 inovador em todos os sentidos, mas permanece fiel ao estilo Marten de recriar o som como ele \u00e9 na vida real. Com extrema redu\u00e7\u00e3o de resson\u00e2ncia, o gabinete se liberta completamente do palco sonoro, permitindo que a m\u00fasica e a emo\u00e7\u00e3o sejam o centro das aten\u00e7\u00f5es.<\/p>\n<ul>\n<li>alto-falante de suporte bidirecional<\/li>\n<li>Novos drivers personalizados<\/li>\n<li>T\u00e9cnica de crossover multidiverso<\/li>\n<li>Alta sensibilidade: 88 dB<\/li>\n<li>Suporte personalizado Marten (opcional)<\/li>\n<\/ul>\n<div class=\"left_r_after\"><strong><span class=\"\">Sistema de Busca Perfeita<\/span><\/strong><\/div>\n<div class=\"left_r_con\">\n<p>Poder\u00edamos elogiar nossos produtos o dia todo, mas n\u00e3o conseguimos fazer um trabalho t\u00e3o bom quanto os avaliadores. Terry Ellis, da Pursuit Perfect System, oferece um resumo completo do Parker Duo.<\/p>\n<div class=\"left_r_after\"><strong>Sem distor\u00e7\u00e3o; puro e poderoso.<\/strong><\/div>\n<div class=\"left_r_con\">\n<p>O gabinete apresenta laterais elegantes e afiladas, feitas de M-board, um material multicamadas que oferece extrema redu\u00e7\u00e3o de resson\u00e2ncia. O Parker Duo \u00e9 t\u00e3o livre de resson\u00e2ncia que desaparece completamente no palco sonoro. O gabinete rec\u00e9m-projetado equilibra apelo visual com baixo impacto sonoro.<\/p>\n<\/div>\n<div class=\"left_r_after\"><strong>Design em menor escala para resultados maiores.<\/strong><\/div>\n<div class=\"left_r_con\">\n<p><span class=\"\">Drivers de cer\u00e2mica foram projetados sob medida por Leif Olofsson para atender \u00e0s necessidades de um alto-falante desta classe. Cada unidade possui uma excurs\u00e3o linear muito longa e utiliza o poderoso sistema magn\u00e9tico de neod\u00edmio para controle. Componentes projetados sob medida permitem uma forma mais hol\u00edstica de construir um sistema, tornando o Parker Duo um alto-falante Marten super refinado.<\/span><\/p>\n<\/div>\n<div class=\"left_r_after\"><strong>Edi\u00e7\u00e3o Diamante<\/strong><\/div>\n<div class=\"left_r_con\">\n<p>A Parker Duo pode ser atualizada para a edi\u00e7\u00e3o Diamond, com tweeter Diamond, componentes de crossover mais avan\u00e7ados, terminais aprimorados e cabos internos Jorma Statement. Todos os modelos da s\u00e9rie Parker podem ser elevados ao m\u00e1ximo em alto-falantes premium.<\/p>\n<div class=\"left_r_after\"><strong>Um novo n\u00edvel de isolamento.<\/strong><\/div>\n<div class=\"left_r_con\">\n<p>A redu\u00e7\u00e3o da resson\u00e2ncia \u00e9 importante para o design de nossas caixas ac\u00fasticas \u2013 ela pode fazer a diferen\u00e7a entre uma boa caixa ac\u00fastica e uma \u00f3tima caixa ac\u00fastica. Com a IsoAcoustics, criamos os Isoladores Marten. Este produto de precis\u00e3o permite isolar completamente o gabinete do ch\u00e3o, reduzindo a resson\u00e2ncia e a distor\u00e7\u00e3o \u2013 deixando o palco sonoro livre.<\/p>\n<ul>\n<li>Graves din\u00e2micos com maior pot\u00eancia e controle<\/li>\n<li>Abertura e clareza naturais<\/li>\n<li>Otimizado para o peso do gabinete<\/li>\n<li>Resiste a movimentos laterais e oscila\u00e7\u00f5es<\/li>\n<li>Reduz reflex\u00f5es internas<\/li>\n<li>Adequado para carpete<\/li>\n<\/ul>\n<\/div>\n<\/div>\n<\/div>\n<\/div>\n<p>&nbsp;<\/p>\n<p><a href=\"https:\/\/pt.audio\/2021\/02\/07\/marten-oscar-duo-loudspeakers-review\/#google_vignette\" target=\"_blank\" rel=\"noopener\"><img loading=\"lazy\" decoding=\"async\" class=\"alignnone wp-image-23614\" src=\"https:\/\/hificlub.com.br\/loja\/wp-content\/uploads\/2025\/06\/Ptaudio-award.jpg\" alt=\"\" width=\"339\" height=\"83\" \/><\/a>\u00a0 \u00a0 <a href=\"https:\/\/audio-2g.com\/en\/proof-of-the-marten-parker-duo\/\" target=\"_blank\" rel=\"noopener\"><img loading=\"lazy\" decoding=\"async\" class=\"alignnone wp-image-23996\" src=\"https:\/\/hificlub.com.br\/loja\/wp-content\/uploads\/2025\/07\/Audio-2g-award.jpg\" alt=\"\" width=\"226\" height=\"104\" \/><\/a><\/p>\n<div class=\"left_r_con\">\n<div class=\"left_r_con\">\n<div class=\"left_r_con\">\n<p>&nbsp;<\/p>\n<\/div>\n<\/div>\n<\/div>\n","protected":false},"excerpt":{"rendered":"<p>A Parker Duo \u00e9 a caixa ac\u00fastica de pedestal da s\u00e9rie Parker. Novidade em 2020, a s\u00e9rie se posiciona perfeitamente no meio da nossa linha de produtos \u2014 uma posi\u00e7\u00e3o que j\u00e1 \u00e9 ocupada h\u00e1 muito tempo pela nossa s\u00e9rie Heritage. A Parker eleva nossas caixas ac\u00fasticas desta classe a um patamar totalmente novo. Mesmo [&hellip;]<\/p>\n","protected":false},"featured_media":23995,"template":"","meta":{"_acf_changed":false},"product_brand":[],"product_cat":[25,17,276],"product_tag":[],"class_list":{"0":"post-23985","1":"product","2":"type-product","3":"status-publish","4":"has-post-thumbnail","6":"product_cat-bookshelf","7":"product_cat-caixas","8":"product_cat-marten","10":"first","11":"instock","12":"sold-individually","13":"shipping-taxable","14":"product-type-simple"},"acf":[],"aioseo_notices":[],"_links":{"self":[{"href":"https:\/\/hificlub.com.br\/loja\/wp-json\/wp\/v2\/product\/23985","targetHints":{"allow":["GET"]}}],"collection":[{"href":"https:\/\/hificlub.com.br\/loja\/wp-json\/wp\/v2\/product"}],"about":[{"href":"https:\/\/hificlub.com.br\/loja\/wp-json\/wp\/v2\/types\/product"}],"wp:featuredmedia":[{"embeddable":true,"href":"https:\/\/hificlub.com.br\/loja\/wp-json\/wp\/v2\/media\/23995"}],"wp:attachment":[{"href":"https:\/\/hificlub.com.br\/loja\/wp-json\/wp\/v2\/media?parent=23985"}],"wp:term":[{"taxonomy":"product_brand","embeddable":true,"href":"https:\/\/hificlub.com.br\/loja\/wp-json\/wp\/v2\/product_brand?post=23985"},{"taxonomy":"product_cat","embeddable":true,"href":"https:\/\/hificlub.com.br\/loja\/wp-json\/wp\/v2\/product_cat?post=23985"},{"taxonomy":"product_tag","embeddable":true,"href":"https:\/\/hificlub.com.br\/loja\/wp-json\/wp\/v2\/product_tag?post=23985"}],"curies":[{"name":"wp","href":"https:\/\/api.w.org\/{rel}","templated":true}]}}