{"id":23961,"date":"2025-07-09T10:47:47","date_gmt":"2025-07-09T13:47:47","guid":{"rendered":"https:\/\/hificlub.com.br\/loja\/?post_type=product&#038;p=23961"},"modified":"2026-03-03T22:15:47","modified_gmt":"2026-03-04T01:15:47","slug":"marten-parker-quintet-caixa-acustica-torre","status":"publish","type":"product","link":"https:\/\/hificlub.com.br\/loja\/produto\/marten-parker-quintet-caixa-acustica-torre\/","title":{"rendered":"MARTEN Parker Quintet &#8211; Caixa Ac\u00fastica Torre, 350 Watts"},"content":{"rendered":"<p>Parker Quintet \u00e9 o alto-falante carro-chefe da s\u00e9rie Parker. Nova para 2020, a s\u00e9rie fica exatamente no meio de nossa linha de produtos &#8211; uma posi\u00e7\u00e3o que h\u00e1 muito tempo \u00e9 ocupada por nossa s\u00e9rie Heritage. Parker eleva nossos alto-falantes nesta classe a um n\u00edvel totalmente novo.<\/p>\n<div class=\"left_r_title\"><strong>O que voc\u00ea conseguir. Mesma equipe. Novos jogadores.<\/strong><\/div>\n<div class=\"left_r_con\">\n<p>Com tecnologia projetada sob medida e t\u00e9cnicas de constru\u00e7\u00e3o perfeitamente equilibradas, o Parker Quintet \u00e9 novo em todos os sentidos, mas permanece fiel \u00e0 maneira Marten de recriar o som como \u00e9 na vida. Com extrema redu\u00e7\u00e3o de resson\u00e2ncia, o gabinete est\u00e1 verdadeiramente livre do palco sonoro, deixando a m\u00fasica e a emo\u00e7\u00e3o tomar o centro do palco.<\/p>\n<ul>\n<li>2.5-way piso-standing<\/li>\n<li>Novos drivers personalizados<\/li>\n<li>4x drivers de graves\/m\u00e9dios<\/li>\n<li>T\u00e9cnica de crossover multidiversos<\/li>\n<li>Alta sensibilidade: 93 dB<\/li>\n<\/ul>\n<div class=\"left_r_title\"><strong>Arm\u00e1rios. Livre de distor\u00e7\u00f5es; puro e poderoso.<\/strong><\/div>\n<div class=\"left_r_con\">\n<p>O gabinete apresenta lados elegantes e afunilados criados a partir da placa M, um material de v\u00e1rias camadas que oferece extrema redu\u00e7\u00e3o de resson\u00e2ncia. Parker Quinteto \u00e9 t\u00e3o livre de resson\u00e2ncia, que desaparece completamente dentro do palco sonoro. O gabinete rec\u00e9m-projetado equilibra o apelo visual com baixo impacto no som.<\/p>\n<div class=\"left_r_title\"><strong>Drivers Cer\u00e2mica. Projeto de escala menor para resultados maiores.<\/strong><\/div>\n<div class=\"left_r_con\">\n<p>Os drivers de cer\u00e2mica s\u00e3o projetados sob medida por Leif Olofsson para atender \u00e0s necessidades de um alto-falante nesta classe. Cada unidade tem uma excurs\u00e3o linear muito longa e utiliza o poderoso sistema de \u00edm\u00e3 Neodynium para controle. Componentes projetados sob medida permitem uma maneira mais hol\u00edstica de construir um sistema, tornando o Parker Quintet um alto-falante Marten super refinado.<\/p>\n<\/div>\n<div class=\"left_r_after\"><strong>Edi\u00e7\u00e3o Diamante<\/strong><\/div>\n<div class=\"left_r_con\">\n<p>O Parker Quintet pode ser atualizado para Diamond Edition, apresentando um tweeter Diamond puro, cabos internos Jorma Statement, componentes crossover mais avan\u00e7ados e terminais aprimorados. Todos os modelos Parker podem ser elevados ao m\u00e1ximo em alto-falantes premium.<\/p>\n<div class=\"left_r_after\"><strong>Um novo n\u00edvel de isolamento.<\/strong><\/div>\n<div class=\"left_r_con\">\n<p>A redu\u00e7\u00e3o da resson\u00e2ncia \u00e9 importante para o design de nossos alto-falantes \u2013 pode significar a diferen\u00e7a entre um bom alto-falante e um \u00f3timo alto-falante. Com o IsoAcoustics criamos o Marten Isolators. Este produto de precis\u00e3o permite que o gabinete seja completamente isolado do ch\u00e3o, reduzindo a resson\u00e2ncia e a distor\u00e7\u00e3o \u2013 deixando o soundstage livre.<\/p>\n<ul>\n<li>Baixo din\u00e2mico com pot\u00eancia e controle aumentados<\/li>\n<li>Abertura e clareza naturais<\/li>\n<li>Otimizado para peso de gabinete<\/li>\n<li>Resiste ao movimento lateral e oscila\u00e7\u00f5es<\/li>\n<li>Diminui reflex\u00f5es internas<\/li>\n<li>Serve para carpete<\/li>\n<\/ul>\n<\/div>\n<\/div>\n<\/div>\n<\/div>\n<p>&nbsp;<\/p>\n<p><a href=\"https:\/\/www.fidelity-magazine.com\/marten-parker-quintet\/\" target=\"_blank\" rel=\"noopener\"><img loading=\"lazy\" decoding=\"async\" class=\"alignnone wp-image-22943\" src=\"https:\/\/hificlub.com.br\/loja\/wp-content\/uploads\/2025\/06\/Fidelity-Magazine-award.jpg\" alt=\"\" width=\"407\" height=\"120\" srcset=\"https:\/\/hificlub.com.br\/loja\/wp-content\/uploads\/2025\/06\/Fidelity-Magazine-award.jpg 373w, https:\/\/hificlub.com.br\/loja\/wp-content\/uploads\/2025\/06\/Fidelity-Magazine-award-300x88.jpg 300w\" sizes=\"auto, (max-width: 407px) 100vw, 407px\" \/><\/a><a href=\"https:\/\/bestofhighend.com\/marten-unveils-coltrane-supreme-extreme-and-coltrane-quintet-extreme-at-high-end-munich-2025\/\" target=\"_blank\" rel=\"noopener\"><img loading=\"lazy\" decoding=\"async\" class=\"alignnone wp-image-20353\" src=\"https:\/\/hificlub.com.br\/loja\/wp-content\/uploads\/2023\/10\/Awards-Best-of-HiEnd.png\" alt=\"\" width=\"276\" height=\"123\" srcset=\"https:\/\/hificlub.com.br\/loja\/wp-content\/uploads\/2023\/10\/Awards-Best-of-HiEnd.png 336w, https:\/\/hificlub.com.br\/loja\/wp-content\/uploads\/2023\/10\/Awards-Best-of-HiEnd-300x134.png 300w\" sizes=\"auto, (max-width: 276px) 100vw, 276px\" \/><\/a><\/p>\n","protected":false},"excerpt":{"rendered":"<p>Parker Quintet \u00e9 o alto-falante carro-chefe da s\u00e9rie Parker. Nova para 2020, a s\u00e9rie fica exatamente no meio de nossa linha de produtos &#8211; uma posi\u00e7\u00e3o que h\u00e1 muito tempo \u00e9 ocupada por nossa s\u00e9rie Heritage. Parker eleva nossos alto-falantes nesta classe a um n\u00edvel totalmente novo. O que voc\u00ea conseguir. Mesma equipe. Novos jogadores. [&hellip;]<\/p>\n","protected":false},"featured_media":23962,"template":"","meta":{"_acf_changed":false},"product_brand":[],"product_cat":[17,276,18],"product_tag":[],"class_list":{"0":"post-23961","1":"product","2":"type-product","3":"status-publish","4":"has-post-thumbnail","6":"product_cat-caixas","7":"product_cat-marten","8":"product_cat-torres","10":"first","11":"instock","12":"sold-individually","13":"shipping-taxable","14":"product-type-simple"},"acf":[],"aioseo_notices":[],"_links":{"self":[{"href":"https:\/\/hificlub.com.br\/loja\/wp-json\/wp\/v2\/product\/23961","targetHints":{"allow":["GET"]}}],"collection":[{"href":"https:\/\/hificlub.com.br\/loja\/wp-json\/wp\/v2\/product"}],"about":[{"href":"https:\/\/hificlub.com.br\/loja\/wp-json\/wp\/v2\/types\/product"}],"wp:featuredmedia":[{"embeddable":true,"href":"https:\/\/hificlub.com.br\/loja\/wp-json\/wp\/v2\/media\/23962"}],"wp:attachment":[{"href":"https:\/\/hificlub.com.br\/loja\/wp-json\/wp\/v2\/media?parent=23961"}],"wp:term":[{"taxonomy":"product_brand","embeddable":true,"href":"https:\/\/hificlub.com.br\/loja\/wp-json\/wp\/v2\/product_brand?post=23961"},{"taxonomy":"product_cat","embeddable":true,"href":"https:\/\/hificlub.com.br\/loja\/wp-json\/wp\/v2\/product_cat?post=23961"},{"taxonomy":"product_tag","embeddable":true,"href":"https:\/\/hificlub.com.br\/loja\/wp-json\/wp\/v2\/product_tag?post=23961"}],"curies":[{"name":"wp","href":"https:\/\/api.w.org\/{rel}","templated":true}]}}