{"id":23956,"date":"2025-07-09T10:11:28","date_gmt":"2025-07-09T13:11:28","guid":{"rendered":"https:\/\/hificlub.com.br\/loja\/?post_type=product&#038;p=23956"},"modified":"2026-03-03T22:15:48","modified_gmt":"2026-03-04T01:15:48","slug":"denon-dl-110-capsula-agulha-para-toca-discos","status":"publish","type":"product","link":"https:\/\/hificlub.com.br\/loja\/produto\/denon-dl-110-capsula-agulha-para-toca-discos\/","title":{"rendered":"DENON DL-110 &#8211; C\u00e1psula Agulha para Toca-discos"},"content":{"rendered":"<p>A Denon projeta c\u00e1psulas h\u00e1 mais de seis d\u00e9cadas. O DL-110 ainda \u00e9 fiado \u00e0 m\u00e3o em nossa f\u00e1brica Shirakawa Audio Works no Jap\u00e3o.<\/p>\n<ul>\n<li>Som ultra premium<\/li>\n<li>Bobina m\u00f3vel (MC)<\/li>\n<li>Fiado \u00e0 m\u00e3o no Jap\u00e3o<\/li>\n<li>Projetado para reproduzir registros LP est\u00e9reo e mono<\/li>\n<\/ul>\n<p><strong>Hist\u00f3ria lend\u00e1ria<\/strong><br \/>\nOs cartuchos fonogr\u00e1ficos para toca-discos Denon s\u00e3o produzidos desde a d\u00e9cada de 1960 e ainda s\u00e3o fiados \u00e0 m\u00e3o na f\u00e1brica da Denon Audio Works em Shirakawa, Jap\u00e3o.<\/p>\n<p><strong>Compatibilidade Vers\u00e1til<\/strong><br \/>\nSeu alto rendimento permite que voc\u00ea o utilize de forma intercambi\u00e1vel com uma entrada phono de \u00edm\u00e3 m\u00f3vel.<\/p>\n<p><strong>Precis\u00e3o<\/strong><br \/>\nO DL-110 tem uma maneira de entrar nos sulcos e extrair as informa\u00e7\u00f5es contidas neles com total autoridade.<\/p>\n","protected":false},"excerpt":{"rendered":"<p>A Denon projeta c\u00e1psulas h\u00e1 mais de seis d\u00e9cadas. O DL-110 ainda \u00e9 fiado \u00e0 m\u00e3o em nossa f\u00e1brica Shirakawa Audio Works no Jap\u00e3o. Som ultra premium Bobina m\u00f3vel (MC) Fiado \u00e0 m\u00e3o no Jap\u00e3o Projetado para reproduzir registros LP est\u00e9reo e mono Hist\u00f3ria lend\u00e1ria Os cartuchos fonogr\u00e1ficos para toca-discos Denon s\u00e3o produzidos desde a [&hellip;]<\/p>\n","protected":false},"featured_media":23957,"template":"","meta":{"_acf_changed":false},"product_brand":[],"product_cat":[78,99,150],"product_tag":[],"class_list":{"0":"post-23956","1":"product","2":"type-product","3":"status-publish","4":"has-post-thumbnail","6":"product_cat-analogico-audio","7":"product_cat-capsulas","8":"product_cat-denon","10":"first","11":"instock","12":"sold-individually","13":"shipping-taxable","14":"purchasable","15":"product-type-simple"},"acf":[],"aioseo_notices":[],"_links":{"self":[{"href":"https:\/\/hificlub.com.br\/loja\/wp-json\/wp\/v2\/product\/23956","targetHints":{"allow":["GET"]}}],"collection":[{"href":"https:\/\/hificlub.com.br\/loja\/wp-json\/wp\/v2\/product"}],"about":[{"href":"https:\/\/hificlub.com.br\/loja\/wp-json\/wp\/v2\/types\/product"}],"wp:featuredmedia":[{"embeddable":true,"href":"https:\/\/hificlub.com.br\/loja\/wp-json\/wp\/v2\/media\/23957"}],"wp:attachment":[{"href":"https:\/\/hificlub.com.br\/loja\/wp-json\/wp\/v2\/media?parent=23956"}],"wp:term":[{"taxonomy":"product_brand","embeddable":true,"href":"https:\/\/hificlub.com.br\/loja\/wp-json\/wp\/v2\/product_brand?post=23956"},{"taxonomy":"product_cat","embeddable":true,"href":"https:\/\/hificlub.com.br\/loja\/wp-json\/wp\/v2\/product_cat?post=23956"},{"taxonomy":"product_tag","embeddable":true,"href":"https:\/\/hificlub.com.br\/loja\/wp-json\/wp\/v2\/product_tag?post=23956"}],"curies":[{"name":"wp","href":"https:\/\/api.w.org\/{rel}","templated":true}]}}