{"id":23918,"date":"2025-07-08T11:39:14","date_gmt":"2025-07-08T14:39:14","guid":{"rendered":"https:\/\/hificlub.com.br\/loja\/?post_type=product&#038;p=23918"},"modified":"2026-03-03T22:15:48","modified_gmt":"2026-03-04T01:15:48","slug":"marten-mingus-quintet-2-caixa-acustica-torre","status":"publish","type":"product","link":"https:\/\/hificlub.com.br\/loja\/produto\/marten-mingus-quintet-2-caixa-acustica-torre\/","title":{"rendered":"MARTEN Mingus Quintet 2 &#8211; Caixa Ac\u00fastica Torre, 300 Watts"},"content":{"rendered":"<p>Nosso Mingus Quintet 2 de segunda gera\u00e7\u00e3o conta com bases s\u00f3lidas de design comprovado. Utilizando os drivers de tecnologia CELL, nos quais a s\u00e9rie\u00a0Mingus\u00a0se baseia, ele oferece alcance total, com graves profundos e din\u00e2mica ampla.<\/p>\n<div class=\"left_r_title\"><strong>O que voc\u00ea ganha. Controle confiante.<\/strong><\/div>\n<div class=\"left_r_con\">\n<p>O Mingus Quintet 2 possui cinco drivers com controle e pot\u00eancia impec\u00e1veis, incluindo um tweeter de diamante puro, m\u00e9dios de cer\u00e2mica pura e c\u00fapulas de graves em formato sandu\u00edche de alum\u00ednio. Tamb\u00e9m equipamos o crossover de primeira ordem para um som mais aberto, limpo e din\u00e2mico.<\/p>\n<p>O controle de resson\u00e2ncia \u00e9 bastante aprimorado com um tapete de amortecimento avan\u00e7ado e tampos e bases de madeira maci\u00e7a para um gabinete mais neutro. Os isoladores Marten reduzem ainda mais a resson\u00e2ncia, separando o gabinete da superf\u00edcie de suporte.<\/p>\n<ul>\n<li>Tweeter de diamante puro<\/li>\n<li>reflexo de graves de 3 vias<\/li>\n<li>Crossover de primeira ordem<\/li>\n<li>Drivers de c\u00e9lula<\/li>\n<li>Isoladores de Marta<\/li>\n<\/ul>\n<div class=\"left_r_title\"><strong>C\u00fapulas de diamante. Puro e brilhante.<\/strong><\/div>\n<div class=\"left_r_con\">\n<p>O diamante puro \u00e9 o material ideal para membranas de alto-falantes \u2013 \u00e9 por isso que usamos um tweeter de diamante Cell da\u00a0Accuton\u00a0. Na faixa de alta frequ\u00eancia, sua rela\u00e7\u00e3o rigidez-peso e velocidade interna do som s\u00e3o insuper\u00e1veis.<\/p>\n<p>O car\u00e1ter sonoro do nosso tweeter de diamante n\u00e3o \u00e9 o que voc\u00ea poderia esperar. Nosso crossover foi cuidadosamente projetado para real\u00e7ar o som puro e claro desta pedra preciosa, suavizando qualquer aspereza.<\/p>\n<p>O diamante tamb\u00e9m \u00e9 o melhor condutor de calor conhecido pelo homem, o que \u00e9 essencial para membranas de alto-falantes, fornecendo o melhor dissipador de calor para a bobina m\u00f3vel, resultando em alta pot\u00eancia e compress\u00e3o muito baixa.<\/p>\n<div class=\"left_r_title\"><strong>C\u00fapulas de cer\u00e2mica. Tecnologia avan\u00e7ada, som natural.<\/strong><\/div>\n<div class=\"left_r_con\">\n<p>A cer\u00e2mica r\u00edgida \u00e9 leve, mas extremamente r\u00edgida, o que a torna um dos melhores materiais para membranas de alto-falantes \u2013 tamb\u00e9m conhecida como safira.<\/p>\n<p>Nossas c\u00fapulas de cer\u00e2mica possuem um alto fator de amortecimento interno, devido a um processo eletroqu\u00edmico refinado. A membrana possui uma alta frequ\u00eancia de resson\u00e2ncia do material, o que significa que a distor\u00e7\u00e3o \u00e9 m\u00ednima. Isso oferece um n\u00edvel de clareza perfeito para c\u00fapulas de alto-falantes de alta qualidade.<\/p>\n<div class=\"left_r_title\"><strong>Drivers de graves. Baixas frequ\u00eancias. Baixa distor\u00e7\u00e3o.<\/strong><\/div>\n<div class=\"left_r_con\">\n<p>Os drivers Cell Bass possuem longa excurs\u00e3o, n\u00edveis de distor\u00e7\u00e3o extremamente baixos e um surround oculto. Feitos em estrutura de alum\u00ednio tipo favo de mel, os drivers oferecem um desempenho de graves rico e din\u00e2mico com uma apresenta\u00e7\u00e3o potente.<\/p>\n<div class=\"left_r_title\"><strong>Arm\u00e1rios. Forma e fun\u00e7\u00e3o unificadas.<\/strong><\/div>\n<div class=\"left_r_con\">\n<p>O Mingus Quintet 2 tem formato c\u00f4nico para reduzir reflexos sonoros e um formato elegante. Fabricado com os melhores materiais, possui tampos e bases de madeira maci\u00e7a para reduzir a resson\u00e2ncia.<\/p>\n<p>Utilizamos pain\u00e9is de fibras de m\u00e9dia densidade especialmente selecionados, com rigidez ideal, para criar gabinetes de alta qualidade e livres de resson\u00e2ncia. A estrutura interna e o refor\u00e7o mant\u00eam o gabinete r\u00edgido, enquanto, internamente, a resson\u00e2ncia \u00e9 ainda mais amortecida com materiais avan\u00e7ados.<\/p>\n<p>Cada gabinete recebe acabamento com verniz e laqueamento de precis\u00e3o. O laqueamento \u00e9 cuidadosamente composto por 7 camadas, cada uma polida \u00e0 m\u00e3o entre as secagens.<\/p>\n<div class=\"left_r_title\"><strong>Cruzamento. Primeira classe como sempre.<\/strong><\/div>\n<div class=\"left_r_con\">\n<p>O crossover de primeira ordem tem sido essencial para o Mingus desde o in\u00edcio. Com refinamentos, o crossover atual est\u00e1 ainda melhor \u2013 \u00e9 mais aberto, mais limpo e mais din\u00e2mico. E muito potente nas frequ\u00eancias graves.<\/p>\n<p>O crossover de primeira ordem possibilita uma coer\u00eancia de tempo e fase perfeita; e uma coincid\u00eancia de tempo impec\u00e1vel. Isso significa que todos os registradores s\u00e3o gerados exatamente no mesmo momento em que foram gravados.<\/p>\n<ul>\n<li>Bobinas de n\u00facleo de ar de folha de cobre<\/li>\n<li>Capacitores de folha de prata\/cobre<\/li>\n<li>Capacitores de folha de prata<\/li>\n<li>Resistores feitos sob medida<\/li>\n<li>Cabeamento interno Jorma<\/li>\n<\/ul>\n<\/div>\n<\/div>\n<\/div>\n<\/div>\n<\/div>\n<\/div>\n<p>&nbsp;<\/p>\n<p><a href=\"https:\/\/www.stereophile.com\/content\/marten-mingus-quintet-2-loudspeaker-jorma-power-filter-and-statement-cabling-and-msb-m550\" target=\"_blank\" rel=\"noopener\"><img loading=\"lazy\" decoding=\"async\" class=\"alignnone wp-image-22926 size-full\" src=\"https:\/\/hificlub.com.br\/loja\/wp-content\/uploads\/2025\/06\/Stereophile-award.jpg\" alt=\"\" width=\"439\" height=\"75\" \/><\/a>\u00a0 \u00a0 <a href=\"https:\/\/www.soundstageaustralia.com\/index.php\/news\/615-marten-announces-new-mingus-quintet-2-loudspeakers\" target=\"_blank\" rel=\"noopener\"><img loading=\"lazy\" decoding=\"async\" class=\"alignnone wp-image-23919\" src=\"https:\/\/hificlub.com.br\/loja\/wp-content\/uploads\/2025\/07\/Sound-stage-Australia-award.jpg\" alt=\"\" width=\"230\" height=\"75\" srcset=\"https:\/\/hificlub.com.br\/loja\/wp-content\/uploads\/2025\/07\/Sound-stage-Australia-award.jpg 306w, https:\/\/hificlub.com.br\/loja\/wp-content\/uploads\/2025\/07\/Sound-stage-Australia-award-300x98.jpg 300w\" sizes=\"auto, (max-width: 230px) 100vw, 230px\" \/><\/a><\/p>\n","protected":false},"excerpt":{"rendered":"<p>Nosso Mingus Quintet 2 de segunda gera\u00e7\u00e3o conta com bases s\u00f3lidas de design comprovado. Utilizando os drivers de tecnologia CELL, nos quais a s\u00e9rie\u00a0Mingus\u00a0se baseia, ele oferece alcance total, com graves profundos e din\u00e2mica ampla. O que voc\u00ea ganha. Controle confiante. O Mingus Quintet 2 possui cinco drivers com controle e pot\u00eancia impec\u00e1veis, incluindo um [&hellip;]<\/p>\n","protected":false},"featured_media":23920,"template":"","meta":{"_acf_changed":false},"product_brand":[],"product_cat":[17,276,18],"product_tag":[],"class_list":{"0":"post-23918","1":"product","2":"type-product","3":"status-publish","4":"has-post-thumbnail","6":"product_cat-caixas","7":"product_cat-marten","8":"product_cat-torres","10":"first","11":"instock","12":"sold-individually","13":"shipping-taxable","14":"product-type-simple"},"acf":[],"aioseo_notices":[],"_links":{"self":[{"href":"https:\/\/hificlub.com.br\/loja\/wp-json\/wp\/v2\/product\/23918","targetHints":{"allow":["GET"]}}],"collection":[{"href":"https:\/\/hificlub.com.br\/loja\/wp-json\/wp\/v2\/product"}],"about":[{"href":"https:\/\/hificlub.com.br\/loja\/wp-json\/wp\/v2\/types\/product"}],"wp:featuredmedia":[{"embeddable":true,"href":"https:\/\/hificlub.com.br\/loja\/wp-json\/wp\/v2\/media\/23920"}],"wp:attachment":[{"href":"https:\/\/hificlub.com.br\/loja\/wp-json\/wp\/v2\/media?parent=23918"}],"wp:term":[{"taxonomy":"product_brand","embeddable":true,"href":"https:\/\/hificlub.com.br\/loja\/wp-json\/wp\/v2\/product_brand?post=23918"},{"taxonomy":"product_cat","embeddable":true,"href":"https:\/\/hificlub.com.br\/loja\/wp-json\/wp\/v2\/product_cat?post=23918"},{"taxonomy":"product_tag","embeddable":true,"href":"https:\/\/hificlub.com.br\/loja\/wp-json\/wp\/v2\/product_tag?post=23918"}],"curies":[{"name":"wp","href":"https:\/\/api.w.org\/{rel}","templated":true}]}}