{"id":23909,"date":"2025-07-08T11:04:23","date_gmt":"2025-07-08T14:04:23","guid":{"rendered":"https:\/\/hificlub.com.br\/loja\/?post_type=product&#038;p=23909"},"modified":"2026-03-03T22:15:49","modified_gmt":"2026-03-04T01:15:49","slug":"marten-mingus-septet-caixa-acustica-torre","status":"publish","type":"product","link":"https:\/\/hificlub.com.br\/loja\/produto\/marten-mingus-septet-caixa-acustica-torre\/","title":{"rendered":"MARTEN Mingus Septet &#8211; Caixa Ac\u00fastica Torre, 300 Watts"},"content":{"rendered":"<p>O Mingus Septet \u00e9 perfeito para quem admira a pot\u00eancia e o desempenho do Mingus Orchestra, mas tamb\u00e9m busca uma experi\u00eancia auditiva mais amig\u00e1vel ao ambiente lounge. Com muitas semelhan\u00e7as com seu equivalente, o Mingus Septet oferece o mesmo desempenho de alto n\u00edvel sem concess\u00f5es. Seus graves profundos e de alcance total, al\u00e9m de sua din\u00e2mica ampla, criam um som incompar\u00e1vel, cativante e imersivo.<\/p>\n<div class=\"left_r_title\"><strong>O que voc\u00ea ganha. Precis\u00e3o e pot\u00eancia combinadas.<\/strong><\/div>\n<div class=\"left_r_con\">\n<p>O Mingus Septet \u00e9 um alto-falante de quatro vias de alta resist\u00eancia com sete drivers.\u00a0Tweeters de diamante puro personalizados da Marten e drivers de m\u00e9dios agudos de ber\u00edlio garantem que cada detalhe seja capturado com clareza e precis\u00e3o.<\/p>\n<p>Nosso crossover de primeira linha proporciona um som aberto, limpo e din\u00e2mico, enquanto os tapetes de amortecimento avan\u00e7ados, tampos e fundos de madeira e chapa de alum\u00ednio de 4 mm garantem um gabinete neutro com excelente controle de resson\u00e2ncia. Os isoladores Marten reduzem ainda mais a resson\u00e2ncia, separando o gabinete da superf\u00edcie de suporte.<\/p>\n<ul>\n<li>Tweeter de diamante puro personalizado<\/li>\n<li>M\u00e9dios altos de ber\u00edlio personalizados<\/li>\n<li>Crossover de primeira ordem<\/li>\n<li>Drivers de graves passivos<\/li>\n<li>Isoladores de Marta<\/li>\n<\/ul>\n<div class=\"left_r_title\"><strong>Tweeter de diamante \u2022 6000-60000 Hz Feito sob medida.<\/strong><\/div>\n<div class=\"left_r_con\">\n<p>Criamos tweeters personalizados de diamante puro para o Mingus Septet. O diamante \u00e9 um material extremamente duro e r\u00edgido, o que lhe permite vibrar muito rapidamente sem deformar ou quebrar. Ele pode produzir uma reprodu\u00e7\u00e3o sonora muito precisa e sem distor\u00e7\u00e3o, mesmo em volumes altos.<\/p>\n<p>O diamante possui uma rela\u00e7\u00e3o rigidez-peso muito alta, o que significa que pode se mover com rapidez e precis\u00e3o com o m\u00ednimo de energia. Isso permite que ele produza som com distor\u00e7\u00e3o ou amortecimento m\u00ednimos. Tamb\u00e9m \u00e9 um bom condutor de calor \u2014 consegue dissipar o calor gerado pela bobina do alto-falante com mais efici\u00eancia do que outros materiais. Isso permite que o alto-falante opere em altos n\u00edveis de pot\u00eancia sem superaquecer ou danificar a bobina m\u00f3vel.<\/p>\n<p>O crossover de primeira ordem rec\u00e9m-projetado aproveita a clareza e a pureza naturais do diamante, ao mesmo tempo que suaviza qualquer aspereza.<\/p>\n<div class=\"left_r_after\"><strong>Forma e fun\u00e7\u00e3o unificadas.<\/strong><\/div>\n<div class=\"left_r_con\">\n<p>O Mingus Septet \u00e9 c\u00f4nico para criar menos reflex\u00f5es sonoras e um formato elegante. \u00c9 fabricado com os melhores materiais, incluindo pain\u00e9is de fibra de m\u00e9dia densidade especialmente selecionados com rigidez ideal para criar gabinetes de alta qualidade e livres de resson\u00e2ncia. A estrutura interna e o refor\u00e7o mant\u00eam o gabinete r\u00edgido, enquanto materiais avan\u00e7ados amortecem a resson\u00e2ncia interna.<\/p>\n<p>Cada gabinete recebe acabamento com laqueamento de precis\u00e3o, sendo o laqueado cuidadosamente constru\u00eddo em sete camadas, cada uma polida \u00e0 m\u00e3o entre as secagens.<\/p>\n<div class=\"left_r_title\"><strong>Partes superiores e inferiores. Termine como quiser<\/strong><\/div>\n<div class=\"left_r_con\">\n<p>O Mingus Septet pode ser finalizado com tampos e fundos em madeira maci\u00e7a ou em painel de fibra laqueado de alto brilho.<\/p>\n<p>Opte por nogueira ou carvalho cuidadosamente selecionados para obter um acabamento quente e natural ou, para os mais ousados, h\u00e1 cinco acabamentos brilhantes contempor\u00e2neos: Piano Black, Piano Grey, Piano Plum, Piano Red e Piano Gold.<\/p>\n<div class=\"left_r_title\"><strong>Cruzamento. Primeira classe como sempre.<\/strong><\/div>\n<div class=\"left_r_con\">\n<p>O crossover de primeira ordem sempre foi um componente essencial do som Mingus. O novo crossover para o Mingus Septet oferece um som mais aberto, limpo e din\u00e2mico, tornando-o excepcionalmente potente nas frequ\u00eancias graves. Este tipo de crossover permite uma coer\u00eancia de tempo e fase perfeita, al\u00e9m de uma coincid\u00eancia de tempo impec\u00e1vel. Isso significa que todos os registros s\u00e3o gerados exatamente no mesmo momento em que foram gravados.<\/p>\n<p>Usamos apenas os melhores componentes para nossos crossovers:<\/p>\n<ul>\n<li>Bobinas de n\u00facleo de ar de folha de cobre<\/li>\n<li>Capacitores de prata\/cobre em \u00f3leo\/papel<\/li>\n<li>Capacitores de prata\/ouro<\/li>\n<li>Resistores feitos sob medida<\/li>\n<li>Cabeamento interno Jorma<\/li>\n<\/ul>\n<\/div>\n<\/div>\n<\/div>\n<\/div>\n<\/div>\n<p>&nbsp;<\/p>\n<p><a href=\"https:\/\/pt.audio\/2023\/05\/29\/marten-mingus-septet-munich-2023\/\" target=\"_blank\" rel=\"noopener\"><img loading=\"lazy\" decoding=\"async\" class=\"alignnone wp-image-23614\" src=\"https:\/\/hificlub.com.br\/loja\/wp-content\/uploads\/2025\/06\/Ptaudio-award.jpg\" alt=\"\" width=\"397\" height=\"97\" \/><\/a>\u00a0 \u00a0 <a href=\"https:\/\/www.theaudiotailor.com.au\/blogs\/reviews\/marten-mingus-septet-floorstanding-speakers-review-a-symphony-of-audio-excellence\" target=\"_blank\" rel=\"noopener\"><img loading=\"lazy\" decoding=\"async\" class=\"alignnone wp-image-22785\" src=\"https:\/\/hificlub.com.br\/loja\/wp-content\/uploads\/2025\/06\/Sound-Image-Audio-Tailor-award.jpg\" alt=\"\" width=\"196\" height=\"98\" \/><\/a><\/p>\n","protected":false},"excerpt":{"rendered":"<p>O Mingus Septet \u00e9 perfeito para quem admira a pot\u00eancia e o desempenho do Mingus Orchestra, mas tamb\u00e9m busca uma experi\u00eancia auditiva mais amig\u00e1vel ao ambiente lounge. Com muitas semelhan\u00e7as com seu equivalente, o Mingus Septet oferece o mesmo desempenho de alto n\u00edvel sem concess\u00f5es. Seus graves profundos e de alcance total, al\u00e9m de sua [&hellip;]<\/p>\n","protected":false},"featured_media":23910,"template":"","meta":{"_acf_changed":false},"product_brand":[],"product_cat":[17,276,18],"product_tag":[],"class_list":{"0":"post-23909","1":"product","2":"type-product","3":"status-publish","4":"has-post-thumbnail","6":"product_cat-caixas","7":"product_cat-marten","8":"product_cat-torres","10":"first","11":"instock","12":"sold-individually","13":"shipping-taxable","14":"product-type-simple"},"acf":[],"aioseo_notices":[],"_links":{"self":[{"href":"https:\/\/hificlub.com.br\/loja\/wp-json\/wp\/v2\/product\/23909","targetHints":{"allow":["GET"]}}],"collection":[{"href":"https:\/\/hificlub.com.br\/loja\/wp-json\/wp\/v2\/product"}],"about":[{"href":"https:\/\/hificlub.com.br\/loja\/wp-json\/wp\/v2\/types\/product"}],"wp:featuredmedia":[{"embeddable":true,"href":"https:\/\/hificlub.com.br\/loja\/wp-json\/wp\/v2\/media\/23910"}],"wp:attachment":[{"href":"https:\/\/hificlub.com.br\/loja\/wp-json\/wp\/v2\/media?parent=23909"}],"wp:term":[{"taxonomy":"product_brand","embeddable":true,"href":"https:\/\/hificlub.com.br\/loja\/wp-json\/wp\/v2\/product_brand?post=23909"},{"taxonomy":"product_cat","embeddable":true,"href":"https:\/\/hificlub.com.br\/loja\/wp-json\/wp\/v2\/product_cat?post=23909"},{"taxonomy":"product_tag","embeddable":true,"href":"https:\/\/hificlub.com.br\/loja\/wp-json\/wp\/v2\/product_tag?post=23909"}],"curies":[{"name":"wp","href":"https:\/\/api.w.org\/{rel}","templated":true}]}}