{"id":23900,"date":"2025-07-08T10:41:35","date_gmt":"2025-07-08T13:41:35","guid":{"rendered":"https:\/\/hificlub.com.br\/loja\/?post_type=product&#038;p=23900"},"modified":"2026-03-03T22:15:49","modified_gmt":"2026-03-04T01:15:49","slug":"marten-mingus-orchestra-caixa-torre","status":"publish","type":"product","link":"https:\/\/hificlub.com.br\/loja\/produto\/marten-mingus-orchestra-caixa-torre\/","title":{"rendered":"MARTEN Mingus Orchestra &#8211; Caixa Ac\u00fastica Torre, 450 Watts"},"content":{"rendered":"<p>A joia da coroa da s\u00e9rie Mingus oferece a pot\u00eancia e a clareza que s\u00f3 os drivers Diamond oferecem. Constru\u00edmos nosso design e tecnologia atuais em um gabinete Mingus de formato impec\u00e1vel. Utilizando tecnologia e elementos de design da Coltrane e da Heritage, ele preenche a lacuna entre ambos.<\/p>\n<div class=\"left_r_title\"><strong>O que voc\u00ea ganha. Beleza e o melhor.<\/strong><\/div>\n<div class=\"left_r_con\">\n<p><strong>A Mingus Orchestra<\/strong>\u00a0utiliza nosso crossover de primeira ordem, l\u00edder de mercado. Combinado com os drivers Cell da Accuton, isso cria uma coincid\u00eancia de tempo impec\u00e1vel, al\u00e9m de uma coer\u00eancia de tempo e fase perfeita. O resultado \u00e9 uma distor\u00e7\u00e3o extremamente baixa, proporcionando o som mais natural e din\u00e2mico.<\/p>\n<p>Com dois drivers Diamond, o som \u00e9 t\u00e3o limpo e verdadeiro que voc\u00ea pode ouvir cada nuance e movimento da sua m\u00fasica.<\/p>\n<ul>\n<li>Reflexo de graves de 4 vias<\/li>\n<li>Crossover de primeira ordem<\/li>\n<li>Drivers de c\u00e9lula<\/li>\n<li>Drivers de diamante de 51 mm e 20 mm<\/li>\n<\/ul>\n<div class=\"left_r_title\"><strong>C\u00fapulas de diamante. Som que brilha.<\/strong><\/div>\n<div class=\"left_r_con\">\n<p>O Diamante Puro \u00e9 o material ideal para membranas de alto-falantes. Utilizado na faixa de alta frequ\u00eancia, sua rela\u00e7\u00e3o rigidez-peso e velocidade interna do som s\u00e3o incompar\u00e1veis.<\/p>\n<p>O diamante tamb\u00e9m \u00e9 o melhor condutor de calor conhecido pelo homem. Isso \u00e9 essencial para membranas de alto-falantes, proporcionando o melhor dissipador de calor para a bobina m\u00f3vel, resultando em alta pot\u00eancia e baix\u00edssima compress\u00e3o.<\/p>\n<p>O car\u00e1ter sonoro dos nossos tweeters Diamond n\u00e3o \u00e9 o que voc\u00ea espera. Outros podem soar &#8220;excessivamente brilhantes&#8221; ou &#8220;duros como diamante&#8221;. A distor\u00e7\u00e3o harm\u00f4nica tamb\u00e9m pode ser um problema. Nosso crossover foi cuidadosamente projetado para lidar com isso. Na verdade, o que acontece \u00e9 o oposto: os Diamonds simplesmente desaparecem, deixando apenas a sua m\u00fasica.<\/p>\n<div class=\"left_r_title\"><strong>C\u00fapulas de cer\u00e2mica. Tecnologia avan\u00e7ada para som natural.<\/strong><\/div>\n<div class=\"left_r_con\">\n<p>A cer\u00e2mica dura \u00e9 leve, mas extremamente r\u00edgida, o que a torna um dos melhores materiais para membranas de alto-falantes \u2013 tamb\u00e9m conhecida como safira.<\/p>\n<p>Nossas c\u00fapulas de cer\u00e2mica possuem um alto fator de amortecimento interno, gra\u00e7as a um processo eletroqu\u00edmico refinado. A membrana tamb\u00e9m possui uma alta frequ\u00eancia de resson\u00e2ncia do material, o que significa que a distor\u00e7\u00e3o \u00e9 m\u00ednima, oferecendo um n\u00edvel de clareza que \u00e9 o Santo Graal para c\u00fapulas de alto-falantes de alta qualidade.<\/p>\n<div class=\"left_r_title\"><strong>P\u00e9s. Um novo n\u00edvel de isolamento.<\/strong><\/div>\n<div class=\"left_r_con\">\n<p>A redu\u00e7\u00e3o da resson\u00e2ncia \u00e9 importante para o design de nossas caixas ac\u00fasticas \u2013 ela pode fazer a diferen\u00e7a entre uma boa caixa ac\u00fastica e uma \u00f3tima caixa ac\u00fastica. Com a IsoAcoustics, criamos os Isoladores Marten. Este produto de precis\u00e3o permite isolar completamente o gabinete do ch\u00e3o, reduzindo a resson\u00e2ncia e a distor\u00e7\u00e3o \u2013 deixando o palco sonoro livre.<\/p>\n<ul>\n<li>Graves din\u00e2micos com maior pot\u00eancia e controle<\/li>\n<li>Abertura e clareza naturais<\/li>\n<li>Otimizado para o peso do gabinete<\/li>\n<li>Resiste a movimentos laterais e oscila\u00e7\u00f5es<\/li>\n<li>Reduz reflex\u00f5es internas<\/li>\n<li>Adequado para carpete<\/li>\n<\/ul>\n<\/div>\n<\/div>\n<\/div>\n<\/div>\n<p>&nbsp;<\/p>\n<p><a href=\"https:\/\/isoacoustics.hu\/marten-upgrades-flagship-speakers-with-marten-isolators-by-isoacoustics\/\" target=\"_blank\" rel=\"noopener\"><img loading=\"lazy\" decoding=\"async\" class=\"alignnone wp-image-23907\" src=\"https:\/\/hificlub.com.br\/loja\/wp-content\/uploads\/2025\/07\/Iso-acustics-award.jpg\" alt=\"\" width=\"314\" height=\"74\" \/><\/a>\u00a0 \u00a0 <a href=\"https:\/\/www.stereophile.com\/content\/marten-mingus-orchestra-speakers-stromtank-2500-power-conditioner-ch-precision-electronics\" target=\"_blank\" rel=\"noopener\"><img loading=\"lazy\" decoding=\"async\" class=\"alignnone wp-image-22926 size-full\" src=\"https:\/\/hificlub.com.br\/loja\/wp-content\/uploads\/2025\/06\/Stereophile-award.jpg\" alt=\"\" width=\"439\" height=\"75\" \/><\/a><\/p>\n","protected":false},"excerpt":{"rendered":"<p>A joia da coroa da s\u00e9rie Mingus oferece a pot\u00eancia e a clareza que s\u00f3 os drivers Diamond oferecem. Constru\u00edmos nosso design e tecnologia atuais em um gabinete Mingus de formato impec\u00e1vel. Utilizando tecnologia e elementos de design da Coltrane e da Heritage, ele preenche a lacuna entre ambos. O que voc\u00ea ganha. Beleza e [&hellip;]<\/p>\n","protected":false},"featured_media":23901,"template":"","meta":{"_acf_changed":false},"product_brand":[],"product_cat":[17,276,18],"product_tag":[],"class_list":{"0":"post-23900","1":"product","2":"type-product","3":"status-publish","4":"has-post-thumbnail","6":"product_cat-caixas","7":"product_cat-marten","8":"product_cat-torres","10":"first","11":"instock","12":"sold-individually","13":"shipping-taxable","14":"product-type-simple"},"acf":[],"aioseo_notices":[],"_links":{"self":[{"href":"https:\/\/hificlub.com.br\/loja\/wp-json\/wp\/v2\/product\/23900","targetHints":{"allow":["GET"]}}],"collection":[{"href":"https:\/\/hificlub.com.br\/loja\/wp-json\/wp\/v2\/product"}],"about":[{"href":"https:\/\/hificlub.com.br\/loja\/wp-json\/wp\/v2\/types\/product"}],"wp:featuredmedia":[{"embeddable":true,"href":"https:\/\/hificlub.com.br\/loja\/wp-json\/wp\/v2\/media\/23901"}],"wp:attachment":[{"href":"https:\/\/hificlub.com.br\/loja\/wp-json\/wp\/v2\/media?parent=23900"}],"wp:term":[{"taxonomy":"product_brand","embeddable":true,"href":"https:\/\/hificlub.com.br\/loja\/wp-json\/wp\/v2\/product_brand?post=23900"},{"taxonomy":"product_cat","embeddable":true,"href":"https:\/\/hificlub.com.br\/loja\/wp-json\/wp\/v2\/product_cat?post=23900"},{"taxonomy":"product_tag","embeddable":true,"href":"https:\/\/hificlub.com.br\/loja\/wp-json\/wp\/v2\/product_tag?post=23900"}],"curies":[{"name":"wp","href":"https:\/\/api.w.org\/{rel}","templated":true}]}}