{"id":23865,"date":"2025-07-07T12:06:21","date_gmt":"2025-07-07T15:06:21","guid":{"rendered":"https:\/\/hificlub.com.br\/loja\/?post_type=product&#038;p=23865"},"modified":"2026-03-03T22:15:50","modified_gmt":"2026-03-04T01:15:50","slug":"coltrane-quintet-extreme-caixa-acustica-torre","status":"publish","type":"product","link":"https:\/\/hificlub.com.br\/loja\/produto\/coltrane-quintet-extreme-caixa-acustica-torre\/","title":{"rendered":"MARTEN Coltrane Quintet Extreme &#8211; Caixa Ac\u00fastica Torre, 350 Watts"},"content":{"rendered":"<div class=\"elementor-element elementor-element-aeced25 new-hp-title elementor-widget elementor-widget-heading\" data-id=\"aeced25\" data-element_type=\"widget\" data-widget_type=\"heading.default\">\n<div class=\"elementor-widget-container\">\n<p class=\"elementor-heading-title elementor-size-default\"><strong>Quinteto Coltrane<\/strong><\/p>\n<\/div>\n<\/div>\n<div class=\"elementor-element elementor-element-45b0c93 new-hp-text elementor-widget elementor-widget-text-editor\" data-id=\"45b0c93\" data-element_type=\"widget\" data-widget_type=\"text-editor.default\">\n<div class=\"elementor-widget-container\">\n<p>Coltrane Quintet \u00e9 uma masterclass em controle e resolu\u00e7\u00e3o. Seu design de quatro vias, drivers premium e constru\u00e7\u00e3o r\u00edgida do gabinete oferecem um palco sonoro que \u00e9 expansivo e preciso. Constru\u00eddo para aqueles que exigem clareza, din\u00e2mica e express\u00e3o musical natural, oferece desempenho de alto n\u00edvel com apelo atemporal.<\/p>\n<\/div>\n<\/div>\n<p>Coltrane sempre foi um padr\u00e3o de excel\u00eancia para n\u00f3s e \u00e9 uma refer\u00eancia para o som Marten. O Coltrane Quintet continua este legado, oferecendo som cristalino de alta resolu\u00e7\u00e3o com um palco sonoro v\u00edvido que \u00e9 vital e natural. O novo Coltrane marca uma progress\u00e3o substancial em termos de resposta grave, din\u00e2mica e redu\u00e7\u00e3o de resson\u00e2ncia.<\/p>\n<div class=\"left_r_title\"><strong>O que voc\u00ea conseguir. Controle Coltrane<\/strong><\/div>\n<div class=\"left_r_con\">\n<p>Apresentando nosso crossover de primeira ordem e drivers personalizados\u2014pure diamond tweeter, ber\u00edlio de alto m\u00e9dio e novos drivers de baixo m\u00e9dio de fibra de carbono\u2014ao lado de drivers de baixo sandu\u00edche de alum\u00ednio em um design de reflexo de baixo. Com um gabinete 25% maior que o Coltrane 3, entrega graves mais profundos. O gabinete de fibra de carbono oferece um controle de resson\u00e2ncia superior, mantendo o perfil elegante de Coltrane com melhorias estruturais para estabilidade. Dispon\u00edvel em laminado de fibra de carbono polido ou acabamento em Piano Black laqueado.<\/p>\n<ul>\n<li>4-way reflexo de baixo<\/li>\n<li>Tweeter puro diamante personalizado<\/li>\n<li>Custom ber\u00edlio puro de alta-midrange<\/li>\n<li>Fibra de carbono convexa personalizada mid-bass<\/li>\n<li>Cruzamento de primeira ordem de assinatura<\/li>\n<li>Fia\u00e7\u00e3o interna Jorma<\/li>\n<li>Marten Isoladores<\/li>\n<\/ul>\n<div class=\"left_r_title\"><strong>Novidades para 2025. Quinteto Coltrane Extreme<\/strong><\/div>\n<div class=\"left_r_con\">\n<p>Coltrane Quintet Extreme \u00e9 a declara\u00e7\u00e3o mais recente e mais poderosa da s\u00e9rie Coltrane at\u00e9 o momento \u2014 limitado a apenas dez pares em todo o mundo.<\/p>\n<p>Trabalhada inteiramente \u00e0 m\u00e3o na Su\u00e9cia, este alto-falante de quatro vias apresenta:<\/p>\n<ul>\n<li>1\u2033 Tuiteiro puro diamante<\/li>\n<li>3\u2033 Diamante puro m\u00e9dio alto<\/li>\n<li>7\u2033 Ber\u00edlio m\u00e9dio puro<\/li>\n<li>Arm\u00e1rio em fibra de carbono e madeira maci\u00e7a<\/li>\n<li>Cruzamento de primeira ordem aprimorado<\/li>\n<li>Fia\u00e7\u00e3o interna Jorma Paragon<\/li>\n<li>Marten Isoladores<\/li>\n<\/ul>\n<div class=\"elementor-element elementor-element-aeced25 new-hp-title elementor-widget elementor-widget-heading\" data-id=\"aeced25\" data-element_type=\"widget\" data-widget_type=\"heading.default\">\n<div class=\"elementor-widget-container\"><\/div>\n<\/div>\n<div class=\"elementor-element elementor-element-45b0c93 new-hp-text elementor-widget elementor-widget-text-editor\" data-id=\"45b0c93\" data-element_type=\"widget\" data-widget_type=\"text-editor.default\">\n<div class=\"elementor-widget-container\">\n<div class=\"left_r_title\"><strong>6000-60000 Hz. Tweeter de diamante personalizado<\/strong><\/div>\n<div class=\"left_r_con\">\n<p>O tweeter de diamante puro da Coltrane Quintet oferece o melhor em reprodu\u00e7\u00e3o sonora, aproveitando as propriedades \u00fanicas do diamante para uma clareza e precis\u00e3o incompar\u00e1veis.<\/p>\n<p>Com sua excepcional rela\u00e7\u00e3o rigidez-peso, o diamante puro garante resposta instant\u00e2nea sem distor\u00e7\u00e3o, revelando detalhes intrincados com precis\u00e3o. Al\u00e9m disso, a condutividade t\u00e9rmica do diamante garante um desempenho est\u00e1vel mesmo sob condi\u00e7\u00f5es intensas de escuta, preservando a integridade e longevidade do tuiteiro.<\/p>\n<p>Integrar este tweeter no Quinteto Coltrane oferece uma experi\u00eancia de audi\u00e7\u00e3o imersiva e realista que define um padr\u00e3o invej\u00e1vel na reprodu\u00e7\u00e3o de \u00e1udio de alta qualidade.<\/p>\n<div class=\"left_r_title\"><strong>18-170 Hz. Baixo sandu\u00edche de alum\u00ednio<\/strong><\/div>\n<div class=\"left_r_con\">\n<p>O Coltrane Quintet possui drivers sandu\u00edche de alum\u00ednio de 2 x 10\u201d meticulosamente projetados para desempenho exemplar de baixo. Esses drivers primam por entregar graves profundos e poderosos com excepcional clareza e precis\u00e3o. A constru\u00e7\u00e3o em sandu\u00edche de alum\u00ednio garante rigidez e amortecimento ideais, minimizando a distor\u00e7\u00e3o e a resson\u00e2ncia para uma resposta de graves articulada e apertada.<\/p>\n<p>These drivers ensure every note in the lower ranges are reproduced with stunning detail and impact, allowing you to really feel the music.<\/p>\n<\/div>\n<\/div>\n<\/div>\n<\/div>\n<\/div>\n<\/div>\n<p>&nbsp;<\/p>\n<p><a href=\"https:\/\/www.stereophile.com\/content\/marten-goes-extreme\" target=\"_blank\" rel=\"noopener\"><img loading=\"lazy\" decoding=\"async\" class=\"alignnone wp-image-22926 size-full\" src=\"https:\/\/hificlub.com.br\/loja\/wp-content\/uploads\/2025\/06\/Stereophile-award.jpg\" alt=\"\" width=\"439\" height=\"75\" \/>\u00a0\u00a0\u00a0\u00a0 <\/a><a href=\"https:\/\/bestofhighend.com\/marten-unveils-coltrane-supreme-extreme-and-coltrane-quintet-extreme-at-high-end-munich-2025\/\" target=\"_blank\" rel=\"noopener\"><img loading=\"lazy\" decoding=\"async\" class=\"alignnone wp-image-20353 \" src=\"https:\/\/hificlub.com.br\/loja\/wp-content\/uploads\/2023\/10\/Awards-Best-of-HiEnd.png\" alt=\"\" width=\"169\" height=\"76\" srcset=\"https:\/\/hificlub.com.br\/loja\/wp-content\/uploads\/2023\/10\/Awards-Best-of-HiEnd.png 336w, https:\/\/hificlub.com.br\/loja\/wp-content\/uploads\/2023\/10\/Awards-Best-of-HiEnd-300x134.png 300w\" sizes=\"auto, (max-width: 169px) 100vw, 169px\" \/><\/a><\/p>\n","protected":false},"excerpt":{"rendered":"<p>Quinteto Coltrane Coltrane Quintet \u00e9 uma masterclass em controle e resolu\u00e7\u00e3o. Seu design de quatro vias, drivers premium e constru\u00e7\u00e3o r\u00edgida do gabinete oferecem um palco sonoro que \u00e9 expansivo e preciso. Constru\u00eddo para aqueles que exigem clareza, din\u00e2mica e express\u00e3o musical natural, oferece desempenho de alto n\u00edvel com apelo atemporal. Coltrane sempre foi um [&hellip;]<\/p>\n","protected":false},"featured_media":23866,"template":"","meta":{"_acf_changed":false},"product_brand":[],"product_cat":[17,276,18],"product_tag":[],"class_list":{"0":"post-23865","1":"product","2":"type-product","3":"status-publish","4":"has-post-thumbnail","6":"product_cat-caixas","7":"product_cat-marten","8":"product_cat-torres","10":"first","11":"instock","12":"sold-individually","13":"shipping-taxable","14":"product-type-simple"},"acf":[],"aioseo_notices":[],"_links":{"self":[{"href":"https:\/\/hificlub.com.br\/loja\/wp-json\/wp\/v2\/product\/23865","targetHints":{"allow":["GET"]}}],"collection":[{"href":"https:\/\/hificlub.com.br\/loja\/wp-json\/wp\/v2\/product"}],"about":[{"href":"https:\/\/hificlub.com.br\/loja\/wp-json\/wp\/v2\/types\/product"}],"wp:featuredmedia":[{"embeddable":true,"href":"https:\/\/hificlub.com.br\/loja\/wp-json\/wp\/v2\/media\/23866"}],"wp:attachment":[{"href":"https:\/\/hificlub.com.br\/loja\/wp-json\/wp\/v2\/media?parent=23865"}],"wp:term":[{"taxonomy":"product_brand","embeddable":true,"href":"https:\/\/hificlub.com.br\/loja\/wp-json\/wp\/v2\/product_brand?post=23865"},{"taxonomy":"product_cat","embeddable":true,"href":"https:\/\/hificlub.com.br\/loja\/wp-json\/wp\/v2\/product_cat?post=23865"},{"taxonomy":"product_tag","embeddable":true,"href":"https:\/\/hificlub.com.br\/loja\/wp-json\/wp\/v2\/product_tag?post=23865"}],"curies":[{"name":"wp","href":"https:\/\/api.w.org\/{rel}","templated":true}]}}