{"id":2386,"date":"2023-10-17T20:00:33","date_gmt":"2023-10-17T23:00:33","guid":{"rendered":"https:\/\/hificlub.com.br\/loja2\/produto\/mark-levinson-5805-c-dac-e-phono-mm-mc-125-watts\/"},"modified":"2026-03-03T22:20:53","modified_gmt":"2026-03-04T01:20:53","slug":"mark-levinson-5805-c-dac-e-phono-mm-mc-125-watts","status":"publish","type":"product","link":"https:\/\/hificlub.com.br\/loja\/produto\/mark-levinson-5805-c-dac-e-phono-mm-mc-125-watts\/","title":{"rendered":"MARK LEVINSON 5805 c\/ DAC e PHONO MM\/MC  125 watts"},"content":{"rendered":"<p>MARK LEVINSON \u2116 5805<\/p>\n<p>INTEGRATED AMPLIFIER FOR DIGITAL AND ANALOG SOURCES<\/p>\n<p>Revele os detalhes ocultos do seu vinil e m\u00fasica digital<\/p>\n<p>Experimente o verdadeiro poder da sua m\u00fasica com um amplificador integrado que lhe permite ouvir o car\u00e1ter \u00fanico de cada nota. O Mark Levinson \u2116 5805 cont\u00e9m um pr\u00e9-amplificador de alta qualidade, est\u00e1gio phono e amplificador em um pacote perfeito, oferecendo som din\u00e2mico para toda a sua cole\u00e7\u00e3o de m\u00fasica digital e anal\u00f3gica.<\/p>\n<p>Amplifica\u00e7\u00e3o poderosa<\/p>\n<p>Encha sua casa com ondas sonoras ricas e envolventes. Este amplificador integrado de ponta cont\u00e9m uma fonte de alimenta\u00e7\u00e3o de alta capacidade (transformador toroidal de 500+ VA) que permite fornecer a quantidade certa de energia para seus alto-falantes &#8211; e fornecer desempenhos de \u00e1udio premium sem distor\u00e7\u00e3o.<\/p>\n<p>\u00c1udio digital detalhado<\/p>\n<p>Descubra novos detalhes em sua m\u00fasica digital, desde harmonias ocultas at\u00e9 sugest\u00f5es sussurradas. O \u2116 5805 inclui um conversor digital para anal\u00f3gico (DAC) Precision Link II premium que reproduz com precis\u00e3o os sinais de \u00e1udio e minimiza o ru\u00eddo, para que voc\u00ea possa experimentar uma excelente qualidade de \u00e1udio e conectar-se \u00e0 sua m\u00fasica em um n\u00edvel mais profundo.<\/p>\n<p>\u00c1udio anal\u00f3gico extraordin\u00e1rio<\/p>\n<p>O design de circuito Pure Path propriet\u00e1rio de Mark Levinson maximiza a integridade do sinal de \u00e1udio com precis\u00e3o excepcional e clareza sonora deste amplificador integrado de alta qualidade com um pr\u00e9-amplificador phono premium. O resultado? Qualidade de som incompar\u00e1vel que captura as nuances de toda a sua cole\u00e7\u00e3o de m\u00fasica anal\u00f3gica.<\/p>\n<p>Entradas<br \/>\n1 x USB 2.0, 1 x S\/PDIF coaxial e 2 x S\/PDIF \u00f3ptico<br \/>\nCapacidade PCM e DSD de 384 kHz\/32 bits e 11,2 MHz<br \/>\nEntrada de \u00e1udio Bluetooth incluindo suporte aptX HD<br \/>\nDecodifica\u00e7\u00e3o completa MQA em todas as entradas digitais, incluindo USB ass\u00edncrono<br \/>\nEntradas anal\u00f3gicas: 1 x est\u00e9reo XLR balanceado, 2 x est\u00e9reo RCA, 1 x RCA Phono (MM\/MC)<br \/>\nModo de passagem do processador HT<br \/>\nSa\u00eddas<br \/>\nSa\u00eddas de linha: 1 x RCA est\u00e9reo (vari\u00e1vel)<br \/>\nSa\u00edda de fone de ouvido: 1 x 1\/4 polegadas\/6,35 mm (painel frontal)<br \/>\nSa\u00eddas de alto-falante: 2 pares de postes de liga\u00e7\u00e3o de alta corrente<br \/>\nAo controle<br \/>\nEthernet (RJ45), RS-232 (DB9), entrada\/sa\u00edda de gatilho de 12V e entrada IR (tomada de 3,5 mm)<br \/>\nConfigura\u00e7\u00e3o de p\u00e1gina da Web, importa\u00e7\u00e3o\/exporta\u00e7\u00e3o de configura\u00e7\u00e3o, atualiza\u00e7\u00f5es de software<br \/>\nControle remoto IR port\u00e1til inclu\u00eddo<br \/>\nAplicativo Mark Levinson Kontrol para dispositivos Android e iOS<br \/>\nDimens\u00f5es 145mm\u201d\/72.5: Altura\u2022 133mm\u201d\/25.5: p\u00e9s sem Altura\u2022 438mm\u201d\/25.17: Largura\u2022 507mm\u201d\/98.19: Profundidade\u2022 1kg.28\/lbs 62): 5805 (\u2116Peso\u2022 6kg.27\/lbs 61 ): 5802 (\u2116W<\/p>\n","protected":false},"excerpt":{"rendered":"<p>MARK LEVINSON \u2116 5805 INTEGRATED AMPLIFIER FOR DIGITAL AND ANALOG SOURCES Revele os detalhes ocultos do seu vinil e m\u00fasica digital Experimente o verdadeiro poder da sua m\u00fasica com um amplificador integrado que lhe permite ouvir o car\u00e1ter \u00fanico de cada nota. O Mark Levinson \u2116 5805 cont\u00e9m um pr\u00e9-amplificador de alta qualidade, est\u00e1gio phono [&hellip;]<\/p>\n","protected":false},"featured_media":2385,"template":"","meta":{"_acf_changed":false},"product_brand":[],"product_cat":[27,51,90],"product_tag":[],"class_list":{"0":"post-2386","1":"product","2":"type-product","3":"status-publish","4":"has-post-thumbnail","6":"product_cat-amplificador","7":"product_cat-integrado","8":"product_cat-mark-levinson","10":"first","11":"instock","12":"sold-individually","13":"shipping-taxable","14":"purchasable","15":"product-type-simple"},"acf":[],"aioseo_notices":[],"_links":{"self":[{"href":"https:\/\/hificlub.com.br\/loja\/wp-json\/wp\/v2\/product\/2386","targetHints":{"allow":["GET"]}}],"collection":[{"href":"https:\/\/hificlub.com.br\/loja\/wp-json\/wp\/v2\/product"}],"about":[{"href":"https:\/\/hificlub.com.br\/loja\/wp-json\/wp\/v2\/types\/product"}],"wp:featuredmedia":[{"embeddable":true,"href":"https:\/\/hificlub.com.br\/loja\/wp-json\/wp\/v2\/media\/2385"}],"wp:attachment":[{"href":"https:\/\/hificlub.com.br\/loja\/wp-json\/wp\/v2\/media?parent=2386"}],"wp:term":[{"taxonomy":"product_brand","embeddable":true,"href":"https:\/\/hificlub.com.br\/loja\/wp-json\/wp\/v2\/product_brand?post=2386"},{"taxonomy":"product_cat","embeddable":true,"href":"https:\/\/hificlub.com.br\/loja\/wp-json\/wp\/v2\/product_cat?post=2386"},{"taxonomy":"product_tag","embeddable":true,"href":"https:\/\/hificlub.com.br\/loja\/wp-json\/wp\/v2\/product_tag?post=2386"}],"curies":[{"name":"wp","href":"https:\/\/api.w.org\/{rel}","templated":true}]}}