{"id":23843,"date":"2025-07-07T10:15:56","date_gmt":"2025-07-07T13:15:56","guid":{"rendered":"https:\/\/hificlub.com.br\/loja\/?post_type=product&#038;p=23843"},"modified":"2026-03-03T22:15:51","modified_gmt":"2026-03-04T01:15:51","slug":"marten-coltrane-supreme-2-caixa-acustica-torre","status":"publish","type":"product","link":"https:\/\/hificlub.com.br\/loja\/produto\/marten-coltrane-supreme-2-caixa-acustica-torre\/","title":{"rendered":"MARTEN Coltrane Supreme 2 &#8211; Caixa Ac\u00fastica Torre, 500 Watts"},"content":{"rendered":"<p><strong>Coltrane Supreme 2 MK2\u00a0<\/strong>\u00e9 o modelo de prest\u00edgio para a S\u00e9rie Coltrane. Quer\u00edamos criar o alto-falante definitivo para a casa &#8211; talvez o melhor do mundo. Projetado usando nosso est\u00fadio de grava\u00e7\u00e3o na Su\u00e9cia como refer\u00eancia, a diferen\u00e7a entre realidade e som gravado \u00e9 indistingu\u00edvel.<\/p>\n<p>A s\u00e9rie Coltrane impulsiona muitas das inova\u00e7\u00f5es de design e tecnologia da Marten; Supreme 2 n\u00e3o \u00e9 exce\u00e7\u00e3o. Ele liderou avan\u00e7os em nossa linha de produtos e continua liderando o mercado.<\/p>\n<div class=\"left_r_title\"><strong>O que voc\u00ea ganha. Sem compromisso<\/strong>.<\/div>\n<div class=\"left_r_con\">\n<p>Desenvolvemos um crossover de primeira ordem para Supreme 2, criando coer\u00eancia absoluta de tempo e fase perfeita; e coincid\u00eancia de tempo impec\u00e1vel. Um marco para inova\u00e7\u00e3o e design na Marten.<br \/>\nSua m\u00fasica \u00e9 absolutamente fiel, com um palco sonoro que \u00e9 t\u00e3o v\u00edvido quanto a performance ao vivo.<\/p>\n<p>Com a tecnologia Cell, o gabinete de tr\u00eas partes inclui um gabinete m\u00e9dio separado de Corian, A\u00e7o Inoxid\u00e1vel e Alum\u00ednio, tornando o Supreme 2 extremamente forte e est\u00e1vel.<\/p>\n<ul>\n<li>5-jeito<\/li>\n<li>Cruzamento de primeira ordem<\/li>\n<li>Drivers Accuton Cell<\/li>\n<li>Cabos de Declara\u00e7\u00e3o Jorma<\/li>\n<\/ul>\n<div class=\"left_r_title\"><strong>C\u00fapulas diamante Som que cintila.<\/strong><\/div>\n<div class=\"left_r_con\">\n<p>Pure Diamond \u00e9 o material definitivo para as membranas dos alto-falantes. Usado na faixa de alta frequ\u00eancia, sua rela\u00e7\u00e3o rigidez-peso e velocidade sonora interna s\u00e3o insuper\u00e1veis.<\/p>\n<p>O diamante \u00e9 tamb\u00e9m o melhor condutor de calor conhecido pelo homem. Isso \u00e9 essencial para as membranas do alto-falante, fornecendo o melhor dissipador de calor para a bobina de voz; resultando em manuseio de alta pot\u00eancia e compress\u00e3o muito baixa.<\/p>\n<p>O car\u00e1ter sonoro dos nossos tuiteiros Diamantes n\u00e3o \u00e9 o que voc\u00ea poderia esperar. Outros podem soar \u2018excessivamente brilhantes\u2019 ou \u2018hard-as-diamond\u2019. Distor\u00e7\u00e3o harm\u00f4nica pode ser um problema tamb\u00e9m. Nosso crossover foi cuidadosamente projetado para lidar com isso. Na verdade, voc\u00ea obt\u00e9m o oposto \u2013 os Diamantes simplesmente desaparecem, deixando apenas sua m\u00fasica.<\/p>\n<div class=\"left_r_title\"><strong>C\u00fapulas cer\u00e2micas Tecnologia avan\u00e7ada para som natural.<\/strong><\/div>\n<div class=\"left_r_con\">\n<p>A cer\u00e2mica dura \u00e9 leve, mas extremamente r\u00edgida, o que a torna um dos melhores materiais para membranas de alto-falantes \u2013, tamb\u00e9m conhecida como Safira.<\/p>\n<p>Nossas c\u00fapulas de cer\u00e2mica t\u00eam um alto fator de amortecimento interno, por causa de um processo eletroqu\u00edmico refinado. A membrana tamb\u00e9m tem uma alta frequ\u00eancia de resson\u00e2ncia material, o que significa que a distor\u00e7\u00e3o \u00e9 m\u00ednima; oferecendo um n\u00edvel de clareza que \u00e9 o santo graal para c\u00fapulas de alto-falante.<\/p>\n<div class=\"left_r_title\"><strong>Drivers graves. Frequ\u00eancias baixas. Baixa distor\u00e7\u00e3o.<\/strong><\/div>\n<div class=\"left_r_con\">\n<p>As unidades de driver de baixo Cell t\u00eam longa excurs\u00e3o, n\u00edveis de distor\u00e7\u00e3o extremamente baixos e um ambiente oculto. Feito de favo de mel sandu\u00edche de alum\u00ednio, os drivers oferecem desempenho de baixo rico e din\u00e2mico com uma apresenta\u00e7\u00e3o poderosa.<\/p>\n<div class=\"left_r_title\"><strong>Cruzamento. Nunca seguimos o caminho de menor resist\u00eancia.<\/strong><\/div>\n<div class=\"left_r_con\">\n<p>Marten trabalhou incansavelmente para refinar o crossover para que funcionasse perfeitamente com os drivers Accuton Cell. N\u00e3o foi tarefa f\u00e1cil, mas foi a solu\u00e7\u00e3o certeira.<\/p>\n<p>O crossover de primeira ordem torna poss\u00edvel ter coer\u00eancia perfeita de tempo e fase; e coincid\u00eancia de tempo impec\u00e1vel. Isso significa que todos os registros s\u00e3o gerados exatamente no mesmo momento, como foi registrado. Assim como a m\u00fasica ao vivo.<\/p>\n<ul>\n<li>Bobinas de n\u00facleo de ar de folha de cobre<\/li>\n<li>Capacitores de prata\/folha de cobre<\/li>\n<li>Capacitores de folha prateada<\/li>\n<li>Resistores sob medida<\/li>\n<li>Cabeamento interno Jorma<\/li>\n<\/ul>\n<\/div>\n<\/div>\n<\/div>\n<\/div>\n<\/div>\n<p>&nbsp;<\/p>\n<p><a href=\"https:\/\/www.stereophile.com\/content\/marten\u2019s-coltrane-supreme-2\" target=\"_blank\" rel=\"noopener\"><img loading=\"lazy\" decoding=\"async\" class=\"alignnone wp-image-22926 \" src=\"https:\/\/hificlub.com.br\/loja\/wp-content\/uploads\/2025\/06\/Stereophile-award.jpg\" alt=\"\" width=\"427\" height=\"73\" \/><\/a>\u00a0 \u00a0 <a href=\"https:\/\/hifiplus.com\/articles\/marten-coltrane-supreme-2-loudspeakers\/\" target=\"_blank\" rel=\"noopener\"><img loading=\"lazy\" decoding=\"async\" class=\"alignnone wp-image-23844 \" src=\"https:\/\/hificlub.com.br\/loja\/wp-content\/uploads\/2025\/07\/Hi-fi-plus-award.jpg\" alt=\"\" width=\"193\" height=\"72\" \/>\u00a0\u00a0\u00a0\u00a0 <\/a><a href=\"https:\/\/www.theaudiotailor.com.au\/blogs\/reviews\/marten-coltrane-supreme-2-mk2-review-a-symphony-of-sonic-perfection\" target=\"_blank\" rel=\"noopener\"><img loading=\"lazy\" decoding=\"async\" class=\"alignnone wp-image-22785\" src=\"https:\/\/hificlub.com.br\/loja\/wp-content\/uploads\/2025\/06\/Sound-Image-Audio-Tailor-award.jpg\" alt=\"\" width=\"142\" height=\"71\" \/><\/a><\/p>\n<div class=\"left_r_con\">\n<div class=\"left_r_con\">\n<div class=\"left_r_con\">\n<p>&nbsp;<\/p>\n<\/div>\n<\/div>\n<\/div>\n","protected":false},"excerpt":{"rendered":"<p>Coltrane Supreme 2 MK2\u00a0\u00e9 o modelo de prest\u00edgio para a S\u00e9rie Coltrane. Quer\u00edamos criar o alto-falante definitivo para a casa &#8211; talvez o melhor do mundo. Projetado usando nosso est\u00fadio de grava\u00e7\u00e3o na Su\u00e9cia como refer\u00eancia, a diferen\u00e7a entre realidade e som gravado \u00e9 indistingu\u00edvel. A s\u00e9rie Coltrane impulsiona muitas das inova\u00e7\u00f5es de design e [&hellip;]<\/p>\n","protected":false},"featured_media":23846,"template":"","meta":{"_acf_changed":false},"product_brand":[],"product_cat":[17,276,18],"product_tag":[],"class_list":{"0":"post-23843","1":"product","2":"type-product","3":"status-publish","4":"has-post-thumbnail","6":"product_cat-caixas","7":"product_cat-marten","8":"product_cat-torres","10":"first","11":"instock","12":"sold-individually","13":"shipping-taxable","14":"product-type-simple"},"acf":[],"aioseo_notices":[],"_links":{"self":[{"href":"https:\/\/hificlub.com.br\/loja\/wp-json\/wp\/v2\/product\/23843","targetHints":{"allow":["GET"]}}],"collection":[{"href":"https:\/\/hificlub.com.br\/loja\/wp-json\/wp\/v2\/product"}],"about":[{"href":"https:\/\/hificlub.com.br\/loja\/wp-json\/wp\/v2\/types\/product"}],"wp:featuredmedia":[{"embeddable":true,"href":"https:\/\/hificlub.com.br\/loja\/wp-json\/wp\/v2\/media\/23846"}],"wp:attachment":[{"href":"https:\/\/hificlub.com.br\/loja\/wp-json\/wp\/v2\/media?parent=23843"}],"wp:term":[{"taxonomy":"product_brand","embeddable":true,"href":"https:\/\/hificlub.com.br\/loja\/wp-json\/wp\/v2\/product_brand?post=23843"},{"taxonomy":"product_cat","embeddable":true,"href":"https:\/\/hificlub.com.br\/loja\/wp-json\/wp\/v2\/product_cat?post=23843"},{"taxonomy":"product_tag","embeddable":true,"href":"https:\/\/hificlub.com.br\/loja\/wp-json\/wp\/v2\/product_tag?post=23843"}],"curies":[{"name":"wp","href":"https:\/\/api.w.org\/{rel}","templated":true}]}}