{"id":23809,"date":"2025-07-06T07:49:26","date_gmt":"2025-07-06T10:49:26","guid":{"rendered":"https:\/\/hificlub.com.br\/loja\/?post_type=product&#038;p=23809"},"modified":"2026-03-03T22:15:51","modified_gmt":"2026-03-04T01:15:51","slug":"marten-coltrane-supreme-extreme-caixa-acustica-torre","status":"publish","type":"product","link":"https:\/\/hificlub.com.br\/loja\/produto\/marten-coltrane-supreme-extreme-caixa-acustica-torre\/","title":{"rendered":"MARTEN Coltrane Supreme Extreme &#8211; Caixa Ac\u00fastica Torre, 1000 Watts"},"content":{"rendered":"<div class=\"elementor-element elementor-element-15c89ed8 elementor-widget elementor-widget-heading\" data-id=\"15c89ed8\" data-element_type=\"widget\" data-widget_type=\"heading.default\">\n<p class=\"elementor-widget-container\"><strong>O \u00e1pice do design, do artesanato e do comprometimento.<\/strong><\/p>\n<\/div>\n<div class=\"elementor-element elementor-element-32295359 elementor-widget elementor-widget-text-editor\" data-id=\"32295359\" data-element_type=\"widget\" data-widget_type=\"text-editor.default\">\n<div class=\"elementor-widget-container\">\n<p>Cada modelo \u00e9 um testemunho de nossa busca pela verdade no sound\u2014entregando m\u00fasica em sua forma mais natural e poderosa. Cada palestrante da s\u00e9rie Coltrane \u00e9 constru\u00eddo com o prop\u00f3sito. Desde o nosso novo carro-chefe de torre dupla at\u00e9 os modelos menores refinados, eles compartilham uma base de drivers personalizados, crossovers de primeira ordem de precis\u00e3o e design de gabinete avan\u00e7ado.Seja pela presen\u00e7a inigual\u00e1vel do Coltrane Supreme Extreme ou pelo poder aproveitado do Coltrane Quintet, cada modelo oferece controle profundo, clareza e resolu\u00e7\u00e3o. Constru\u00eddo \u00e0 m\u00e3o usando materiais da mais alta qualidade, esta s\u00e9rie \u00e9 para aqueles que exigem nada menos do que o melhor.<\/p>\n<div class=\"elementor-widget-container\"><strong>Desafiar Tudo.<\/strong><\/div>\n<div class=\"elementor-element elementor-element-6ebc78f8 new-hp-text elementor-widget elementor-widget-text-editor\" data-id=\"6ebc78f8\" data-element_type=\"widget\" data-widget_type=\"text-editor.default\">\n<div class=\"elementor-widget-container\">\n<p>Construir o Supreme Extreme significava come\u00e7ar de uma p\u00e1gina em branco e fazer perguntas mais dif\u00edceis. Como \u00e9 que podemos otimizar a din\u00e2mica? Controlar resson\u00e2ncia? Honrar a m\u00fasica? A resposta foi clara: torres separadas, cada uma projetada com precis\u00e3o absoluta para revelar toda a gama emocional de uma performance.<\/p>\n<p><strong>Cruzamento<\/strong><\/p>\n<div class=\"mmodel-feature-text mmof2-text\">\n<div class=\"section\">\n<div class=\"layoutArea\">\n<div class=\"column\">Primeira ordem: 120Hz, 370Hz, 1000Hz, 4000Hz<\/div>\n<\/div>\n<\/div>\n<p>O crossover de primeira ordem em Coltrane Supreme Extreme foi desenvolvido desde o in\u00edcio para combinar com sua arquitetura de torre dupla.Preservando o tempo e a fase perfeitos, ele garante que cada frequ\u00eancia chegue em coer\u00eancia absoluta\u2014assim como foi gravado. Este projeto usa apenas os melhores componentes: bobinas de n\u00facleo de ar de folha de cobre, capacitores de prata\/\u00f3leo e prata\/ouro e resistores personalizados.O resultado \u00e9 um som cont\u00ednuo e natural com profundo controle e autoridade em toda a faixa, especialmente na extremidade baixa.<\/p>\n<p><strong>Fia\u00e7\u00e3o Interna<\/strong><\/p>\n<div class=\"mmodel-feature-text mmof2-text\">\n<p>Jorma Paragon \u00e9 o cabo principal da fia\u00e7\u00e3o interna mais avan\u00e7ada da Jorma\u2014our at\u00e9 o momento.Feito \u00e0 m\u00e3o na Su\u00e9cia, possui cobre ultrapuro, condutores separados para integridade do sinal e blindagem premium para reduzir o ru\u00eddo.Emparelhado com o nosso crossover personalizado, ele forma um caminho de sinal limpo e direto que preserva todo o detalhe e din\u00e2mica da grava\u00e7\u00e3o. Escolhido por sua performance inigual\u00e1vel, ele garante que o Supreme Extreme ofere\u00e7a m\u00fasica com clareza absoluta.<\/p>\n<p><strong>Marten Isoladores<\/strong><\/p>\n<div class=\"mmodel-feature-text mmof2-text\">\n<p>Desenvolvidos em estreita colabora\u00e7\u00e3o com a IsoAcoustics, esses isoladores s\u00e3o projetados sob medida para atender \u00e0s demandas exatas de peso, dimens\u00f5es e desempenho da Supreme Extreme.Eles desacoplam o gabinete do ch\u00e3o, reduzindo drasticamente a resson\u00e2ncia, distor\u00e7\u00e3o e reflex\u00f5es internas.O resultado \u00e9 maior nitidez, graves mais profundos e um palco sonoro mais aberto. Com estabilidade lateral melhorada e controle de vibra\u00e7\u00e3o, o alto-falante desaparece\u2014e a m\u00fasica ocupa o centro do palco.<\/p>\n<p><strong>Terminais Sob medida<\/strong><\/p>\n<p class=\"mmodel-feature-text mmof2-text\">Feito sob medida para o Coltrane Supreme Extreme, esses terminais s\u00e3o projetados para atender aos requisitos exatos de desempenho do alto-falante.Feitos a partir de materiais da mais alta qualidade, oferecem baixa resist\u00eancia, excelente condutividade e estabilidade mec\u00e2nica de longo prazo. Projetados com precis\u00e3o para uma conex\u00e3o segura e consistente, eles refletem a mesma aten\u00e7\u00e3o aos detalhes encontrados em todo o design.<\/p>\n<p>&nbsp;<\/p>\n<p><a href=\"https:\/\/bestofhighend.com\/marten-unveils-coltrane-supreme-extreme-and-coltrane-quintet-extreme-at-high-end-munich-2025\/\" target=\"_blank\" rel=\"noopener\"><img loading=\"lazy\" decoding=\"async\" class=\"alignnone wp-image-20353\" src=\"https:\/\/hificlub.com.br\/loja\/wp-content\/uploads\/2023\/10\/Awards-Best-of-HiEnd.png\" alt=\"\" width=\"273\" height=\"122\" srcset=\"https:\/\/hificlub.com.br\/loja\/wp-content\/uploads\/2023\/10\/Awards-Best-of-HiEnd.png 336w, https:\/\/hificlub.com.br\/loja\/wp-content\/uploads\/2023\/10\/Awards-Best-of-HiEnd-300x134.png 300w\" sizes=\"auto, (max-width: 273px) 100vw, 273px\" \/>\u00a0 \u00a0 <\/a><a href=\"https:\/\/www.stereoindex.com\/news\/speakers\/marten-coltrane-supreme-and-quintet-extreme-ultra-luxury-loudspeakers\/\" target=\"_blank\" rel=\"noopener\"><img loading=\"lazy\" decoding=\"async\" class=\"alignnone wp-image-23816 \" src=\"https:\/\/hificlub.com.br\/loja\/wp-content\/uploads\/2025\/07\/Stereo-Index-award.jpg\" alt=\"\" width=\"271\" height=\"95\" \/><\/a>\u00a0 \u00a0 <a href=\"https:\/\/www.stereophile.com\/content\/marten-goes-extreme\" target=\"_blank\" rel=\"noopener\"><img loading=\"lazy\" decoding=\"async\" class=\"alignnone wp-image-22926\" src=\"https:\/\/hificlub.com.br\/loja\/wp-content\/uploads\/2025\/06\/Stereophile-award.jpg\" alt=\"\" width=\"416\" height=\"71\" \/><\/a><\/p>\n<p>&nbsp;<\/p>\n<\/div>\n<\/div>\n<\/div>\n<\/div>\n<\/div>\n<\/div>\n<\/div>\n","protected":false},"excerpt":{"rendered":"<p>O \u00e1pice do design, do artesanato e do comprometimento. Cada modelo \u00e9 um testemunho de nossa busca pela verdade no sound\u2014entregando m\u00fasica em sua forma mais natural e poderosa. Cada palestrante da s\u00e9rie Coltrane \u00e9 constru\u00eddo com o prop\u00f3sito. Desde o nosso novo carro-chefe de torre dupla at\u00e9 os modelos menores refinados, eles compartilham uma [&hellip;]<\/p>\n","protected":false},"featured_media":23810,"template":"","meta":{"_acf_changed":false},"product_brand":[],"product_cat":[17,276,18],"product_tag":[],"class_list":{"0":"post-23809","1":"product","2":"type-product","3":"status-publish","4":"has-post-thumbnail","6":"product_cat-caixas","7":"product_cat-marten","8":"product_cat-torres","10":"first","11":"instock","12":"sold-individually","13":"shipping-taxable","14":"product-type-simple"},"acf":[],"aioseo_notices":[],"_links":{"self":[{"href":"https:\/\/hificlub.com.br\/loja\/wp-json\/wp\/v2\/product\/23809","targetHints":{"allow":["GET"]}}],"collection":[{"href":"https:\/\/hificlub.com.br\/loja\/wp-json\/wp\/v2\/product"}],"about":[{"href":"https:\/\/hificlub.com.br\/loja\/wp-json\/wp\/v2\/types\/product"}],"wp:featuredmedia":[{"embeddable":true,"href":"https:\/\/hificlub.com.br\/loja\/wp-json\/wp\/v2\/media\/23810"}],"wp:attachment":[{"href":"https:\/\/hificlub.com.br\/loja\/wp-json\/wp\/v2\/media?parent=23809"}],"wp:term":[{"taxonomy":"product_brand","embeddable":true,"href":"https:\/\/hificlub.com.br\/loja\/wp-json\/wp\/v2\/product_brand?post=23809"},{"taxonomy":"product_cat","embeddable":true,"href":"https:\/\/hificlub.com.br\/loja\/wp-json\/wp\/v2\/product_cat?post=23809"},{"taxonomy":"product_tag","embeddable":true,"href":"https:\/\/hificlub.com.br\/loja\/wp-json\/wp\/v2\/product_tag?post=23809"}],"curies":[{"name":"wp","href":"https:\/\/api.w.org\/{rel}","templated":true}]}}