{"id":23778,"date":"2025-07-03T10:51:44","date_gmt":"2025-07-03T13:51:44","guid":{"rendered":"https:\/\/hificlub.com.br\/loja\/?post_type=product&#038;p=23778"},"modified":"2026-03-03T22:15:51","modified_gmt":"2026-03-04T01:15:51","slug":"yamaha-ns2000-caixa-bookshelf","status":"publish","type":"product","link":"https:\/\/hificlub.com.br\/loja\/produto\/yamaha-ns2000-caixa-bookshelf\/","title":{"rendered":"YAMAHA NS-2000A &#8211; Caixa Torre HiEnd"},"content":{"rendered":"<div class=\"p-text\">\n<h3><span>Introdu\u00e7\u00e3o ao Yamaha NS-2000A<\/span><\/h3>\n<p><span>A maior parte da aten\u00e7\u00e3o que a Yamaha recebe como marca de \u00e1udio dom\u00e9stico hoje em dia parece estar em seus produtos eletr\u00f4nicos, como receptores e soundbars, onde eles sempre fazem parte da conversa, mas n\u00e3o ou\u00e7o muito sobre seus alto-falantes de alta fidelidade do nivel HiEnd.<\/span><\/p>\n<p class=\"c-text\">O NS-2000A \u00e9 um impressionante sistema de ch\u00e3o de 3 vias e 4 unidades que proporciona uma reprodu\u00e7\u00e3o perfeitamente fiel do timbre e som originais de todos os instrumentos musicais.<\/p>\n<\/div>\n<div class=\"p-list-more js-list-more\">\n<ul class=\"c-list p-list-more__body\">\n<li class=\"c-list__item js-list-more__item\">Diafragma Harmonioso\u2122 recentemente desenvolvido, uma mistura de ZYLON\u00ae e abeto \u2014 para um equil\u00edbrio tonal fiel<\/li>\n<li class=\"c-list__item js-list-more__item\">Constru\u00e7\u00e3o de gabinete ideal, projetada com tecnologia de an\u00e1lise de vibra\u00e7\u00e3o cultivada em nossa fabrica\u00e7\u00e3o de instrumentos musicais<\/li>\n<li class=\"c-list__item js-list-more__item\">Absorvente ac\u00fastico patenteado pela Yamaha otimizado para o NS-2000A<\/li>\n<li class=\"c-list__item js-list-more__item\">C\u00e2mara RS (Supress\u00e3o de Resson\u00e2ncia) patenteada pela Yamaha para suprimir resson\u00e2ncia indesejada<\/li>\n<li class=\"c-list__item js-list-more__item\">Acabamento aut\u00eantico de piano \u2014 aumenta a luxuosa alegria de possuir<\/li>\n<li class=\"c-list__item js-list-more__item\">Pe\u00e7as de alta qualidade para circuitos de crossover, incluindo capacitores de \u00e1udio fabricados pela Mundorf da Alemanha<\/li>\n<li class=\"c-list__item js-list-more__item\">Terminais de alto-falante em lat\u00e3o maci\u00e7o para conex\u00e3o altamente segura e sensa\u00e7\u00e3o luxuosa<\/li>\n<\/ul>\n<div class=\"productDescription_UbV5SNP5Eo\" data-selenium=\"overviewLongDescription\">\n<div class=\"js-injected-html text_UbV5SNP5Eo\">\n<p><span>Componentes internos se combinam na\u00a0<\/span><b><span>Caixa Ac\u00fastica de Ch\u00e3o de 3 Vias Yamaha NS-2000A<\/span><\/b><span>\u00a0para proporcionar equil\u00edbrio tonal, uma imagem sonora realista e din\u00e2mica sonora de alta fidelidade, que fazem parte da experi\u00eancia &#8220;True Sound&#8221; da Yamaha. A caixa ac\u00fastica \u00e9 composta por dois woofers c\u00f4nicos de 6,5&#8243;, um domo de m\u00e9dios de 3,25&#8243; e um tweeter de 1,25&#8243;. O resultado s\u00e3o 200 W de pot\u00eancia de pico e um som Hi-Fi projetado para ser extremamente realista. Conectores de caixa ac\u00fastica em lat\u00e3o maci\u00e7o garantem um sinal de \u00e1udio est\u00e1vel, e o acabamento premium em preto piano de alto brilho faz com que a NS-2000A se adapte a praticamente qualquer decora\u00e7\u00e3o.<\/span><\/p>\n<\/div>\n<\/div>\n<div class=\"feature_UbV5SNP5Eo\">\n<div class=\"feature_UbV5SNP5Eo\">\n<div class=\"feature_UbV5SNP5Eo\">\n<div class=\"featureHeader_UbV5SNP5Eo\">\n<div class=\"text_TAw0W35QK_ comfy_TAw0W35QK_ sizeTitle2_TAw0W35QK_ weightNormal_TAw0W35QK_ primary_i3MsQsqoe0\"><span>Equil\u00edbrio Tonal<\/span><\/div>\n<\/div>\n<div>\n<div class=\"js-injected-html text_UbV5SNP5Eo\"><span>Ou\u00e7a sua m\u00fasica como nunca antes, pois o NS-2000A trabalha para reproduzir com precis\u00e3o elementos espec\u00edficos das m\u00fasicas, como instrumentos e vocais individuais. Esse n\u00edvel de precis\u00e3o permite que voc\u00ea experimente sua m\u00fasica da maneira que o artista pretendia. Para aperfei\u00e7oar essa resolu\u00e7\u00e3o, cada driver do NS-2000A utiliza uma mistura de ZYLON para velocidade sonora otimizada e dispers\u00e3o interna m\u00ednima, e abeto, que \u00e9 usado no tampo harm\u00f4nico dos pianos de cauda, \u200b\u200bresultando em um timbre fiel em todo o espectro de \u00e1udio para uma experi\u00eancia auditiva mais rica.<\/span><\/div>\n<div><\/div>\n<\/div>\n<\/div>\n<div class=\"feature_UbV5SNP5Eo\">\n<div class=\"featureHeader_UbV5SNP5Eo\">\n<div class=\"text_TAw0W35QK_ comfy_TAw0W35QK_ sizeTitle2_TAw0W35QK_ weightNormal_TAw0W35QK_ primary_i3MsQsqoe0\"><span>Imagem Sonora<\/span><\/div>\n<\/div>\n<div>\n<div class=\"js-injected-html text_UbV5SNP5Eo\"><span>A imagem sonora da sua m\u00fasica \u00e9 representada no palco sonoro reproduzido pelo alto-falante, e o NS-2000A foi projetado para fazer voc\u00ea se sentir como se estivesse na sala com o artista enquanto ele toca. Utilizando diversas tecnologias para proporcionar nuances delicadas e posicionamento e espa\u00e7amento adequados de instrumentos e vocais. Com c\u00e2maras de Supress\u00e3o de Resson\u00e2ncia (RS) montadas na parte traseira do tweeter e dos drivers de m\u00e9dio alcance, dois tubos com formato especial cancelam a resson\u00e2ncia indesejada. Al\u00e9m disso, os tubos ressonadores Acoustic Absorber patenteados trabalham para eliminar ondas estacion\u00e1rias. Eles s\u00e3o usados \u200b\u200bno lugar de materiais convencionais de absor\u00e7\u00e3o de som, que podem prejudicar a reprodu\u00e7\u00e3o musical, pois essas tecnologias trabalham para obter os benef\u00edcios do controle de resson\u00e2ncia e da fidelidade de \u00e1udio.<\/span><\/div>\n<div><\/div>\n<\/div>\n<\/div>\n<div class=\"feature_UbV5SNP5Eo\">\n<div class=\"featureHeader_UbV5SNP5Eo\">\n<div class=\"text_TAw0W35QK_ comfy_TAw0W35QK_ sizeTitle2_TAw0W35QK_ weightNormal_TAw0W35QK_ primary_i3MsQsqoe0\"><span>Din\u00e2mica Sonora<\/span><\/div>\n<\/div>\n<div>\n<div class=\"js-injected-html text_UbV5SNP5Eo\"><span>Utilizando vibr\u00f4metros a laser, normalmente utilizados em P&amp;D de instrumentos musicais, bem como a an\u00e1lise por M\u00e9todo dos Elementos Finitos (MEF) na constru\u00e7\u00e3o do NS-2000A, a Yamaha controla a resson\u00e2ncia de forma eficaz para expressar adequadamente o contraste entre a quietude e o movimento da sua m\u00fasica. Isso proporciona uma din\u00e2mica sonora complexa e precisa ao ouvir sua m\u00fasica favorita.<\/span><\/div>\n<div><\/div>\n<\/div>\n<\/div>\n<div class=\"feature_UbV5SNP5Eo\">\n<div class=\"featureHeader_UbV5SNP5Eo\">\n<div class=\"text_TAw0W35QK_ comfy_TAw0W35QK_ sizeTitle2_TAw0W35QK_ weightNormal_TAw0W35QK_ primary_i3MsQsqoe0\"><span>Sons sem emendas<\/span><\/div>\n<\/div>\n<div>\n<div class=\"js-injected-html text_UbV5SNP5Eo\"><span>Para auxiliar ainda mais na reprodu\u00e7\u00e3o de um desempenho sonoro perfeito com o NS-2000A, a Yamaha adotou componentes internos de alta qualidade para o circuito de crossover. Al\u00e9m de uma bobina de woofer de grande porte, a Yamaha utiliza um capacitor de \u00e1udio MCap SUPREME Classic, fabricado pela Mundorf, na Alemanha.<\/span><\/div>\n<div><\/div>\n<\/div>\n<\/div>\n<div class=\"feature_UbV5SNP5Eo\">\n<div class=\"featureHeader_UbV5SNP5Eo\">\n<div class=\"text_TAw0W35QK_ comfy_TAw0W35QK_ sizeTitle2_TAw0W35QK_ weightNormal_TAw0W35QK_ primary_i3MsQsqoe0\"><span>Conectores de lat\u00e3o maci\u00e7o<\/span><\/div>\n<\/div>\n<div>\n<div class=\"js-injected-html text_UbV5SNP5Eo\"><span>Feitos em lat\u00e3o puro, os terminais do alto-falante do NS-2000A s\u00e3o terminais grandes, do tipo parafuso, feitos para se ajustarem confortavelmente aos seus dedos, permitindo um aperto sem esfor\u00e7o para uma conex\u00e3o firme e integridade de sinal ideal.<\/span><\/div>\n<div><\/div>\n<\/div>\n<\/div>\n<div class=\"feature_UbV5SNP5Eo\">\n<div class=\"featureHeader_UbV5SNP5Eo\">\n<div class=\"text_TAw0W35QK_ comfy_TAw0W35QK_ sizeTitle2_TAw0W35QK_ weightNormal_TAw0W35QK_ primary_i3MsQsqoe0\"><span>Acabamento Premium<\/span><\/div>\n<\/div>\n<div>\n<div class=\"js-injected-html text_UbV5SNP5Eo\"><span>O exterior do NS-2000A demonstra o n\u00edvel dos componentes internos para audi\u00f3filos. A s\u00f3lida estrutura do gabinete \u00e9 revestida com o acabamento brilhante caracter\u00edstico da Yamaha, o mesmo encontrado em seus impressionantes pianos de cauda. Mais do que uma simples caixa de som, o NS-2000A \u00e9 uma pe\u00e7a de mobili\u00e1rio elegante, feita para integrar-se a decora\u00e7\u00f5es de est\u00e9tica sofisticada.<\/span><\/div>\n<\/div>\n<\/div>\n<div class=\"feature_UbV5SNP5Eo\">\n<div class=\"featureHeader_UbV5SNP5Eo\">\n<div class=\"text_TAw0W35QK_ comfy_TAw0W35QK_ sizeTitle2_TAw0W35QK_ weightNormal_TAw0W35QK_ primary_i3MsQsqoe0\"><\/div>\n<\/div>\n<div>\n<div class=\"js-injected-html text_UbV5SNP5Eo\"><\/div>\n<\/div>\n<\/div>\n<\/div>\n<\/div>\n<\/div>\n","protected":false},"excerpt":{"rendered":"<p>Introdu\u00e7\u00e3o ao Yamaha NS-2000A A maior parte da aten\u00e7\u00e3o que a Yamaha recebe como marca de \u00e1udio dom\u00e9stico hoje em dia parece estar em seus produtos eletr\u00f4nicos, como receptores e soundbars, onde eles sempre fazem parte da conversa, mas n\u00e3o ou\u00e7o muito sobre seus alto-falantes de alta fidelidade do nivel HiEnd. O NS-2000A \u00e9 um [&hellip;]<\/p>\n","protected":false},"featured_media":23955,"template":"","meta":{"_acf_changed":false},"product_brand":[],"product_cat":[17,18,112],"product_tag":[],"class_list":{"0":"post-23778","1":"product","2":"type-product","3":"status-publish","4":"has-post-thumbnail","6":"product_cat-caixas","7":"product_cat-torres","8":"product_cat-yamaha","10":"first","11":"instock","12":"sold-individually","13":"shipping-taxable","14":"purchasable","15":"product-type-simple"},"acf":[],"aioseo_notices":[],"_links":{"self":[{"href":"https:\/\/hificlub.com.br\/loja\/wp-json\/wp\/v2\/product\/23778","targetHints":{"allow":["GET"]}}],"collection":[{"href":"https:\/\/hificlub.com.br\/loja\/wp-json\/wp\/v2\/product"}],"about":[{"href":"https:\/\/hificlub.com.br\/loja\/wp-json\/wp\/v2\/types\/product"}],"wp:featuredmedia":[{"embeddable":true,"href":"https:\/\/hificlub.com.br\/loja\/wp-json\/wp\/v2\/media\/23955"}],"wp:attachment":[{"href":"https:\/\/hificlub.com.br\/loja\/wp-json\/wp\/v2\/media?parent=23778"}],"wp:term":[{"taxonomy":"product_brand","embeddable":true,"href":"https:\/\/hificlub.com.br\/loja\/wp-json\/wp\/v2\/product_brand?post=23778"},{"taxonomy":"product_cat","embeddable":true,"href":"https:\/\/hificlub.com.br\/loja\/wp-json\/wp\/v2\/product_cat?post=23778"},{"taxonomy":"product_tag","embeddable":true,"href":"https:\/\/hificlub.com.br\/loja\/wp-json\/wp\/v2\/product_tag?post=23778"}],"curies":[{"name":"wp","href":"https:\/\/api.w.org\/{rel}","templated":true}]}}