{"id":23768,"date":"2025-07-03T10:05:58","date_gmt":"2025-07-03T13:05:58","guid":{"rendered":"https:\/\/hificlub.com.br\/loja\/?post_type=product&#038;p=23768"},"modified":"2026-03-03T22:15:52","modified_gmt":"2026-03-04T01:15:52","slug":"brooklyn-amp-amplificador-de-potencia-mono-duplo","status":"publish","type":"product","link":"https:\/\/hificlub.com.br\/loja\/produto\/brooklyn-amp-amplificador-de-potencia-mono-duplo\/","title":{"rendered":"BROOKLYN AMP+ &#8211; Amplificador De Pot\u00eancia Mono Duplo"},"content":{"rendered":"<p>Experimente a qualidade de triodo anal\u00f3gico como deste amplificador compacto mais recente gera\u00e7\u00e3o Classe D de Mytek: Rel\u00f3gio r\u00e1pido de 650kHz estende bandwith, enquanto transistores FET r\u00e1pidos mant\u00eam o detalhe de baixo n\u00edvel e soundstage.<\/p>\n<p>O amplificador \u00e9 embalado em gabinete de rack miniatura de 1\/2 e \u00e9 pequeno o suficiente para caber em uma pasta, mas poderoso para acionar os maiores sistemas de alto-falantes. Ele foi projetado para ser usado como amplificador de pot\u00eancia aut\u00f4nomo regular ou para complementar a Brooklyn Bridge para um moderno sistema de reprodu\u00e7\u00e3o digital e vinil completo. Dois Brooklyn Amps funcionam muito bem em uma configura\u00e7\u00e3o de monobloco em um modo bridge capaz de dirigir alto-falantes muito grandes com 600W de pot\u00eancia.<\/p>\n<p>Tecnologia Classe D: Proporciona pot\u00eancia m\u00e1xima com o m\u00ednimo de consumo de energia, resultando em uma experi\u00eancia sonora limpa e precisa.<\/p>\n<p>Design Compacto: Feito de alum\u00ednio, seu chassi \u00e9 robusto e compacto, ideal para quem deseja qualidade sem ocupar muito espa\u00e7o.<\/p>\n<p>Conex\u00f5es Balanceadas e RCA: Integra\u00e7\u00e3o f\u00e1cil com diferentes sistemas de som, seja para uso dom\u00e9stico ou em est\u00fadios.<\/p>\n<p>Som de Alta Defini\u00e7\u00e3o: Possui circuitos internos projetados para minimizar ru\u00eddos e interfer\u00eancias, entregando um som cristalino e de alta resolu\u00e7\u00e3o.<\/p>\n<p>O Mytek Brooklyn AMP+ Black \u00e9 a escolha ideal para quem busca um amplificador vers\u00e1til e poderoso, capaz de real\u00e7ar cada detalhe da sua m\u00fasica, seja em alta resolu\u00e7\u00e3o digital ou em fontes anal\u00f3gicas.<\/p>\n<p>&nbsp;<\/p>\n<p><a href=\"https:\/\/www.stereophile.com\/content\/mytek-hifi-brooklyn-amp-power-amplifier\" target=\"_blank\" rel=\"noopener\"><img loading=\"lazy\" decoding=\"async\" class=\"alignnone wp-image-22793 \" src=\"https:\/\/hificlub.com.br\/loja\/wp-content\/uploads\/2025\/06\/stereophile-recommended-selo.jpg\" alt=\"\" width=\"229\" height=\"125\" srcset=\"https:\/\/hificlub.com.br\/loja\/wp-content\/uploads\/2025\/06\/stereophile-recommended-selo.jpg 304w, https:\/\/hificlub.com.br\/loja\/wp-content\/uploads\/2025\/06\/stereophile-recommended-selo-300x164.jpg 300w\" sizes=\"auto, (max-width: 229px) 100vw, 229px\" \/><\/a><\/p>\n","protected":false},"excerpt":{"rendered":"<p>Experimente a qualidade de triodo anal\u00f3gico como deste amplificador compacto mais recente gera\u00e7\u00e3o Classe D de Mytek: Rel\u00f3gio r\u00e1pido de 650kHz estende bandwith, enquanto transistores FET r\u00e1pidos mant\u00eam o detalhe de baixo n\u00edvel e soundstage. O amplificador \u00e9 embalado em gabinete de rack miniatura de 1\/2 e \u00e9 pequeno o suficiente para caber em uma [&hellip;]<\/p>\n","protected":false},"featured_media":23769,"template":"","meta":{"_acf_changed":false},"product_brand":[],"product_cat":[27,306,28],"product_tag":[],"class_list":{"0":"post-23768","1":"product","2":"type-product","3":"status-publish","4":"has-post-thumbnail","6":"product_cat-amplificador","7":"product_cat-brooklyn-amp","8":"product_cat-estereo","10":"first","11":"instock","12":"sold-individually","13":"shipping-taxable","14":"purchasable","15":"product-type-simple"},"acf":[],"aioseo_notices":[],"_links":{"self":[{"href":"https:\/\/hificlub.com.br\/loja\/wp-json\/wp\/v2\/product\/23768","targetHints":{"allow":["GET"]}}],"collection":[{"href":"https:\/\/hificlub.com.br\/loja\/wp-json\/wp\/v2\/product"}],"about":[{"href":"https:\/\/hificlub.com.br\/loja\/wp-json\/wp\/v2\/types\/product"}],"wp:featuredmedia":[{"embeddable":true,"href":"https:\/\/hificlub.com.br\/loja\/wp-json\/wp\/v2\/media\/23769"}],"wp:attachment":[{"href":"https:\/\/hificlub.com.br\/loja\/wp-json\/wp\/v2\/media?parent=23768"}],"wp:term":[{"taxonomy":"product_brand","embeddable":true,"href":"https:\/\/hificlub.com.br\/loja\/wp-json\/wp\/v2\/product_brand?post=23768"},{"taxonomy":"product_cat","embeddable":true,"href":"https:\/\/hificlub.com.br\/loja\/wp-json\/wp\/v2\/product_cat?post=23768"},{"taxonomy":"product_tag","embeddable":true,"href":"https:\/\/hificlub.com.br\/loja\/wp-json\/wp\/v2\/product_tag?post=23768"}],"curies":[{"name":"wp","href":"https:\/\/api.w.org\/{rel}","templated":true}]}}