{"id":23762,"date":"2025-07-03T09:50:09","date_gmt":"2025-07-03T12:50:09","guid":{"rendered":"https:\/\/hificlub.com.br\/loja\/?post_type=product&#038;p=23762"},"modified":"2025-07-03T09:50:09","modified_gmt":"2025-07-03T12:50:09","slug":"monitor-audio-silver-50-caixa-bookshelf-par","status":"publish","type":"product","link":"https:\/\/hificlub.com.br\/loja\/produto\/monitor-audio-silver-50-caixa-bookshelf-par\/","title":{"rendered":"MONITOR AUDIO SILVER 50 &#8211; Caixa Bookshelf (par)"},"content":{"rendered":"<p>Projetado para oferecer a extens\u00e3o de graves profunda e rica geralmente encontrada apenas em um suporte de piso maior, os alto-falantes de estante Silver 50 7G s\u00e3o uma excelente op\u00e7\u00e3o quando o espa\u00e7o \u00e9 premium. Ele foi projetado para o tipo de espa\u00e7o do mundo real em que vivemos, o que significa que otimizamos os graves para cen\u00e1rios como ficar perto de uma parede.<\/p>\n<p>Tweeter C-CAM Gold Dome de 1 x 1\u2033 (25 mm) com guia de onda de dispers\u00e3o uniforme (UD) II para um som mais realista<\/p>\n<p>Driver mid-bass C-CAM de 1 x 5\u00bc\u201d (134 mm) com Rigid Surface Technology (RST) II para maior clareza<\/p>\n<p>Projetado para dar a extens\u00e3o de graves normalmente s\u00f3 poss\u00edvel a partir de um alto-falante de piso<\/p>\n<p>Otimizado para lidar com o som refletido quando colocado pr\u00f3ximo a uma parede<\/p>\n<p>Excelente escolha quando o espa\u00e7o \u00e9 premium, mas a qualidade do som \u00e9 muito importante<\/p>\n<p>Portada traseira e ajustada para facilitar o posicionamento sem afetar o desempenho do som<\/p>\n<p>Perfeito para configura\u00e7\u00f5es de m\u00fasica est\u00e9reo menores ou como canais frontais\/traseiros em sistemas de cinema em casa menores<\/p>\n<p>Compacto e f\u00e1cil de guardar com p\u00e9s de rolha de borracha fornecidos<\/p>\n","protected":false},"excerpt":{"rendered":"<p>Projetado para oferecer a extens\u00e3o de graves profunda e rica geralmente encontrada apenas em um suporte de piso maior, os alto-falantes de estante Silver 50 7G s\u00e3o uma excelente op\u00e7\u00e3o quando o espa\u00e7o \u00e9 premium. Ele foi projetado para o tipo de espa\u00e7o do mundo real em que vivemos, o que significa que otimizamos os [&hellip;]<\/p>\n","protected":false},"featured_media":23763,"template":"","meta":{"_acf_changed":false},"product_brand":[],"product_cat":[25,17,109],"product_tag":[],"class_list":{"0":"post-23762","1":"product","2":"type-product","3":"status-publish","4":"has-post-thumbnail","6":"product_cat-bookshelf","7":"product_cat-caixas","8":"product_cat-monitor-audio","10":"first","11":"instock","12":"sold-individually","13":"shipping-taxable","14":"purchasable","15":"product-type-simple"},"acf":[],"aioseo_notices":[],"_links":{"self":[{"href":"https:\/\/hificlub.com.br\/loja\/wp-json\/wp\/v2\/product\/23762","targetHints":{"allow":["GET"]}}],"collection":[{"href":"https:\/\/hificlub.com.br\/loja\/wp-json\/wp\/v2\/product"}],"about":[{"href":"https:\/\/hificlub.com.br\/loja\/wp-json\/wp\/v2\/types\/product"}],"wp:featuredmedia":[{"embeddable":true,"href":"https:\/\/hificlub.com.br\/loja\/wp-json\/wp\/v2\/media\/23763"}],"wp:attachment":[{"href":"https:\/\/hificlub.com.br\/loja\/wp-json\/wp\/v2\/media?parent=23762"}],"wp:term":[{"taxonomy":"product_brand","embeddable":true,"href":"https:\/\/hificlub.com.br\/loja\/wp-json\/wp\/v2\/product_brand?post=23762"},{"taxonomy":"product_cat","embeddable":true,"href":"https:\/\/hificlub.com.br\/loja\/wp-json\/wp\/v2\/product_cat?post=23762"},{"taxonomy":"product_tag","embeddable":true,"href":"https:\/\/hificlub.com.br\/loja\/wp-json\/wp\/v2\/product_tag?post=23762"}],"curies":[{"name":"wp","href":"https:\/\/api.w.org\/{rel}","templated":true}]}}