{"id":23743,"date":"2025-07-02T16:35:17","date_gmt":"2025-07-02T19:35:17","guid":{"rendered":"https:\/\/hificlub.com.br\/loja\/?post_type=product&#038;p=23743"},"modified":"2026-04-17T11:31:00","modified_gmt":"2026-04-17T14:31:00","slug":"cambridge-evo-one-caixa-soundbar-streaming-700w","status":"publish","type":"product","link":"https:\/\/hificlub.com.br\/loja\/produto\/cambridge-evo-one-caixa-soundbar-streaming-700w\/","title":{"rendered":"CAMBRIDGE EVO ONE &#8211; Caixa Soundbar Streaming &#8211; 700W"},"content":{"rendered":"<p>EVO ONE All-in-One Wireless Streaming Speaker \u2013 Som Imersivo e Design Moderno<br \/>\nO EVO ONE \u00e9 a solu\u00e7\u00e3o definitiva para quem busca excel\u00eancia sonora, eleg\u00e2ncia e funcionalidade em um \u00fanico dispositivo. Com 14 alto-falantes e uma pot\u00eancia de 700W, ele oferece uma clareza impressionante e graves profundos e controlados, criando uma experi\u00eancia auditiva envolvente para qualquer ambiente. Sua compatibilidade com Spotify, TIDAL, Deezer, Qobuz, Internet Radio e muito mais permite que voc\u00ea transmita suas m\u00fasicas favoritas sem fio com qualidade Hi-Res, suportando at\u00e9 32-bit\/192kHz.<\/p>\n<p>Este alto-falante \u00e9 mais do que um sistema de som. Ele pode substituir sua barra de som, alto-falante sem fio e streamer em um s\u00f3 dispositivo, al\u00e9m de ser compat\u00edvel com Google Home, Apple AirPlay e Roon, permitindo a cria\u00e7\u00e3o de um sistema de \u00e1udio multiroom. A entrada Phono integrada \u00e9 perfeita para quem deseja conectar um toca-discos e aproveitar sua cole\u00e7\u00e3o de vinis com qualidade Hi-Fi.<\/p>\n<p>Destaques:<\/p>\n<ul>\n<li>Som Imersivo: 14 drivers e 700W de pot\u00eancia, para \u00e1udio claro e graves profundos.<\/li>\n<li>\u00c1udio de Alta Resolu\u00e7\u00e3o: Suporta at\u00e9 32-bit\/192kHz para qualidade impec\u00e1vel.<\/li>\n<li>Substitui m\u00faltiplos dispositivos: Replaces soundbar, wireless speaker, and streamer.<\/li>\n<li>Personaliza\u00e7\u00e3o de Som: Equalizador de 7 bandas e otimiza\u00e7\u00e3o de sala.<\/li>\n<li>Conectividade Total: Wi-Fi, Bluetooth 5.1, AirPlay 2, Google Cast, e compatibilidade com Roon.<\/li>\n<li>Entrada Phono Integrada: Para conectar sua vitrola e aproveitar a m\u00fasica em vinil.<\/li>\n<\/ul>\n","protected":false},"excerpt":{"rendered":"<p>EVO ONE All-in-One Wireless Streaming Speaker \u2013 Som Imersivo e Design Moderno O EVO ONE \u00e9 a solu\u00e7\u00e3o definitiva para quem busca excel\u00eancia sonora, eleg\u00e2ncia e funcionalidade em um \u00fanico dispositivo. Com 14 alto-falantes e uma pot\u00eancia de 700W, ele oferece uma clareza impressionante e graves profundos e controlados, criando uma experi\u00eancia auditiva envolvente para [&hellip;]<\/p>\n","protected":false},"featured_media":23744,"template":"","meta":{"_acf_changed":false},"product_brand":[],"product_cat":[279,17,52,384],"product_tag":[],"class_list":{"0":"post-23743","1":"product","2":"type-product","3":"status-publish","4":"has-post-thumbnail","6":"product_cat-caixa-soundbar","7":"product_cat-caixas","8":"product_cat-cambridge","9":"product_cat-soundbar","11":"first","12":"instock","13":"sold-individually","14":"shipping-taxable","15":"purchasable","16":"product-type-simple"},"acf":[],"aioseo_notices":[],"_links":{"self":[{"href":"https:\/\/hificlub.com.br\/loja\/wp-json\/wp\/v2\/product\/23743","targetHints":{"allow":["GET"]}}],"collection":[{"href":"https:\/\/hificlub.com.br\/loja\/wp-json\/wp\/v2\/product"}],"about":[{"href":"https:\/\/hificlub.com.br\/loja\/wp-json\/wp\/v2\/types\/product"}],"wp:featuredmedia":[{"embeddable":true,"href":"https:\/\/hificlub.com.br\/loja\/wp-json\/wp\/v2\/media\/23744"}],"wp:attachment":[{"href":"https:\/\/hificlub.com.br\/loja\/wp-json\/wp\/v2\/media?parent=23743"}],"wp:term":[{"taxonomy":"product_brand","embeddable":true,"href":"https:\/\/hificlub.com.br\/loja\/wp-json\/wp\/v2\/product_brand?post=23743"},{"taxonomy":"product_cat","embeddable":true,"href":"https:\/\/hificlub.com.br\/loja\/wp-json\/wp\/v2\/product_cat?post=23743"},{"taxonomy":"product_tag","embeddable":true,"href":"https:\/\/hificlub.com.br\/loja\/wp-json\/wp\/v2\/product_tag?post=23743"}],"curies":[{"name":"wp","href":"https:\/\/api.w.org\/{rel}","templated":true}]}}