{"id":23738,"date":"2025-07-02T16:29:04","date_gmt":"2025-07-02T19:29:04","guid":{"rendered":"https:\/\/hificlub.com.br\/loja\/?post_type=product&#038;p=23738"},"modified":"2026-03-02T11:38:09","modified_gmt":"2026-03-02T14:38:09","slug":"cambridge-audio-evo-cd-player-transporte","status":"publish","type":"product","link":"https:\/\/hificlub.com.br\/loja\/produto\/cambridge-audio-evo-cd-player-transporte\/","title":{"rendered":"CAMBRIDGE AUDIO EVO &#8211; CD Player &#8211; Transporte"},"content":{"rendered":"<p>Evo CD \u00e9 o transporte de CD desenvolvido para parceria exclusiva com os reprodutores multifuncionais Evo. Ele compartilha o mesmo design atraente, \u00e9 fabricado com os mesmos materiais premium e projetado com os mesmos padr\u00f5es exigentes. O Evo CD extrai todos os detalhes musicais dos seus discos e depois os passa perfeitamente para o Evo. Sua cole\u00e7\u00e3o de CDs agora est\u00e1 pronta para se juntar \u00e0 evolu\u00e7\u00e3o do hi-fi.<\/p>\n<p><strong>Uma nova vida para CD<\/strong><br \/>\nEvo CD \u00e9 o transporte de CD desenvolvido para parceria exclusiva com os reprodutores multifuncionais Evo. Ele compartilha o mesmo design atraente, \u00e9 fabricado com os mesmos materiais premium e projetado com os mesmos padr\u00f5es exigentes. O Evo CD extrai todos os detalhes musicais dos seus discos e depois os passa perfeitamente para o Evo. Sua cole\u00e7\u00e3o de CDs agora est\u00e1 pronta para se juntar \u00e0 evolu\u00e7\u00e3o do hi-fi.<\/p>\n<p><strong>Darko \u00c1udio<\/strong><br \/>\n\u201cEste n\u00e3o \u00e9 um leitor de CD comum \u2013 \u00e9 muito diferente\u201d<br \/>\nLogo da Stereonet<br \/>\n\u201cAl\u00e9m de ser uma combina\u00e7\u00e3o est\u00e9tica ador\u00e1vel, ele l\u00ea os discos muito bem e tem um som \u00f3timo.\u201d<br \/>\nO que \u00e9 Hi-Fi? Logotipo<br \/>\n\u201cUm acess\u00f3rio perfeito para quem deseja adicionar a reprodu\u00e7\u00e3o de CD ao repert\u00f3rio do seu sistema Evo.\u201d<br \/>\nMulheres lendo um folheto de CD<br \/>\nDire\u00e7\u00e3o de precis\u00e3o<br \/>\nO Evo CD usa nosso novo S5 Servo, uma atualiza\u00e7\u00e3o do aclamado S3 encontrado no CXC. Possui precis\u00e3o de velocidade e recupera\u00e7\u00e3o de dados musicais ainda melhores do que seu antecessor. O Evo CD n\u00e3o usa uma unidade de disco multifuncional, mas uma pe\u00e7a de engenharia personalizada com o \u00fanico prop\u00f3sito de reproduzir CDs de \u00e1udio com precis\u00e3o infal\u00edvel.<\/p>\n<p><strong>Configura\u00e7\u00e3o do CD Evo <\/strong><strong>Projetado para som<\/strong><br \/>\nO alum\u00ednio anodizado que envolve os componentes de precis\u00e3o do Evo CD n\u00e3o s\u00f3 corresponde ao design proposital do Evo, mas tamb\u00e9m contribui para o seu desempenho. O chassi de metal acusticamente amortecido e a bandeja da unidade garantem que nada interfira no sinal enquanto ele passa para o conversor digital para anal\u00f3gico da Evo atrav\u00e9s de seu \u00fanico cabo de sa\u00edda \u2018Evo Link\u2019 personalizado.<\/p>\n<p><strong>Configura\u00e7\u00e3o do CD Evo Estilo atemporal<\/strong><br \/>\nProjetado exclusivamente para ser emparelhado com o Evo, o Evo CD compartilha os mesmos materiais e dimens\u00f5es premium \u2013 para coloca\u00e7\u00e3o abaixo ou lado a lado do player multifuncional. A decis\u00e3o \u00e9 sua, assim como a decis\u00e3o sobre qual dos dois estilos de pain\u00e9is laterais optar. Juntos, Evo e Evo CD t\u00eam um estilo confiante, que reconhece a nossa heran\u00e7a, mas tamb\u00e9m olha para o futuro.<\/p>\n<p><strong>Evo CD Setup com um CD ao lado<\/strong><br \/>\n<strong>Forma e Fun\u00e7\u00e3o<\/strong><br \/>\nO \u00fanico objetivo do Evo CD \u00e9 girar os discos, para passar informa\u00e7\u00f5es musicais precisas ao Evo, o que permite um design minimalista \u2013 com um \u00fanico bot\u00e3o em sua f\u00e1scia, para abrir\/fechar a bandeja met\u00e1lica do CD. Todo o resto \u00e9 operado pelo controle remoto do Evo ou pelo aplicativo StreamMagic no seu dispositivo inteligente. A capa do \u00e1lbum do CD e as informa\u00e7\u00f5es das faixas s\u00e3o lindamente renderizadas no display colorido de 6,8\u201d do Evo.<\/p>\n<p><strong>CD Evo<\/strong> Constru\u00eddo para durar<br \/>\nPor ser constru\u00eddo com materiais cuidadosamente selecionados e descomprometidos, o Evo CD \u00e9 t\u00e3o robusto quanto bonito. Por exemplo, a bandeja e o mecanismo de CD totalmente met\u00e1licos foram selecionados para estabilidade, efici\u00eancia e longevidade. Tal como a sua cole\u00e7\u00e3o de CDs, ele resistir\u00e1 ao teste do tempo \u2013 revelando a m\u00fasica e as mem\u00f3rias guardadas nesses \u00e1lbuns durante muitos anos.<\/p>\n<p>Transporte de CD de \u00e1udio de alta qualidade \u2013 projetado exclusivamente para reprodutores multifuncionais Evo<br \/>\nS5 Servo com design personalizado \u2013 velocidade perfeita do disco e reprodu\u00e7\u00e3o sem erros<br \/>\nSa\u00edda digital personalizada para Evo \u2013 para sinal de \u00e1udio digital puro e recupera\u00e7\u00e3o da capa do \u00e1lbum para exibi\u00e7\u00e3o do Evo<br \/>\nReprodu\u00e7\u00e3o cont\u00ednua \u2013 ideal para pe\u00e7as cl\u00e1ssicas e mixagens de DJ<br \/>\nChassi de metal e bandeja de CD com amortecimento ac\u00fastico \u2013 isola os componentes, para desempenho musical m\u00e1ximo<br \/>\nPain\u00e9is laterais mut\u00e1veis \u200b\u200b\u2013 para combinar com seu player multifuncional Evo<\/p>\n","protected":false},"excerpt":{"rendered":"<p>Evo CD \u00e9 o transporte de CD desenvolvido para parceria exclusiva com os reprodutores multifuncionais Evo. Ele compartilha o mesmo design atraente, \u00e9 fabricado com os mesmos materiais premium e projetado com os mesmos padr\u00f5es exigentes. O Evo CD extrai todos os detalhes musicais dos seus discos e depois os passa perfeitamente para o Evo. [&hellip;]<\/p>\n","protected":false},"featured_media":23739,"template":"","meta":{"_acf_changed":false},"product_brand":[],"product_cat":[52,42,41],"product_tag":[],"class_list":{"0":"post-23738","1":"product","2":"type-product","3":"status-publish","4":"has-post-thumbnail","6":"product_cat-cambridge","7":"product_cat-cd-players","8":"product_cat-digital","10":"first","11":"instock","12":"sold-individually","13":"shipping-taxable","14":"purchasable","15":"product-type-simple"},"acf":[],"aioseo_notices":[],"_links":{"self":[{"href":"https:\/\/hificlub.com.br\/loja\/wp-json\/wp\/v2\/product\/23738","targetHints":{"allow":["GET"]}}],"collection":[{"href":"https:\/\/hificlub.com.br\/loja\/wp-json\/wp\/v2\/product"}],"about":[{"href":"https:\/\/hificlub.com.br\/loja\/wp-json\/wp\/v2\/types\/product"}],"wp:featuredmedia":[{"embeddable":true,"href":"https:\/\/hificlub.com.br\/loja\/wp-json\/wp\/v2\/media\/23739"}],"wp:attachment":[{"href":"https:\/\/hificlub.com.br\/loja\/wp-json\/wp\/v2\/media?parent=23738"}],"wp:term":[{"taxonomy":"product_brand","embeddable":true,"href":"https:\/\/hificlub.com.br\/loja\/wp-json\/wp\/v2\/product_brand?post=23738"},{"taxonomy":"product_cat","embeddable":true,"href":"https:\/\/hificlub.com.br\/loja\/wp-json\/wp\/v2\/product_cat?post=23738"},{"taxonomy":"product_tag","embeddable":true,"href":"https:\/\/hificlub.com.br\/loja\/wp-json\/wp\/v2\/product_tag?post=23738"}],"curies":[{"name":"wp","href":"https:\/\/api.w.org\/{rel}","templated":true}]}}