{"id":23733,"date":"2025-07-02T16:21:02","date_gmt":"2025-07-02T19:21:02","guid":{"rendered":"https:\/\/hificlub.com.br\/loja\/?post_type=product&#038;p=23733"},"modified":"2026-03-03T22:15:53","modified_gmt":"2026-03-04T01:15:53","slug":"cambridge-cx-a81-mkii-amplificador-integrado","status":"publish","type":"product","link":"https:\/\/hificlub.com.br\/loja\/produto\/cambridge-cx-a81-mkii-amplificador-integrado\/","title":{"rendered":"CAMBRIDGE CX.A81 MKII &#8211; Amplificador Integrado"},"content":{"rendered":"<p>O CXA81 Mk II se baseia no sucesso de seus predecessores multipremiados. N\u00e3o olhamos para tr\u00e1s desde que fizemos nosso primeiro amplificador integrado em 1968, sempre buscando novas maneiras de melhorar sua experi\u00eancia auditiva \u2013 ao mesmo tempo em que reconhecemos que um \u00f3timo som nunca sai de moda.O CXA81 Mk II \u00e9 f\u00e1cil, equilibrado e sofisticado \u2013 s\u00f3 que mais. 80 watts por canal d\u00e3o a ele autoridade completa sobre sua m\u00fasica, para revelar cada emo\u00e7\u00e3o e nuance contida nela.<\/p>\n<p>80 watts por canal \u2013 pot\u00eancia para acionar os alto-falantes mais exigentes<br \/>\nESS ES9018K2M SABRE32 DAC \u2013 convers\u00e3o digital\/anal\u00f3gica de n\u00edvel de refer\u00eancia<br \/>\nAmplifica\u00e7\u00e3o Classe AB \u2013 para desempenho equilibrado e eficiente<br \/>\nTransformador Toroidal \u2013 para um incr\u00edvel palco sonoro<br \/>\nEntradas digitais \u2013 TOSLINK, entrada de \u00e1udio coaxial e USB<br \/>\nEntradas XLR balanceadas \u2013 para conex\u00e3o premium (para CXN100 etc.)<br \/>\nEntrada Bluetooth aptX HD \u2013 conecte-se sem fio a dispositivos, incluindo Alva TT V2<br \/>\nRoon Tested \u2013 conecte um PC ou Mac via USB<\/p>\n<p>O CXA81 Mk II se baseia no sucesso de seus predecessores multipremiados. N\u00e3o olhamos para tr\u00e1s desde que fizemos nosso primeiro amplificador integrado em 1968, sempre buscando novas maneiras de melhorar sua experi\u00eancia auditiva \u2013 ao mesmo tempo em que reconhecemos que um \u00f3timo som nunca sai de moda.<br \/>\nO CXA81 Mk II \u00e9 f\u00e1cil, equilibrado e sofisticado \u2013 s\u00f3 que mais. 80 watts por canal d\u00e3o a ele autoridade completa sobre sua m\u00fasica, para revelar cada emo\u00e7\u00e3o e nuance contida nela.<\/p>\n<p><strong>Pr\u00eamio Sound Advice 2024 P100<\/strong><br \/>\n\u201cIsso pode parecer, a princ\u00edpio, pouco mais do que uma atualiza\u00e7\u00e3o marginal do modelo que substitui, mas a combina\u00e7\u00e3o de uma se\u00e7\u00e3o digital aprimorada e revis\u00f5es e reajustes no departamento anal\u00f3gico lhe deram um som atraente\u201d<\/p>\n<p>&nbsp;<\/p>\n","protected":false},"excerpt":{"rendered":"<p>O CXA81 Mk II se baseia no sucesso de seus predecessores multipremiados. N\u00e3o olhamos para tr\u00e1s desde que fizemos nosso primeiro amplificador integrado em 1968, sempre buscando novas maneiras de melhorar sua experi\u00eancia auditiva \u2013 ao mesmo tempo em que reconhecemos que um \u00f3timo som nunca sai de moda.O CXA81 Mk II \u00e9 f\u00e1cil, equilibrado [&hellip;]<\/p>\n","protected":false},"featured_media":23734,"template":"","meta":{"_acf_changed":false},"product_brand":[],"product_cat":[27,52,51],"product_tag":[],"class_list":{"0":"post-23733","1":"product","2":"type-product","3":"status-publish","4":"has-post-thumbnail","6":"product_cat-amplificador","7":"product_cat-cambridge","8":"product_cat-integrado","10":"first","11":"instock","12":"sold-individually","13":"shipping-taxable","14":"purchasable","15":"product-type-simple"},"acf":[],"aioseo_notices":[],"_links":{"self":[{"href":"https:\/\/hificlub.com.br\/loja\/wp-json\/wp\/v2\/product\/23733","targetHints":{"allow":["GET"]}}],"collection":[{"href":"https:\/\/hificlub.com.br\/loja\/wp-json\/wp\/v2\/product"}],"about":[{"href":"https:\/\/hificlub.com.br\/loja\/wp-json\/wp\/v2\/types\/product"}],"wp:featuredmedia":[{"embeddable":true,"href":"https:\/\/hificlub.com.br\/loja\/wp-json\/wp\/v2\/media\/23734"}],"wp:attachment":[{"href":"https:\/\/hificlub.com.br\/loja\/wp-json\/wp\/v2\/media?parent=23733"}],"wp:term":[{"taxonomy":"product_brand","embeddable":true,"href":"https:\/\/hificlub.com.br\/loja\/wp-json\/wp\/v2\/product_brand?post=23733"},{"taxonomy":"product_cat","embeddable":true,"href":"https:\/\/hificlub.com.br\/loja\/wp-json\/wp\/v2\/product_cat?post=23733"},{"taxonomy":"product_tag","embeddable":true,"href":"https:\/\/hificlub.com.br\/loja\/wp-json\/wp\/v2\/product_tag?post=23733"}],"curies":[{"name":"wp","href":"https:\/\/api.w.org\/{rel}","templated":true}]}}