{"id":23689,"date":"2025-07-01T20:40:22","date_gmt":"2025-07-01T23:40:22","guid":{"rendered":"https:\/\/hificlub.com.br\/loja\/?post_type=product&#038;p=23689"},"modified":"2026-03-03T22:15:53","modified_gmt":"2026-03-04T01:15:53","slug":"cambridge-audio-mxn10-reprodutor-de-musica-em-rede","status":"publish","type":"product","link":"https:\/\/hificlub.com.br\/loja\/produto\/cambridge-audio-mxn10-reprodutor-de-musica-em-rede\/","title":{"rendered":"CAMBRIDGE AUDIO MXN10 &#8211; Network Player com Bluetooth, Airplay 2, Chromecast, DAC integrado e pronto para Roon"},"content":{"rendered":"<div>\n<p>M\u00f3dulo StreamMagic Gen 4 \u2013 recupera\u00e7\u00e3o r\u00e1pida de m\u00fasica e som de alta qualidade<\/p>\n<p>ESS SABRE ES9033Q DAC \u2013 para os mais recentes recursos de streaming<\/p>\n<p>R\u00e1dio Internet de alta qualidade \u2013 usando suporte MPEG-DASH<\/p>\n<p>Spotify Connect, TIDAL e Qobuz integrados \u2013 para o melhor som poss\u00edvel<\/p>\n<p>Roon Ready \u2013 navega\u00e7\u00e3o consolidada simples de fontes de m\u00fasica digital<\/p>\n<p>Op\u00e7\u00e3o de conectividade \u2013 reprodu\u00e7\u00e3o USB, Bluetooth 5.0, Airplay 2 e Chromecast integrado<\/p>\n<p>Op\u00e7\u00e3o de Sa\u00edda \u2013 RCA\/phono plus, digital coaxial e conex\u00f5es \u00f3pticas<\/p>\n<p>Pegada compacta de meia largura &#8211; para posicionamento flex\u00edvel<\/p>\n<p><strong>Tamanho compacto, escolha massiva\u00a0<\/strong><\/p>\n<p>Nosso reprodutor de rede MXN10 pode trazer o mundo da m\u00fasica de alta resolu\u00e7\u00e3o para configura\u00e7\u00f5es hi-fi muito apreciadas e outros sistemas de \u00e1udio. Seu tamanho compacto de meia largura oferece flexibilidade de posicionamento. O MXN10 pode acessar m\u00fasica gratuita, incluindo r\u00e1dio na Internet, bem como servi\u00e7os de assinatura &#8211; muitos dos quais oferecem testes gratuitos, ent\u00e3o voc\u00ea logo encontrar\u00e1 seu parceiro de streaming perfeito. O MXN10 tamb\u00e9m pode reproduzir m\u00fasicas de alta resolu\u00e7\u00e3o de unidades USB e NAS. Isso \u00e9 m\u00fasica digital de fontes ilimitadas roteadas por uma unidade compacta &#8211; tudo convenientemente controlado com nosso aplicativo StreamMagic do seu celular.<\/p>\n<p><strong>Uma d\u00e9cada de streaming destilada\u00a0<\/strong><\/p>\n<p>Nosso mais recente m\u00f3dulo e software StreamMagic Gen 4 capacita o MXN10. \u00c9 um sistema que n\u00f3s mesmos desenvolvemos em Londres para som hi-fi sem concess\u00f5es e desempenho de streaming s\u00f3lido. \u00c9 intuitivo de usar e pode reproduzir m\u00fasica com uma incr\u00edvel resolu\u00e7\u00e3o PCM de 768 KHz 32 bits ou DSD512 &#8211; para manter o ouvinte mais exigente satisfeito.<\/p>\n<p><strong>Conecte-se<\/strong><\/p>\n<p>Vire o MXN10 para ver um par de sa\u00eddas fono RCA anal\u00f3gicas, sa\u00edda digital coaxial e \u00f3ptica, entrada USB, um par de soquetes de antena wi-fi para conex\u00e3o de rede sem fio &#8211; ou uma entrada de cabo LAN, se preferir.<\/p>\n<p>&nbsp;<\/p>\n<\/div>\n<div><\/div>\n<div><\/div>\n<div><a href=\"https:\/\/www-whathifi-com.translate.goog\/reviews\/cambridge-audio-mxn10?_x_tr_sl=en&amp;_x_tr_tl=pt&amp;_x_tr_hl=pt&amp;_x_tr_pto=tc\" target=\"_blank\" rel=\"noopener\"><img loading=\"lazy\" decoding=\"async\" class=\"alignnone wp-image-21976\" src=\"https:\/\/hificlub.com.br\/loja\/wp-content\/uploads\/2025\/05\/what-hifi-awards-1.png\" alt=\"\" width=\"239\" height=\"121\" srcset=\"https:\/\/hificlub.com.br\/loja\/wp-content\/uploads\/2025\/05\/what-hifi-awards-1.png 316w, https:\/\/hificlub.com.br\/loja\/wp-content\/uploads\/2025\/05\/what-hifi-awards-1-300x152.png 300w\" sizes=\"auto, (max-width: 239px) 100vw, 239px\" \/><\/a><\/div>\n","protected":false},"excerpt":{"rendered":"<p>M\u00f3dulo StreamMagic Gen 4 \u2013 recupera\u00e7\u00e3o r\u00e1pida de m\u00fasica e som de alta qualidade ESS SABRE ES9033Q DAC \u2013 para os mais recentes recursos de streaming R\u00e1dio Internet de alta qualidade \u2013 usando suporte MPEG-DASH Spotify Connect, TIDAL e Qobuz integrados \u2013 para o melhor som poss\u00edvel Roon Ready \u2013 navega\u00e7\u00e3o consolidada simples de fontes [&hellip;]<\/p>\n","protected":false},"featured_media":26213,"template":"","meta":{"_acf_changed":false},"product_brand":[],"product_cat":[41,142],"product_tag":[],"class_list":{"0":"post-23689","1":"product","2":"type-product","3":"status-publish","4":"has-post-thumbnail","6":"product_cat-digital","7":"product_cat-streamers","9":"first","10":"outofstock","11":"sold-individually","12":"shipping-taxable","13":"purchasable","14":"product-type-simple"},"acf":[],"aioseo_notices":[],"_links":{"self":[{"href":"https:\/\/hificlub.com.br\/loja\/wp-json\/wp\/v2\/product\/23689","targetHints":{"allow":["GET"]}}],"collection":[{"href":"https:\/\/hificlub.com.br\/loja\/wp-json\/wp\/v2\/product"}],"about":[{"href":"https:\/\/hificlub.com.br\/loja\/wp-json\/wp\/v2\/types\/product"}],"wp:featuredmedia":[{"embeddable":true,"href":"https:\/\/hificlub.com.br\/loja\/wp-json\/wp\/v2\/media\/26213"}],"wp:attachment":[{"href":"https:\/\/hificlub.com.br\/loja\/wp-json\/wp\/v2\/media?parent=23689"}],"wp:term":[{"taxonomy":"product_brand","embeddable":true,"href":"https:\/\/hificlub.com.br\/loja\/wp-json\/wp\/v2\/product_brand?post=23689"},{"taxonomy":"product_cat","embeddable":true,"href":"https:\/\/hificlub.com.br\/loja\/wp-json\/wp\/v2\/product_cat?post=23689"},{"taxonomy":"product_tag","embeddable":true,"href":"https:\/\/hificlub.com.br\/loja\/wp-json\/wp\/v2\/product_tag?post=23689"}],"curies":[{"name":"wp","href":"https:\/\/api.w.org\/{rel}","templated":true}]}}