{"id":23677,"date":"2025-07-01T11:51:12","date_gmt":"2025-07-01T14:51:12","guid":{"rendered":"https:\/\/hificlub.com.br\/loja\/?post_type=product&#038;p=23677"},"modified":"2025-07-01T11:52:06","modified_gmt":"2025-07-01T14:52:06","slug":"audioquest-nrg1-cabo-de-forca-18m","status":"publish","type":"product","link":"https:\/\/hificlub.com.br\/loja\/produto\/audioquest-nrg1-cabo-de-forca-18m\/","title":{"rendered":"AUDIOQUEST NRG1 &#8211; Cabo de For\u00e7a &#8211; 1,8m"},"content":{"rendered":"<p>O cabo de for\u00e7a AudioQuest NRG-1 \u00e9 um cabo de \u00e1udio projetado para melhorar a qualidade do som, reduzindo ru\u00eddos e interfer\u00eancias na transmiss\u00e3o de energia para seus equipamentos. Ele utiliza tecnologias como o cobre de gr\u00e3o longo (LGC) e a constru\u00e7\u00e3o conc\u00eantrica semi-s\u00f3lida para minimizar a distor\u00e7\u00e3o e melhorar a clareza sonora.<\/p>\n<div class=\"WaaZC\">\n<div class=\"RJPOee EIJn2\"><\/div>\n<\/div>\n<div class=\"WaaZC\">\n<div class=\"RJPOee EIJn2\">\n<p><strong>Benef\u00edcios<\/strong>:<\/p>\n<div class=\"WaaZC\">\n<div class=\"RJPOee EIJn2\">\n<div class=\"zMgcWd dSKvsb\" data-il=\"\">\n<div data-crb-p=\"\">\n<div class=\"xFTqob\">\n<div class=\"Gur8Ad\"><span data-huuid=\"9275662055480139465\"><strong>Som mais limpo e detalhado:<\/strong><\/span><\/div>\n<div class=\"vM0jzc\"><span data-huuid=\"9275662055480137916\">A redu\u00e7\u00e3o de ru\u00eddo e a melhor transmiss\u00e3o de sinal resultam em uma experi\u00eancia sonora mais clara e detalhada.<\/span><\/div>\n<\/div>\n<\/div>\n<\/div>\n<div class=\"zMgcWd dSKvsb\" data-il=\"\">\n<div data-crb-p=\"\">\n<div class=\"xFTqob\">\n<div class=\"Gur8Ad\"><span data-huuid=\"9275662055480138914\"><strong>Palco sonoro mais amplo e graves mais precisos:<\/strong><\/span><\/div>\n<div class=\"vM0jzc\"><span data-huuid=\"9275662055480137365\">A tecnologia empregada no cabo ajuda a expandir o palco sonoro e a melhorar a resposta dos graves.<\/span><\/div>\n<\/div>\n<\/div>\n<\/div>\n<div class=\"zMgcWd dSKvsb\" data-il=\"\">\n<div data-crb-p=\"\">\n<div class=\"xFTqob\">\n<div class=\"Gur8Ad\"><span data-huuid=\"9275662055480138363\"><strong>Melhora o desempenho do sistema de \u00e1udio\/v\u00eddeo:<\/strong><\/span><\/div>\n<div class=\"vM0jzc\"><span data-huuid=\"9275662055480136814\">Reduz a interfer\u00eancia, permitindo que os componentes do sistema funcionem de forma mais eficiente.<span class=\"pjBG2e\" data-cid=\"fd7f33c7-1470-4a9a-96c9-95681a9d7015\"><span class=\"UV3uM\">\u00a0<\/span><\/span><\/span><\/div>\n<\/div>\n<\/div>\n<\/div>\n<\/div>\n<\/div>\n<\/div>\n<\/div>\n","protected":false},"excerpt":{"rendered":"<p>O cabo de for\u00e7a AudioQuest NRG-1 \u00e9 um cabo de \u00e1udio projetado para melhorar a qualidade do som, reduzindo ru\u00eddos e interfer\u00eancias na transmiss\u00e3o de energia para seus equipamentos. Ele utiliza tecnologias como o cobre de gr\u00e3o longo (LGC) e a constru\u00e7\u00e3o conc\u00eantrica semi-s\u00f3lida para minimizar a distor\u00e7\u00e3o e melhorar a clareza sonora. Benef\u00edcios: Som [&hellip;]<\/p>\n","protected":false},"featured_media":23678,"template":"","meta":{"_acf_changed":false},"product_brand":[],"product_cat":[68,61,67],"product_tag":[],"class_list":{"0":"post-23677","1":"product","2":"type-product","3":"status-publish","4":"has-post-thumbnail","6":"product_cat-audioquest","7":"product_cat-cabos","8":"product_cat-forca","10":"first","11":"instock","12":"sold-individually","13":"shipping-taxable","14":"purchasable","15":"product-type-simple"},"acf":[],"aioseo_notices":[],"_links":{"self":[{"href":"https:\/\/hificlub.com.br\/loja\/wp-json\/wp\/v2\/product\/23677","targetHints":{"allow":["GET"]}}],"collection":[{"href":"https:\/\/hificlub.com.br\/loja\/wp-json\/wp\/v2\/product"}],"about":[{"href":"https:\/\/hificlub.com.br\/loja\/wp-json\/wp\/v2\/types\/product"}],"wp:featuredmedia":[{"embeddable":true,"href":"https:\/\/hificlub.com.br\/loja\/wp-json\/wp\/v2\/media\/23678"}],"wp:attachment":[{"href":"https:\/\/hificlub.com.br\/loja\/wp-json\/wp\/v2\/media?parent=23677"}],"wp:term":[{"taxonomy":"product_brand","embeddable":true,"href":"https:\/\/hificlub.com.br\/loja\/wp-json\/wp\/v2\/product_brand?post=23677"},{"taxonomy":"product_cat","embeddable":true,"href":"https:\/\/hificlub.com.br\/loja\/wp-json\/wp\/v2\/product_cat?post=23677"},{"taxonomy":"product_tag","embeddable":true,"href":"https:\/\/hificlub.com.br\/loja\/wp-json\/wp\/v2\/product_tag?post=23677"}],"curies":[{"name":"wp","href":"https:\/\/api.w.org\/{rel}","templated":true}]}}