{"id":23673,"date":"2025-07-01T11:07:52","date_gmt":"2025-07-01T14:07:52","guid":{"rendered":"https:\/\/hificlub.com.br\/loja\/?post_type=product&#038;p=23673"},"modified":"2025-07-01T11:09:13","modified_gmt":"2025-07-01T14:09:13","slug":"kimber-pjb-cabo-y-subwoofer-mono-2m","status":"publish","type":"product","link":"https:\/\/hificlub.com.br\/loja\/produto\/kimber-pjb-cabo-y-subwoofer-mono-2m\/","title":{"rendered":"KIMBER PJB &#8211; Cabo Y Subwoofer Mono &#8211; 2m"},"content":{"rendered":"<p>A altamente aclamada interconex\u00e3o PBJ exibe uma constru\u00e7\u00e3o simples e elegante, incorporando geometria de campo tri-tran\u00e7ada comprovada, VariStrand\u2122, condutores de cobre hiperpuro e diel\u00e9trico de fluorocarbono extrudado. O PBJ se tornou um cl\u00e1ssico com desempenho que continua incompar\u00e1vel aos cabos concorrentes. Tonalmente equilibrado com agudos n\u00edtidos e articulados, m\u00e9dios precisos, graves estendidos e precisos e palco sonoro tridimensional s\u00e3o descri\u00e7\u00f5es comuns repetidas por cr\u00edticos surpresos e clientes satisfeitos. PBJ de termina\u00e7\u00e3o \u00fanica apresenta nosso conector tipo RCA Ultraplate\u2122. Conectores do tipo WBT\u00ae RCA tamb\u00e9m est\u00e3o dispon\u00edveis. PBJ Balanced possui conectores tipo XLR de &#8220;n\u00edvel de est\u00fadio&#8221; com contatos banhados a prata.<\/p>\n","protected":false},"excerpt":{"rendered":"<p>A altamente aclamada interconex\u00e3o PBJ exibe uma constru\u00e7\u00e3o simples e elegante, incorporando geometria de campo tri-tran\u00e7ada comprovada, VariStrand\u2122, condutores de cobre hiperpuro e diel\u00e9trico de fluorocarbono extrudado. O PBJ se tornou um cl\u00e1ssico com desempenho que continua incompar\u00e1vel aos cabos concorrentes. Tonalmente equilibrado com agudos n\u00edtidos e articulados, m\u00e9dios precisos, graves estendidos e precisos e [&hellip;]<\/p>\n","protected":false},"featured_media":23674,"template":"","meta":{"_acf_changed":false},"product_brand":[],"product_cat":[61,71,114],"product_tag":[],"class_list":{"0":"post-23673","1":"product","2":"type-product","3":"status-publish","4":"has-post-thumbnail","6":"product_cat-cabos","7":"product_cat-interconnect-rca","8":"product_cat-klipsch","10":"first","11":"instock","12":"sold-individually","13":"shipping-taxable","14":"purchasable","15":"product-type-simple"},"acf":[],"aioseo_notices":[],"_links":{"self":[{"href":"https:\/\/hificlub.com.br\/loja\/wp-json\/wp\/v2\/product\/23673","targetHints":{"allow":["GET"]}}],"collection":[{"href":"https:\/\/hificlub.com.br\/loja\/wp-json\/wp\/v2\/product"}],"about":[{"href":"https:\/\/hificlub.com.br\/loja\/wp-json\/wp\/v2\/types\/product"}],"wp:featuredmedia":[{"embeddable":true,"href":"https:\/\/hificlub.com.br\/loja\/wp-json\/wp\/v2\/media\/23674"}],"wp:attachment":[{"href":"https:\/\/hificlub.com.br\/loja\/wp-json\/wp\/v2\/media?parent=23673"}],"wp:term":[{"taxonomy":"product_brand","embeddable":true,"href":"https:\/\/hificlub.com.br\/loja\/wp-json\/wp\/v2\/product_brand?post=23673"},{"taxonomy":"product_cat","embeddable":true,"href":"https:\/\/hificlub.com.br\/loja\/wp-json\/wp\/v2\/product_cat?post=23673"},{"taxonomy":"product_tag","embeddable":true,"href":"https:\/\/hificlub.com.br\/loja\/wp-json\/wp\/v2\/product_tag?post=23673"}],"curies":[{"name":"wp","href":"https:\/\/api.w.org\/{rel}","templated":true}]}}