{"id":23663,"date":"2025-07-01T10:40:16","date_gmt":"2025-07-01T13:40:16","guid":{"rendered":"https:\/\/hificlub.com.br\/loja\/?post_type=product&#038;p=23663"},"modified":"2026-03-03T22:15:53","modified_gmt":"2026-03-04T01:15:53","slug":"kimber-timbre-ultraplate-cabo-rca-1m-2","status":"publish","type":"product","link":"https:\/\/hificlub.com.br\/loja\/produto\/kimber-timbre-ultraplate-cabo-rca-1m-2\/","title":{"rendered":"KIMBER TIMBRE ULTRAPLATE &#8211; Cabo RCA &#8211; 1m"},"content":{"rendered":"<div class=\"zMgcWd dSKvsb\" data-il=\"\">\n<div data-crb-p=\"\">\n<div class=\"xFTqob\">\n<div>\n<p>O KIMBER TIMBRE ULTRAPLATE \u00e9 um cabo de interconex\u00e3o anal\u00f3gica RCA da Kimber Kable.\u00a0Ele utiliza a geometria tran\u00e7ada de tr\u00eas fios, condutores de cobre VariStrand\u2122 e um diel\u00e9trico de Teflon\u00ae transparente para oferecer uma imagem sonora detalhada e realista, com foco preciso e uma sensa\u00e7\u00e3o de tridimensionalidade.\u00a0O Timbre \u00e9 conhecido por sua transpar\u00eancia, corpo e integridade harm\u00f4nica, caracter\u00edsticas que o tornam um cabo de alta qualidade.<\/p>\n<p><strong>Conectores Ultraplate\u2122:<\/strong><\/p>\n<p>O cabo utiliza conectores RCA Ultraplate\u2122 de alto desempenho.<\/p>\n<p><strong>Geometria tran\u00e7ada:<\/strong><\/p>\n<p>A geometria tran\u00e7ada de tr\u00eas fios da Kimber Kable \u00e9 um elemento chave para o desempenho sonoro do cabo.<\/p>\n<p><strong>Condutores Hyper-pure copper:<\/strong><\/p>\n<p>O uso de cobre puro VariStrand\u2122 nos condutores contribui para a clareza e detalhe do som.<\/p>\n<p><strong>Diel\u00e9trico de Teflon\u00ae:<\/strong><\/p>\n<p>O diel\u00e9trico de Teflon\u00ae garante a integridade do sinal e minimiza perdas.<\/p>\n<p>&nbsp;<\/p>\n<p><a href=\"https:\/\/www.techradar.com\/reviews\/audio-visual\/hi-fi-and-audio\/hi-fi-accessories\/kimber-timbre-463087\/review\" target=\"_blank\" rel=\"noopener\"><img loading=\"lazy\" decoding=\"async\" class=\"alignnone wp-image-23666 size-full\" src=\"https:\/\/hificlub.com.br\/loja\/wp-content\/uploads\/2025\/07\/Techradar-award.jpg\" alt=\"\" width=\"258\" height=\"93\" \/><\/a><\/p>\n<\/div>\n<\/div>\n<\/div>\n<\/div>\n","protected":false},"excerpt":{"rendered":"<p>O KIMBER TIMBRE ULTRAPLATE \u00e9 um cabo de interconex\u00e3o anal\u00f3gica RCA da Kimber Kable.\u00a0Ele utiliza a geometria tran\u00e7ada de tr\u00eas fios, condutores de cobre VariStrand\u2122 e um diel\u00e9trico de Teflon\u00ae transparente para oferecer uma imagem sonora detalhada e realista, com foco preciso e uma sensa\u00e7\u00e3o de tridimensionalidade.\u00a0O Timbre \u00e9 conhecido por sua transpar\u00eancia, corpo e [&hellip;]<\/p>\n","protected":false},"featured_media":23667,"template":"","meta":{"_acf_changed":false},"product_brand":[],"product_cat":[61,71,64],"product_tag":[],"class_list":{"0":"post-23663","1":"product","2":"type-product","3":"status-publish","4":"has-post-thumbnail","6":"product_cat-cabos","7":"product_cat-interconnect-rca","8":"product_cat-kimber","10":"first","11":"instock","12":"sold-individually","13":"shipping-taxable","14":"purchasable","15":"product-type-simple"},"acf":[],"aioseo_notices":[],"_links":{"self":[{"href":"https:\/\/hificlub.com.br\/loja\/wp-json\/wp\/v2\/product\/23663","targetHints":{"allow":["GET"]}}],"collection":[{"href":"https:\/\/hificlub.com.br\/loja\/wp-json\/wp\/v2\/product"}],"about":[{"href":"https:\/\/hificlub.com.br\/loja\/wp-json\/wp\/v2\/types\/product"}],"wp:featuredmedia":[{"embeddable":true,"href":"https:\/\/hificlub.com.br\/loja\/wp-json\/wp\/v2\/media\/23667"}],"wp:attachment":[{"href":"https:\/\/hificlub.com.br\/loja\/wp-json\/wp\/v2\/media?parent=23663"}],"wp:term":[{"taxonomy":"product_brand","embeddable":true,"href":"https:\/\/hificlub.com.br\/loja\/wp-json\/wp\/v2\/product_brand?post=23663"},{"taxonomy":"product_cat","embeddable":true,"href":"https:\/\/hificlub.com.br\/loja\/wp-json\/wp\/v2\/product_cat?post=23663"},{"taxonomy":"product_tag","embeddable":true,"href":"https:\/\/hificlub.com.br\/loja\/wp-json\/wp\/v2\/product_tag?post=23663"}],"curies":[{"name":"wp","href":"https:\/\/api.w.org\/{rel}","templated":true}]}}