{"id":23661,"date":"2025-07-01T10:32:58","date_gmt":"2025-07-01T13:32:58","guid":{"rendered":"https:\/\/hificlub.com.br\/loja\/?post_type=product&#038;p=23661"},"modified":"2025-07-01T12:17:08","modified_gmt":"2025-07-01T15:17:08","slug":"kimber-timbre-ultraplate-cabo-rca-1m","status":"publish","type":"product","link":"https:\/\/hificlub.com.br\/loja\/produto\/kimber-timbre-ultraplate-cabo-rca-1m\/","title":{"rendered":"KIMBER TIMBRE ULTRAPLATE &#8211; Cabo RCA &#8211; 1m"},"content":{"rendered":"<p><span data-huuid=\"2509368482706678059\">O KIMBER TIMBRE ULTRAPLATE \u00e9 um cabo de interconex\u00e3o anal\u00f3gica RCA da Kimber Kable.\u00a0<\/span><span data-huuid=\"2509368482706678038\">Ele utiliza a geometria tran\u00e7ada de tr\u00eas fios, condutores de cobre VariStrand\u2122 e um diel\u00e9trico de Teflon\u00ae transparente para oferecer uma imagem sonora detalhada e realista, com foco preciso e uma sensa\u00e7\u00e3o de tridimensionalidade.\u00a0<\/span><span data-huuid=\"2509368482706678017\">O Timbre \u00e9 conhecido por sua transpar\u00eancia, corpo e integridade harm\u00f4nica, caracter\u00edsticas que o tornam um cabo de alta qualidade.<span class=\"pjBG2e\" data-cid=\"2baf9800-3eb0-4cce-a11b-5a9504904a1b\"><span class=\"UV3uM\">\u00a0<\/span><\/span><\/span><\/p>\n<ul data-hveid=\"CC8QAQ\" data-ved=\"2ahUKEwjgq-HL4ZuOAxXyHrkGHUZTM0AQm_YKegQILxAB\">\n<li class=\"K3KsMc\">\n<div class=\"zMgcWd dSKvsb\" data-il=\"\">\n<div data-crb-p=\"\">\n<div class=\"xFTqob\">\n<div class=\"Gur8Ad\"><span data-huuid=\"1295073464145881433\"><strong>Conectores Ultraplate\u2122:<\/strong><\/span><\/div>\n<div class=\"vM0jzc\">\n<p><span data-huuid=\"1295073464145882658\">O cabo utiliza conectores RCA Ultraplate\u2122 de alto desempenho.<span class=\"pjBG2e\" data-cid=\"af1b0575-372b-4801-9eda-14bcc5c3fa50\"><span class=\"UV3uM\">\u00a0<\/span><\/span><\/span><\/p>\n<div class=\"NPrrbc\" data-cid=\"af1b0575-372b-4801-9eda-14bcc5c3fa50\" data-uuids=\"1295073464145881433,1295073464145882658\">\n<div class=\"BMebGe btku5b fCrZyc LwdV0e FR7ZSc OJeuxf\" role=\"button\" aria-label=\"Mostrar links relacionados\" data-hveid=\"CCEQAQ\" data-ved=\"2ahUKEwjgq-HL4ZuOAxXyHrkGHUZTM0AQ3fYKegQIIRAB\">\n<div class=\"niO4u\">\n<div class=\"kHtcsd\"><\/div>\n<\/div>\n<\/div>\n<\/div>\n<\/div>\n<\/div>\n<\/div>\n<\/div>\n<\/li>\n<li class=\"K3KsMc\">\n<div class=\"zMgcWd dSKvsb\" data-il=\"\">\n<div data-crb-p=\"\">\n<div class=\"xFTqob\">\n<div class=\"Gur8Ad\"><span data-huuid=\"1295073464145881012\"><strong>Geometria tran\u00e7ada:<\/strong><\/span><\/div>\n<div class=\"vM0jzc\">\n<p><span data-huuid=\"1295073464145882237\">A geometria tran\u00e7ada de tr\u00eas fios da Kimber Kable \u00e9 um elemento chave para o desempenho sonoro do cabo.<span class=\"pjBG2e\" data-cid=\"70fe8021-7de7-4777-a649-20e63995356c\"><span class=\"UV3uM\">\u00a0<\/span><\/span><\/span><\/p>\n<div class=\"NPrrbc\" data-cid=\"70fe8021-7de7-4777-a649-20e63995356c\" data-uuids=\"1295073464145881012,1295073464145882237\">\n<div class=\"BMebGe btku5b fCrZyc LwdV0e FR7ZSc OJeuxf\" role=\"button\" aria-label=\"Mostrar links relacionados\" data-hveid=\"CCAQAQ\" data-ved=\"2ahUKEwjgq-HL4ZuOAxXyHrkGHUZTM0AQ3fYKegQIIBAB\">\n<div class=\"niO4u\">\n<div class=\"kHtcsd\"><\/div>\n<\/div>\n<\/div>\n<\/div>\n<\/div>\n<\/div>\n<\/div>\n<\/div>\n<\/li>\n<li class=\"K3KsMc\">\n<div class=\"zMgcWd dSKvsb\" data-il=\"\">\n<div data-crb-p=\"\">\n<div class=\"xFTqob\">\n<div class=\"Gur8Ad\"><span data-huuid=\"1295073464145880591\"><strong>Condutores Hyper-pure copper:<\/strong><\/span><\/div>\n<div class=\"vM0jzc\">\n<p><span data-huuid=\"1295073464145881816\">O uso de cobre puro VariStrand\u2122 nos condutores contribui para a clareza e detalhe do som.<span class=\"pjBG2e\" data-cid=\"6937734c-99ac-447d-933f-3f1d65b38bb9\"><span class=\"UV3uM\">\u00a0<\/span><\/span><\/span><\/p>\n<div class=\"NPrrbc\" data-cid=\"6937734c-99ac-447d-933f-3f1d65b38bb9\" data-uuids=\"1295073464145880591,1295073464145881816\">\n<div class=\"BMebGe btku5b fCrZyc LwdV0e FR7ZSc OJeuxf\" role=\"button\" aria-label=\"Mostrar links relacionados\" data-hveid=\"CB0QAQ\" data-ved=\"2ahUKEwjgq-HL4ZuOAxXyHrkGHUZTM0AQ3fYKegQIHRAB\">\n<div class=\"niO4u\">\n<div class=\"kHtcsd\"><\/div>\n<\/div>\n<\/div>\n<\/div>\n<\/div>\n<\/div>\n<\/div>\n<\/div>\n<\/li>\n<li class=\"K3KsMc\">\n<div class=\"zMgcWd dSKvsb\" data-il=\"\">\n<div data-crb-p=\"\">\n<div class=\"xFTqob\">\n<div class=\"Gur8Ad\"><span data-huuid=\"1295073464145880170\"><strong>Diel\u00e9trico de Teflon\u00ae:<\/strong><\/span><\/div>\n<div class=\"vM0jzc\"><span data-huuid=\"1295073464145881395\">O diel\u00e9trico de Teflon\u00ae garante a integridade do sinal e minimiza perdas.<span class=\"pjBG2e\" data-cid=\"a23d1bab-b81b-4981-a5b5-43fe6e306a55\"><span class=\"UV3uM\">\u00a0<\/span><\/span><\/span><\/div>\n<\/div>\n<\/div>\n<\/div>\n<\/li>\n<\/ul>\n","protected":false},"excerpt":{"rendered":"<p>O KIMBER TIMBRE ULTRAPLATE \u00e9 um cabo de interconex\u00e3o anal\u00f3gica RCA da Kimber Kable.\u00a0Ele utiliza a geometria tran\u00e7ada de tr\u00eas fios, condutores de cobre VariStrand\u2122 e um diel\u00e9trico de Teflon\u00ae transparente para oferecer uma imagem sonora detalhada e realista, com foco preciso e uma sensa\u00e7\u00e3o de tridimensionalidade.\u00a0O Timbre \u00e9 conhecido por sua transpar\u00eancia, corpo e [&hellip;]<\/p>\n","protected":false},"featured_media":23684,"template":"","meta":{"_acf_changed":false},"product_brand":[],"product_cat":[61,71,64],"product_tag":[],"class_list":{"0":"post-23661","1":"product","2":"type-product","3":"status-publish","4":"has-post-thumbnail","6":"product_cat-cabos","7":"product_cat-interconnect-rca","8":"product_cat-kimber","10":"first","11":"instock","12":"sold-individually","13":"shipping-taxable","14":"purchasable","15":"product-type-simple"},"acf":[],"aioseo_notices":[],"_links":{"self":[{"href":"https:\/\/hificlub.com.br\/loja\/wp-json\/wp\/v2\/product\/23661","targetHints":{"allow":["GET"]}}],"collection":[{"href":"https:\/\/hificlub.com.br\/loja\/wp-json\/wp\/v2\/product"}],"about":[{"href":"https:\/\/hificlub.com.br\/loja\/wp-json\/wp\/v2\/types\/product"}],"wp:featuredmedia":[{"embeddable":true,"href":"https:\/\/hificlub.com.br\/loja\/wp-json\/wp\/v2\/media\/23684"}],"wp:attachment":[{"href":"https:\/\/hificlub.com.br\/loja\/wp-json\/wp\/v2\/media?parent=23661"}],"wp:term":[{"taxonomy":"product_brand","embeddable":true,"href":"https:\/\/hificlub.com.br\/loja\/wp-json\/wp\/v2\/product_brand?post=23661"},{"taxonomy":"product_cat","embeddable":true,"href":"https:\/\/hificlub.com.br\/loja\/wp-json\/wp\/v2\/product_cat?post=23661"},{"taxonomy":"product_tag","embeddable":true,"href":"https:\/\/hificlub.com.br\/loja\/wp-json\/wp\/v2\/product_tag?post=23661"}],"curies":[{"name":"wp","href":"https:\/\/api.w.org\/{rel}","templated":true}]}}